{"id":2526,"date":"2021-01-28T05:48:36","date_gmt":"2021-01-28T02:48:36","guid":{"rendered":"https:\/\/www.senemasli.com\/%d1%81%d0%b2%d1%8f%d0%b7%d0%b0%d1%82%d1%8c%d1%81%d1%8f-%d1%81-%d0%bd%d0%b0%d0%bc%d0%b8\/"},"modified":"2021-04-11T17:56:17","modified_gmt":"2021-04-11T14:56:17","slug":"%d1%81%d0%b2%d1%8f%d0%b7%d0%b0%d1%82%d1%8c%d1%81%d1%8f-%d1%81-%d0%bd%d0%b0%d0%bc%d0%b8","status":"publish","type":"page","link":"https:\/\/www.senemasli.com\/ru\/%d1%81%d0%b2%d1%8f%d0%b7%d0%b0%d1%82%d1%8c%d1%81%d1%8f-%d1%81-%d0%bd%d0%b0%d0%bc%d0%b8\/","title":{"rendered":"\u0421\u0432\u044f\u0437\u0430\u0442\u044c\u0441\u044f \u0441 \u043d\u0430\u043c\u0438"},"content":{"rendered":"<p>[vc_row css=&#187;.vc_custom_1443297815351{margin-bottom: 20px !important;}&#187;][vc_column width=&#187;5\/12&#8243; css=&#187;.vc_custom_1443298021925{margin-bottom: 30px !important;}&#187; offset=&#187;vc_col-lg-4 vc_col-md-4&#8243;][stm_contacts_widget style=&#187;style_3&#8243; address=&#187;Konac\u0131k Mahallesi Kanuni Sultan S\u00fcleyman Cad. No 57\/A-3 (Sat\u0131o\u011flu \u0130\u015f Merkezi) Bodrum \/ Mu\u011fla, T\u00fcrkiye&#187; email=&#187;info@senemasli.com&#187; phone=&#187;+90 252 317 29 79 +90 530 052 50 48&#8243; hours=&#187;Pzt &#8212; Cmt 10.00 &#8212; 18.00 Pazar KAPALI&#187;][\/vc_column][vc_column width=&#187;7\/12&#8243; css=&#187;.vc_custom_1443298031143{margin-bottom: 30px !important;}&#187; offset=&#187;vc_col-lg-8 vc_col-md-8&#8243;][vc_raw_html]JTNDZGl2JTIwc3R5bGUlM0QlMjJwb3NpdGlvbiUzQXJlbGF0aXZlJTNCJTIyJTNFJTNDaWZyYW1lJTIwc3JjJTNEJTIyaHR0cHMlM0ElMkYlMkZ3d3cuZ29vZ2xlLmNvbSUyRm1hcHMlMkZlbWJlZCUzRnBiJTNEJTIxMW0xOCUyMTFtMTIlMjExbTMlMjExZDE1OTIuMjM0MjY0ODY0ODk4MyUyMTJkMjcuMzkwNjEyODA1MTgzNzglMjEzZDM3LjA0NjMxNjU0ODc4NDk4NiUyMTJtMyUyMTFmMCUyMTJmMCUyMTNmMCUyMTNtMiUyMTFpMTAyNCUyMTJpNzY4JTIxNGYxMy4xJTIxM20zJTIxMW0yJTIxMXMweDE0YmU2ZGZiOTBjOGE5MTElMjUzQTB4ZmYyODc5YjdmMDQwNjQ0MiUyMTJ6VTBGVVNVX0Vua3hWSU1Td3haOGdUV1Z5YTJWNmFRJTIxNWUwJTIxM20yJTIxMXN0ciUyMTJzdHIlMjE0djE2MTgxNTAwNzg3OTAlMjE1bTIlMjExc3RyJTIxMnN0ciUyMiUyMHdpZHRoJTNEJTIyMTAwJTI1JTIyJTIwaGVpZ2h0JTNEJTIyNTAwJTIyJTIwc3R5bGUlM0QlMjJib3JkZXIlM0EwJTNCJTIyJTIwYWxsb3dmdWxsc2NyZWVuJTNEJTIyJTIyJTIwbG9hZGluZyUzRCUyMmxhenklMjIlM0UlM0MlMkZpZnJhbWUlM0UlM0NhJTIwaHJlZiUzRCUyMmh0dHBzJTNBJTJGJTJGd3d3Lmdvb2dsZS5jb20lMkZtYXBzJTJGZGlyJTJGJTJGS29uYWMlMjVDNCUyNUIxayUyQyUyQlNBVElPJTI1QzQlMjU5RUxVJTJCJTI1QzQlMjVCMCUyNUM1JTI1OUYlMkJNZXJrZXppJTJDJTJCS2FudW5pJTJCU3VsdGFuJTJCUyUyNUMzJTI1QkNsZXltYW4lMkJDZC4lMkJObyUzQTU3JTJDJTJCNDg0NzAlMkJCb2RydW0lMjUyRk11JTI1QzQlMjU5RmxhJTJGJTQwMzcuMDQ2NTA3JTJDMjcuMzkxNTAzJTJDMTd6JTJGZGF0YSUzRCUyMTRtOCUyMTRtNyUyMTFtMCUyMTFtNSUyMTFtMSUyMTFzMHgxNGJlNmRmYjkwYzhhOTExJTNBMHhmZjI4NzliN2YwNDA2NDQyJTIxMm0yJTIxMWQyNy4zOTE0OTgzJTIxMmQzNy4wNDY0OTk1JTNGaGwlM0R0ciUyMiUyMHRhcmdldCUzRCUyMl9ibGFuayUyMiUyMHN0eWxlJTNEJTIycG9zaXRpb24lM0FhYnNvbHV0ZSUzQiUyMHRvcCUzQTAlM0IlMjBsZWZ0JTNBMCUzQiUyMGRpc3BsYXklM0FpbmxpbmUtYmxvY2slM0IlMjB3aWR0aCUzQTEwMCUyNSUzQiUyMGhlaWdodCUzQTUwMHB4JTNCJTIwei1pbmRleCUzQTUlM0IlMjIlM0UlM0MlMkZhJTNFJTNDJTJGZGl2JTNF[\/vc_raw_html][\/vc_column][\/vc_row][vc_row][vc_column][vc_custom_heading text=&#187;\u0424\u043e\u0440\u043c\u0430 \u043e\u0431\u0440\u0430\u0442\u043d\u043e\u0439 \u0441\u0432\u044f\u0437\u0438&#187; font_container=&#187;tag:h3|text_align:left|color:%234c4c4c&#187; use_theme_fonts=&#187;yes&#187; css=&#187;.vc_custom_1610042691710{margin-bottom: 30px !important;}&#187;]\n<div class=\"wpcf7 no-js\" id=\"wpcf7-f2512-o1\" lang=\"ru-RU\" dir=\"ltr\" data-wpcf7-id=\"2512\">\n<div class=\"screen-reader-response\"><p role=\"status\" aria-live=\"polite\" aria-atomic=\"true\"><\/p> <ul><\/ul><\/div>\n<form action=\"\/ru\/wp-json\/wp\/v2\/pages\/2526#wpcf7-f2512-o1\" method=\"post\" class=\"wpcf7-form init\" aria-label=\"\u041a\u043e\u043d\u0442\u0430\u043a\u0442\u043d\u0430\u044f \u0444\u043e\u0440\u043c\u0430\" novalidate=\"novalidate\" data-status=\"init\">\n<div style=\"display: none;\">\n<input type=\"hidden\" name=\"_wpcf7\" value=\"2512\" \/>\n<input type=\"hidden\" name=\"_wpcf7_version\" value=\"6.0.3\" \/>\n<input type=\"hidden\" name=\"_wpcf7_locale\" value=\"ru_RU\" \/>\n<input type=\"hidden\" name=\"_wpcf7_unit_tag\" value=\"wpcf7-f2512-o1\" \/>\n<input type=\"hidden\" name=\"_wpcf7_container_post\" value=\"0\" \/>\n<input type=\"hidden\" name=\"_wpcf7_posted_data_hash\" value=\"\" \/>\n<input type=\"hidden\" name=\"_wpcf7_recaptcha_response\" value=\"\" \/>\n<\/div>\n<div class=\"row\">\n\t<div class=\"col-lg-5 col-md-5 col-sm-12 col-xs-12\">\n\t\t<div class=\"input-group\">\n\t\t\t<p><span class=\"wpcf7-form-control-wrap\" data-name=\"your-name\"><input size=\"40\" maxlength=\"400\" class=\"wpcf7-form-control wpcf7-text wpcf7-validates-as-required\" aria-required=\"true\" aria-invalid=\"false\" placeholder=\"\u0412\u0430\u0448\u0435 \u0438\u043c\u044f \u0444\u0430\u043c\u0438\u043b\u0438\u044f\" value=\"\" type=\"text\" name=\"your-name\" \/><\/span><span class=\"input-addon\"><i class=\"stm-icon-man\"><\/i><\/span>\n\t\t\t<\/p>\n\t\t<\/div>\n\t\t<div class=\"input-group\">\n\t\t\t<p><span class=\"wpcf7-form-control-wrap\" data-name=\"your-email\"><input size=\"40\" maxlength=\"400\" class=\"wpcf7-form-control wpcf7-email wpcf7-validates-as-required wpcf7-text wpcf7-validates-as-email\" aria-required=\"true\" aria-invalid=\"false\" placeholder=\"\u042d\u043b. \u0430\u0434\u0440\u0435\u0441\" value=\"\" type=\"email\" name=\"your-email\" \/><\/span><span class=\"input-addon\"><i class=\"fa fa-envelope-o\"><\/i><\/span>\n\t\t\t<\/p>\n\t\t<\/div>\n\t\t<div class=\"input-group\">\n\t\t\t<p><span class=\"wpcf7-form-control-wrap\" data-name=\"telefon\"><input size=\"40\" maxlength=\"400\" class=\"wpcf7-form-control wpcf7-tel wpcf7-validates-as-required wpcf7-text wpcf7-validates-as-tel\" aria-required=\"true\" aria-invalid=\"false\" placeholder=\"\u041c\u043e\u0431\u0438\u043b\u044c\u043d\u044b\u0439 \u0442\u0435\u043b\u0435\u0444\u043e\u043d\" value=\"\" type=\"tel\" name=\"telefon\" \/><\/span><span class=\"input-addon\"><i class=\"fa fa-phone\"><\/i><\/span>\n\t\t\t<\/p>\n\t\t<\/div>\n\t<\/div>\n\t<div class=\"col-lg-7 col-md-7 col-sm-12 col-xs-12\">\n\t\t<div class=\"input-group no-bordered\">\n\t\t\t<p><span class=\"wpcf7-form-control-wrap\" data-name=\"message\"><textarea cols=\"40\" rows=\"10\" maxlength=\"2000\" class=\"wpcf7-form-control wpcf7-textarea wpcf7-validates-as-required feedback\" aria-required=\"true\" aria-invalid=\"false\" placeholder=\"\u0422\u0432\u043e\u0435 \u0441\u043e\u043e\u0431\u0449\u0435\u043d\u0438\u0435\" name=\"message\"><\/textarea><\/span>\n\t\t\t<\/p>\n\t\t<\/div>\n\t<\/div>\n<\/div>\n<p><input class=\"wpcf7-form-control wpcf7-submit has-spinner button square\" type=\"submit\" value=\"\u0420\u0430\u0437\u043c\u0435\u0441\u0442\u0438\u0442\u044c\" \/><br \/>\n\n<\/p><p style=\"display: none !important;\" class=\"akismet-fields-container\" data-prefix=\"_wpcf7_ak_\"><label>&#916;<textarea name=\"_wpcf7_ak_hp_textarea\" cols=\"45\" rows=\"8\" maxlength=\"100\"><\/textarea><\/label><input type=\"hidden\" id=\"ak_js_1\" name=\"_wpcf7_ak_js\" value=\"9\"\/><script>document.getElementById( \"ak_js_1\" ).setAttribute( \"value\", ( new Date() ).getTime() );<\/script><\/p><div class=\"wpcf7-response-output\" aria-hidden=\"true\"><\/div>\n<\/form>\n<\/div>\n[\/vc_column][\/vc_row]<\/p>\n","protected":false},"excerpt":{"rendered":"<p>[vc_row css=&#187;.vc_custom_1443297815351{margin-bottom: 20px !important;}&#187;][vc_column width=&#187;5\/12&#8243; css=&#187;.vc_custom_1443298021925{margin-bottom: 30px !important;}&#187; offset=&#187;vc_col-lg-4 vc_col-md-4&#8243;][stm_contacts_widget style=&#187;style_3&#8243; address=&#187;Konac\u0131k Mahallesi Kanuni Sultan S\u00fcleyman Cad. No 57\/A-3 (Sat\u0131o\u011flu \u0130\u015f Merkezi) Bodrum \/ Mu\u011fla, T\u00fcrkiye&#187; email=&#187;info@senemasli.com&#187; phone=&#187;+90 252 317 29 79 +90 530 052 50 48&#8243; hours=&#187;Pzt &#8212; Cmt 10.00 &#8212; 18.00 Pazar KAPALI&#187;][\/vc_column][vc_column width=&#187;7\/12&#8243; css=&#187;.vc_custom_1443298031143{margin-bottom: 30px !important;}&#187; offset=&#187;vc_col-lg-8 vc_col-md-8&#8243;][vc_raw_html]JTNDZGl2JTIwc3R5bGUlM0QlMjJwb3NpdGlvbiUzQXJlbGF0aXZlJTNCJTIyJTNFJTNDaWZyYW1lJTIwc3JjJTNEJTIyaHR0cHMlM0ElMkYlMkZ3d3cuZ29vZ2xlLmNvbSUyRm1hcHMlMkZlbWJlZCUzRnBiJTNEJTIxMW0xOCUyMTFtMTIlMjExbTMlMjExZDE1OTIuMjM0MjY0ODY0ODk4MyUyMTJkMjcuMzkwNjEyODA1MTgzNzglMjEzZDM3LjA0NjMxNjU0ODc4NDk4NiUyMTJtMyUyMTFmMCUyMTJmMCUyMTNmMCUyMTNtMiUyMTFpMTAyNCUyMTJpNzY4JTIxNGYxMy4xJTIxM20zJTIxMW0yJTIxMXMweDE0YmU2ZGZiOTBjOGE5MTElMjUzQTB4ZmYyODc5YjdmMDQwNjQ0MiUyMTJ6VTBGVVNVX0Vua3hWSU1Td3haOGdUV1Z5YTJWNmFRJTIxNWUwJTIxM20yJTIxMXN0ciUyMTJzdHIlMjE0djE2MTgxNTAwNzg3OTAlMjE1bTIlMjExc3RyJTIxMnN0ciUyMiUyMHdpZHRoJTNEJTIyMTAwJTI1JTIyJTIwaGVpZ2h0JTNEJTIyNTAwJTIyJTIwc3R5bGUlM0QlMjJib3JkZXIlM0EwJTNCJTIyJTIwYWxsb3dmdWxsc2NyZWVuJTNEJTIyJTIyJTIwbG9hZGluZyUzRCUyMmxhenklMjIlM0UlM0MlMkZpZnJhbWUlM0UlM0NhJTIwaHJlZiUzRCUyMmh0dHBzJTNBJTJGJTJGd3d3Lmdvb2dsZS5jb20lMkZtYXBzJTJGZGlyJTJGJTJGS29uYWMlMjVDNCUyNUIxayUyQyUyQlNBVElPJTI1QzQlMjU5RUxVJTJCJTI1QzQlMjVCMCUyNUM1JTI1OUYlMkJNZXJrZXppJTJDJTJCS2FudW5pJTJCU3VsdGFuJTJCUyUyNUMzJTI1QkNsZXltYW4lMkJDZC4lMkJObyUzQTU3JTJDJTJCNDg0NzAlMkJCb2RydW0lMjUyRk11JTI1QzQlMjU5RmxhJTJGJTQwMzcuMDQ2NTA3JTJDMjcuMzkxNTAzJTJDMTd6JTJGZGF0YSUzRCUyMTRtOCUyMTRtNyUyMTFtMCUyMTFtNSUyMTFtMSUyMTFzMHgxNGJlNmRmYjkwYzhhOTExJTNBMHhmZjI4NzliN2YwNDA2NDQyJTIxMm0yJTIxMWQyNy4zOTE0OTgzJTIxMmQzNy4wNDY0OTk1JTNGaGwlM0R0ciUyMiUyMHRhcmdldCUzRCUyMl9ibGFuayUyMiUyMHN0eWxlJTNEJTIycG9zaXRpb24lM0FhYnNvbHV0ZSUzQiUyMHRvcCUzQTAlM0IlMjBsZWZ0JTNBMCUzQiUyMGRpc3BsYXklM0FpbmxpbmUtYmxvY2slM0IlMjB3aWR0aCUzQTEwMCUyNSUzQiUyMGhlaWdodCUzQTUwMHB4JTNCJTIwei1pbmRleCUzQTUlM0IlMjIlM0UlM0MlMkZhJTNFJTNDJTJGZGl2JTNF[\/vc_raw_html][\/vc_column][\/vc_row][vc_row][vc_column][vc_custom_heading text=&#187;\u0424\u043e\u0440\u043c\u0430 \u043e\u0431\u0440\u0430\u0442\u043d\u043e\u0439 \u0441\u0432\u044f\u0437\u0438&#187; font_container=&#187;tag:h3|text_align:left|color:%234c4c4c&#187;&#8230;<\/p>\n","protected":false},"author":1,"featured_media":0,"parent":0,"menu_order":0,"comment_status":"closed","ping_status":"closed","template":"","meta":{"footnotes":""},"class_list":["post-2526","page","type-page","status-publish","hentry"],"yoast_head":"<!-- This site is optimized with the Yoast SEO plugin v24.2 - https:\/\/yoast.com\/wordpress\/plugins\/seo\/ -->\n<title>\u0421\u0432\u044f\u0437\u0430\u0442\u044c\u0441\u044f \u0441 \u043d\u0430\u043c\u0438 - \u0437\u0443\u0431\u043d\u043e\u0439 \u0432\u0440\u0430\u0447 Senem Asl\u0131 Ek\u015fio\u011flu<\/title>\n<meta name=\"description\" content=\"\u0414\u0430\u043d\u0442\u0438\u0441\u0442 \u0421\u0435\u043d\u0435\u043c \u0410\u0441\u043b\u0438 \u042d\u043a\u0448\u0438\u043e\u0433\u043b\u0443. Konac\u0131k Mahallesi Kanuni Sultan S\u00fcleyman Cad. No 57\/A-3 (Sat\u0131o\u011flu \u0130\u015f Merkezi) Bodrum \/ Mu\u011fla \u0422\u0443\u0440\u0446\u0438\u044f\" \/>\n<meta name=\"robots\" content=\"index, follow, max-snippet:-1, max-image-preview:large, max-video-preview:-1\" \/>\n<link rel=\"canonical\" href=\"https:\/\/www.senemasli.com\/ru\/%d1%81%d0%b2%d1%8f%d0%b7%d0%b0%d1%82%d1%8c%d1%81%d1%8f-%d1%81-%d0%bd%d0%b0%d0%bc%d0%b8\/\" \/>\n<meta property=\"og:locale\" content=\"ru_RU\" \/>\n<meta property=\"og:type\" content=\"article\" \/>\n<meta property=\"og:title\" content=\"\u0421\u0432\u044f\u0437\u0430\u0442\u044c\u0441\u044f \u0441 \u043d\u0430\u043c\u0438 - \u0437\u0443\u0431\u043d\u043e\u0439 \u0432\u0440\u0430\u0447 Senem Asl\u0131 Ek\u015fio\u011flu\" \/>\n<meta property=\"og:description\" content=\"\u0414\u0430\u043d\u0442\u0438\u0441\u0442 \u0421\u0435\u043d\u0435\u043c \u0410\u0441\u043b\u0438 \u042d\u043a\u0448\u0438\u043e\u0433\u043b\u0443. Konac\u0131k Mahallesi Kanuni Sultan S\u00fcleyman Cad. No 57\/A-3 (Sat\u0131o\u011flu \u0130\u015f Merkezi) Bodrum \/ Mu\u011fla \u0422\u0443\u0440\u0446\u0438\u044f\" \/>\n<meta property=\"og:url\" content=\"https:\/\/www.senemasli.com\/ru\/%d1%81%d0%b2%d1%8f%d0%b7%d0%b0%d1%82%d1%8c%d1%81%d1%8f-%d1%81-%d0%bd%d0%b0%d0%bc%d0%b8\/\" \/>\n<meta property=\"og:site_name\" content=\"\u0437\u0443\u0431\u043d\u043e\u0439 \u0432\u0440\u0430\u0447 Senem Asl\u0131 Ek\u015fio\u011flu\" \/>\n<meta property=\"article:publisher\" content=\"https:\/\/www.facebook.com\/D%c4%b0%c5%9e-HEK%c4%b0M%c4%b0-SENEM-ASLI-EK%c5%9e%c4%b0O%c4%9eLU-204782806266798\" \/>\n<meta property=\"article:modified_time\" content=\"2021-04-11T14:56:17+00:00\" \/>\n<meta name=\"twitter:card\" content=\"summary_large_image\" \/>\n<meta name=\"twitter:label1\" content=\"\u041f\u0440\u0438\u043c\u0435\u0440\u043d\u043e\u0435 \u0432\u0440\u0435\u043c\u044f \u0434\u043b\u044f \u0447\u0442\u0435\u043d\u0438\u044f\" \/>\n\t<meta name=\"twitter:data1\" content=\"1 \u043c\u0438\u043d\u0443\u0442\u0430\" \/>\n<script type=\"application\/ld+json\" class=\"yoast-schema-graph\">{\"@context\":\"https:\/\/schema.org\",\"@graph\":[{\"@type\":\"WebPage\",\"@id\":\"https:\/\/www.senemasli.com\/ru\/%d1%81%d0%b2%d1%8f%d0%b7%d0%b0%d1%82%d1%8c%d1%81%d1%8f-%d1%81-%d0%bd%d0%b0%d0%bc%d0%b8\/\",\"url\":\"https:\/\/www.senemasli.com\/ru\/%d1%81%d0%b2%d1%8f%d0%b7%d0%b0%d1%82%d1%8c%d1%81%d1%8f-%d1%81-%d0%bd%d0%b0%d0%bc%d0%b8\/\",\"name\":\"\u0421\u0432\u044f\u0437\u0430\u0442\u044c\u0441\u044f \u0441 \u043d\u0430\u043c\u0438 - \u0437\u0443\u0431\u043d\u043e\u0439 \u0432\u0440\u0430\u0447 Senem Asl\u0131 Ek\u015fio\u011flu\",\"isPartOf\":{\"@id\":\"https:\/\/www.senemasli.com\/ru\/#website\"},\"datePublished\":\"2021-01-28T02:48:36+00:00\",\"dateModified\":\"2021-04-11T14:56:17+00:00\",\"description\":\"\u0414\u0430\u043d\u0442\u0438\u0441\u0442 \u0421\u0435\u043d\u0435\u043c \u0410\u0441\u043b\u0438 \u042d\u043a\u0448\u0438\u043e\u0433\u043b\u0443. Konac\u0131k Mahallesi Kanuni Sultan S\u00fcleyman Cad. No 57\/A-3 (Sat\u0131o\u011flu \u0130\u015f Merkezi) Bodrum \/ Mu\u011fla \u0422\u0443\u0440\u0446\u0438\u044f\",\"breadcrumb\":{\"@id\":\"https:\/\/www.senemasli.com\/ru\/%d1%81%d0%b2%d1%8f%d0%b7%d0%b0%d1%82%d1%8c%d1%81%d1%8f-%d1%81-%d0%bd%d0%b0%d0%bc%d0%b8\/#breadcrumb\"},\"inLanguage\":\"ru-RU\",\"potentialAction\":[{\"@type\":\"ReadAction\",\"target\":[\"https:\/\/www.senemasli.com\/ru\/%d1%81%d0%b2%d1%8f%d0%b7%d0%b0%d1%82%d1%8c%d1%81%d1%8f-%d1%81-%d0%bd%d0%b0%d0%bc%d0%b8\/\"]}]},{\"@type\":\"BreadcrumbList\",\"@id\":\"https:\/\/www.senemasli.com\/ru\/%d1%81%d0%b2%d1%8f%d0%b7%d0%b0%d1%82%d1%8c%d1%81%d1%8f-%d1%81-%d0%bd%d0%b0%d0%bc%d0%b8\/#breadcrumb\",\"itemListElement\":[{\"@type\":\"ListItem\",\"position\":1,\"name\":\"Anasayfa\",\"item\":\"https:\/\/www.senemasli.com\/ru\/\"},{\"@type\":\"ListItem\",\"position\":2,\"name\":\"\u0421\u0432\u044f\u0437\u0430\u0442\u044c\u0441\u044f \u0441 \u043d\u0430\u043c\u0438\"}]},{\"@type\":\"WebSite\",\"@id\":\"https:\/\/www.senemasli.com\/ru\/#website\",\"url\":\"https:\/\/www.senemasli.com\/ru\/\",\"name\":\"\u0437\u0443\u0431\u043d\u043e\u0439 \u0432\u0440\u0430\u0447 Senem Asl\u0131 Ek\u015fio\u011flu\",\"description\":\"Bodrum\",\"publisher\":{\"@id\":\"https:\/\/www.senemasli.com\/ru\/#organization\"},\"potentialAction\":[{\"@type\":\"SearchAction\",\"target\":{\"@type\":\"EntryPoint\",\"urlTemplate\":\"https:\/\/www.senemasli.com\/ru\/?s={search_term_string}\"},\"query-input\":{\"@type\":\"PropertyValueSpecification\",\"valueRequired\":true,\"valueName\":\"search_term_string\"}}],\"inLanguage\":\"ru-RU\"},{\"@type\":\"Organization\",\"@id\":\"https:\/\/www.senemasli.com\/ru\/#organization\",\"name\":\"\u0437\u0443\u0431\u043d\u043e\u0439 \u0432\u0440\u0430\u0447 Senem Asl\u0131 Ek\u015fio\u011flu - Bodrum, Mu\u011fla\",\"url\":\"https:\/\/www.senemasli.com\/ru\/\",\"logo\":{\"@type\":\"ImageObject\",\"inLanguage\":\"ru-RU\",\"@id\":\"https:\/\/www.senemasli.com\/ru\/#\/schema\/logo\/image\/\",\"url\":\"https:\/\/www.senemasli.com\/wp-content\/uploads\/2021\/01\/logo.png\",\"contentUrl\":\"https:\/\/www.senemasli.com\/wp-content\/uploads\/2021\/01\/logo.png\",\"width\":344,\"height\":120,\"caption\":\"\u0437\u0443\u0431\u043d\u043e\u0439 \u0432\u0440\u0430\u0447 Senem Asl\u0131 Ek\u015fio\u011flu - Bodrum, Mu\u011fla\"},\"image\":{\"@id\":\"https:\/\/www.senemasli.com\/ru\/#\/schema\/logo\/image\/\"},\"sameAs\":[\"https:\/\/www.facebook.com\/D\u0130\u015e-HEK\u0130M\u0130-SENEM-ASLI-EK\u015e\u0130O\u011eLU-204782806266798\",\"https:\/\/www.instagram.com\/snmazoid\/\",\"https:\/\/www.linkedin.com\/in\/senem-asl\u0131-ek\u015fio\u011flu-350235204\/\"]}]}<\/script>\n<!-- \/ Yoast SEO plugin. -->","yoast_head_json":{"title":"\u0421\u0432\u044f\u0437\u0430\u0442\u044c\u0441\u044f \u0441 \u043d\u0430\u043c\u0438 - \u0437\u0443\u0431\u043d\u043e\u0439 \u0432\u0440\u0430\u0447 Senem Asl\u0131 Ek\u015fio\u011flu","description":"\u0414\u0430\u043d\u0442\u0438\u0441\u0442 \u0421\u0435\u043d\u0435\u043c \u0410\u0441\u043b\u0438 \u042d\u043a\u0448\u0438\u043e\u0433\u043b\u0443. Konac\u0131k Mahallesi Kanuni Sultan S\u00fcleyman Cad. No 57\/A-3 (Sat\u0131o\u011flu \u0130\u015f Merkezi) Bodrum \/ Mu\u011fla \u0422\u0443\u0440\u0446\u0438\u044f","robots":{"index":"index","follow":"follow","max-snippet":"max-snippet:-1","max-image-preview":"max-image-preview:large","max-video-preview":"max-video-preview:-1"},"canonical":"https:\/\/www.senemasli.com\/ru\/%d1%81%d0%b2%d1%8f%d0%b7%d0%b0%d1%82%d1%8c%d1%81%d1%8f-%d1%81-%d0%bd%d0%b0%d0%bc%d0%b8\/","og_locale":"ru_RU","og_type":"article","og_title":"\u0421\u0432\u044f\u0437\u0430\u0442\u044c\u0441\u044f \u0441 \u043d\u0430\u043c\u0438 - \u0437\u0443\u0431\u043d\u043e\u0439 \u0432\u0440\u0430\u0447 Senem Asl\u0131 Ek\u015fio\u011flu","og_description":"\u0414\u0430\u043d\u0442\u0438\u0441\u0442 \u0421\u0435\u043d\u0435\u043c \u0410\u0441\u043b\u0438 \u042d\u043a\u0448\u0438\u043e\u0433\u043b\u0443. Konac\u0131k Mahallesi Kanuni Sultan S\u00fcleyman Cad. No 57\/A-3 (Sat\u0131o\u011flu \u0130\u015f Merkezi) Bodrum \/ Mu\u011fla \u0422\u0443\u0440\u0446\u0438\u044f","og_url":"https:\/\/www.senemasli.com\/ru\/%d1%81%d0%b2%d1%8f%d0%b7%d0%b0%d1%82%d1%8c%d1%81%d1%8f-%d1%81-%d0%bd%d0%b0%d0%bc%d0%b8\/","og_site_name":"\u0437\u0443\u0431\u043d\u043e\u0439 \u0432\u0440\u0430\u0447 Senem Asl\u0131 Ek\u015fio\u011flu","article_publisher":"https:\/\/www.facebook.com\/D%c4%b0%c5%9e-HEK%c4%b0M%c4%b0-SENEM-ASLI-EK%c5%9e%c4%b0O%c4%9eLU-204782806266798","article_modified_time":"2021-04-11T14:56:17+00:00","twitter_card":"summary_large_image","twitter_misc":{"\u041f\u0440\u0438\u043c\u0435\u0440\u043d\u043e\u0435 \u0432\u0440\u0435\u043c\u044f \u0434\u043b\u044f \u0447\u0442\u0435\u043d\u0438\u044f":"1 \u043c\u0438\u043d\u0443\u0442\u0430"},"schema":{"@context":"https:\/\/schema.org","@graph":[{"@type":"WebPage","@id":"https:\/\/www.senemasli.com\/ru\/%d1%81%d0%b2%d1%8f%d0%b7%d0%b0%d1%82%d1%8c%d1%81%d1%8f-%d1%81-%d0%bd%d0%b0%d0%bc%d0%b8\/","url":"https:\/\/www.senemasli.com\/ru\/%d1%81%d0%b2%d1%8f%d0%b7%d0%b0%d1%82%d1%8c%d1%81%d1%8f-%d1%81-%d0%bd%d0%b0%d0%bc%d0%b8\/","name":"\u0421\u0432\u044f\u0437\u0430\u0442\u044c\u0441\u044f \u0441 \u043d\u0430\u043c\u0438 - \u0437\u0443\u0431\u043d\u043e\u0439 \u0432\u0440\u0430\u0447 Senem Asl\u0131 Ek\u015fio\u011flu","isPartOf":{"@id":"https:\/\/www.senemasli.com\/ru\/#website"},"datePublished":"2021-01-28T02:48:36+00:00","dateModified":"2021-04-11T14:56:17+00:00","description":"\u0414\u0430\u043d\u0442\u0438\u0441\u0442 \u0421\u0435\u043d\u0435\u043c \u0410\u0441\u043b\u0438 \u042d\u043a\u0448\u0438\u043e\u0433\u043b\u0443. Konac\u0131k Mahallesi Kanuni Sultan S\u00fcleyman Cad. No 57\/A-3 (Sat\u0131o\u011flu \u0130\u015f Merkezi) Bodrum \/ Mu\u011fla \u0422\u0443\u0440\u0446\u0438\u044f","breadcrumb":{"@id":"https:\/\/www.senemasli.com\/ru\/%d1%81%d0%b2%d1%8f%d0%b7%d0%b0%d1%82%d1%8c%d1%81%d1%8f-%d1%81-%d0%bd%d0%b0%d0%bc%d0%b8\/#breadcrumb"},"inLanguage":"ru-RU","potentialAction":[{"@type":"ReadAction","target":["https:\/\/www.senemasli.com\/ru\/%d1%81%d0%b2%d1%8f%d0%b7%d0%b0%d1%82%d1%8c%d1%81%d1%8f-%d1%81-%d0%bd%d0%b0%d0%bc%d0%b8\/"]}]},{"@type":"BreadcrumbList","@id":"https:\/\/www.senemasli.com\/ru\/%d1%81%d0%b2%d1%8f%d0%b7%d0%b0%d1%82%d1%8c%d1%81%d1%8f-%d1%81-%d0%bd%d0%b0%d0%bc%d0%b8\/#breadcrumb","itemListElement":[{"@type":"ListItem","position":1,"name":"Anasayfa","item":"https:\/\/www.senemasli.com\/ru\/"},{"@type":"ListItem","position":2,"name":"\u0421\u0432\u044f\u0437\u0430\u0442\u044c\u0441\u044f \u0441 \u043d\u0430\u043c\u0438"}]},{"@type":"WebSite","@id":"https:\/\/www.senemasli.com\/ru\/#website","url":"https:\/\/www.senemasli.com\/ru\/","name":"\u0437\u0443\u0431\u043d\u043e\u0439 \u0432\u0440\u0430\u0447 Senem Asl\u0131 Ek\u015fio\u011flu","description":"Bodrum","publisher":{"@id":"https:\/\/www.senemasli.com\/ru\/#organization"},"potentialAction":[{"@type":"SearchAction","target":{"@type":"EntryPoint","urlTemplate":"https:\/\/www.senemasli.com\/ru\/?s={search_term_string}"},"query-input":{"@type":"PropertyValueSpecification","valueRequired":true,"valueName":"search_term_string"}}],"inLanguage":"ru-RU"},{"@type":"Organization","@id":"https:\/\/www.senemasli.com\/ru\/#organization","name":"\u0437\u0443\u0431\u043d\u043e\u0439 \u0432\u0440\u0430\u0447 Senem Asl\u0131 Ek\u015fio\u011flu - Bodrum, Mu\u011fla","url":"https:\/\/www.senemasli.com\/ru\/","logo":{"@type":"ImageObject","inLanguage":"ru-RU","@id":"https:\/\/www.senemasli.com\/ru\/#\/schema\/logo\/image\/","url":"https:\/\/www.senemasli.com\/wp-content\/uploads\/2021\/01\/logo.png","contentUrl":"https:\/\/www.senemasli.com\/wp-content\/uploads\/2021\/01\/logo.png","width":344,"height":120,"caption":"\u0437\u0443\u0431\u043d\u043e\u0439 \u0432\u0440\u0430\u0447 Senem Asl\u0131 Ek\u015fio\u011flu - Bodrum, Mu\u011fla"},"image":{"@id":"https:\/\/www.senemasli.com\/ru\/#\/schema\/logo\/image\/"},"sameAs":["https:\/\/www.facebook.com\/D\u0130\u015e-HEK\u0130M\u0130-SENEM-ASLI-EK\u015e\u0130O\u011eLU-204782806266798","https:\/\/www.instagram.com\/snmazoid\/","https:\/\/www.linkedin.com\/in\/senem-asl\u0131-ek\u015fio\u011flu-350235204\/"]}]}},"_links":{"self":[{"href":"https:\/\/www.senemasli.com\/ru\/wp-json\/wp\/v2\/pages\/2526","targetHints":{"allow":["GET"]}}],"collection":[{"href":"https:\/\/www.senemasli.com\/ru\/wp-json\/wp\/v2\/pages"}],"about":[{"href":"https:\/\/www.senemasli.com\/ru\/wp-json\/wp\/v2\/types\/page"}],"author":[{"embeddable":true,"href":"https:\/\/www.senemasli.com\/ru\/wp-json\/wp\/v2\/users\/1"}],"replies":[{"embeddable":true,"href":"https:\/\/www.senemasli.com\/ru\/wp-json\/wp\/v2\/comments?post=2526"}],"version-history":[{"count":24,"href":"https:\/\/www.senemasli.com\/ru\/wp-json\/wp\/v2\/pages\/2526\/revisions"}],"predecessor-version":[{"id":3301,"href":"https:\/\/www.senemasli.com\/ru\/wp-json\/wp\/v2\/pages\/2526\/revisions\/3301"}],"wp:attachment":[{"href":"https:\/\/www.senemasli.com\/ru\/wp-json\/wp\/v2\/media?parent=2526"}],"curies":[{"name":"wp","href":"https:\/\/api.w.org\/{rel}","templated":true}]}}