{"id":2489,"date":"2021-01-27T22:36:31","date_gmt":"2021-01-27T19:36:31","guid":{"rendered":"https:\/\/www.senemasli.com\/%d0%be%d0%bd%d0%bb%d0%b0%d0%b9%d0%bd-%d0%b7%d0%b0%d0%bf%d0%b8%d1%81%d1%8c\/"},"modified":"2021-01-27T22:36:32","modified_gmt":"2021-01-27T19:36:32","slug":"%d0%be%d0%bd%d0%bb%d0%b0%d0%b9%d0%bd-%d0%b7%d0%b0%d0%bf%d0%b8%d1%81%d1%8c","status":"publish","type":"page","link":"https:\/\/www.senemasli.com\/ru\/%d0%be%d0%bd%d0%bb%d0%b0%d0%b9%d0%bd-%d0%b7%d0%b0%d0%bf%d0%b8%d1%81%d1%8c\/","title":{"rendered":"\u041e\u043d\u043b\u0430\u0439\u043d-\u0437\u0430\u043f\u0438\u0441\u044c"},"content":{"rendered":"\n<div class=\"wp-block-bookly-form\"><!--\nPlugin Name: Bookly \u2013 Responsive WordPress Appointment Booking and Scheduling Plugin\nPlugin URI: https:\/\/www.booking-wp-plugin.com\/?utm_source=bookly_admin&utm_medium=plugins_page&utm_campaign=plugins_page\nVersion: 24.6-->\n<style type=\"text\/css\">\n    :root {\n        --bookly-main-color: #f4662f !important;\n    }\n\n    <\/style><div class=\"bookly-css-root\">\n    <div id=\"bookly-form-69f74228de631\" class=\"bookly-form\" data-form_id=\"69f74228de631\" aria-live=\"polite\">\n        <div style=\"text-align: center\"><img decoding=\"async\" src=\"https:\/\/www.senemasli.com\/wp-includes\/js\/tinymce\/skins\/lightgray\/img\/loader.gif\" alt=\"\u0417\u0430\u0433\u0440\u0443\u0437\u043a\u0430...\"\/><\/div>\n    <\/div>\n<\/div>\n<script type=\"text\/javascript\">\n    (function (win, fn) {\n        var done = false, top = true,\n            doc = win.document,\n            root = doc.documentElement,\n            modern = doc.addEventListener,\n            add = modern ? 'addEventListener' : 'attachEvent',\n            rem = modern ? 'removeEventListener' : 'detachEvent',\n            pre = modern ? '' : 'on',\n            init = function (e) {\n                if (e.type == 'readystatechange') if (doc.readyState != 'complete') return;\n                (e.type == 'load' ? win : doc)[rem](pre + e.type, init, false);\n                if (!done) {\n                    done = true;\n                    fn.call(win, e.type || e);\n                }\n            },\n            poll = function () {\n                try {\n                    root.doScroll('left');\n                } catch (e) {\n                    setTimeout(poll, 50);\n                    return;\n                }\n                init('poll');\n            };\n        if (doc.readyState == 'complete') fn.call(win, 'lazy');\n        else {\n            if (!modern) if (root.doScroll) {\n                try {\n                    top = !win.frameElement;\n                } catch (e) {\n                }\n                if (top) poll();\n            }\n            doc[add](pre + 'DOMContentLoaded', init, false);\n            doc[add](pre + 'readystatechange', init, false);\n            win[add](pre + 'load', init, false);\n        }\n    })(window, function () {\n        window.bookly( {\"form_id\":\"69f74228de631\",\"status\":{\"booking\":\"new\"},\"skip_steps\":{\"service_part1\":0,\"service_part2\":0,\"extras\":1,\"time\":0,\"repeat\":1,\"cart\":1},\"errors\":{\"session_error\":\"\\u041e\\u0448\\u0438\\u0431\\u043a\\u0430 \\u0441\\u0435\\u0441\\u0441\\u0438\\u0438.\",\"form_id_error\":\"\\u041e\\u0448\\u0438\\u0431\\u043a\\u0430 Form ID.\",\"cart_item_not_available\":\"\\u0412\\u044b\\u0431\\u0440\\u0430\\u043d\\u043d\\u044b\\u0439 \\u043f\\u0435\\u0440\\u0438\\u043e\\u0434 \\u0432\\u0440\\u0435\\u043c\\u0435\\u043d\\u0438 \\u0431\\u043e\\u043b\\u044c\\u0448\\u0435 \\u043d\\u0435 \\u0434\\u043e\\u0441\\u0442\\u0443\\u043f\\u0435\\u043d, \\u0432\\u044b\\u0431\\u0435\\u0440\\u0438\\u0442\\u0435 \\u0434\\u0440\\u0443\\u0433\\u0443\\u044e \\u0434\\u0430\\u0442\\u0443 \\u0438 \\u0432\\u0440\\u0435\\u043c\\u044f.\",\"pay_locally_not_available\":\"\\u041e\\u043f\\u043b\\u0430\\u0442\\u0430 \\u043d\\u0430\\u043b\\u0438\\u0447\\u043d\\u044b\\u043c\\u0438 \\u043d\\u0435 \\u0434\\u043e\\u0441\\u0442\\u0443\\u043f\\u043d\\u0430.\",\"invalid_gateway\":\"\\u041d\\u0435\\u0432\\u0435\\u0440\\u043d\\u044b\\u0439 \\u0448\\u043b\\u044e\\u0437.\",\"payment_error\":\"\\u041e\\u0448\\u0438\\u0431\\u043a\\u0430.\",\"incorrect_username_password\":\"\\u041d\\u0435\\u0432\\u0435\\u0440\\u043d\\u043e\\u0435 \\u0438\\u043c\\u044f \\u043f\\u043e\\u043b\\u044c\\u0437\\u043e\\u0432\\u0430\\u0442\\u0435\\u043b\\u044f \\u0438\\u043b\\u0438 \\u043f\\u0430\\u0440\\u043e\\u043b\\u044c.\"},\"form_attributes\":{\"hide_categories\":true,\"hide_services\":false,\"hide_staff_members\":false,\"show_number_of_persons\":false,\"hide_service_duration\":true,\"hide_locations\":true,\"hide_quantity\":true,\"hide_date\":false,\"hide_week_days\":false,\"hide_time_range\":false},\"use_client_time_zone\":0,\"defaults\":{\"service_id\":2,\"staff_id\":1,\"location_id\":0,\"category_id\":0},\"datepicker_mode\":\"text-accent\",\"facebook\":{\"enabled\":0,\"appId\":\"\"}} );\n    });\n<\/script><\/div>\n\n<div style=\"height:193px\" aria-hidden=\"true\" class=\"wp-block-spacer\"><\/div>\n","protected":false},"excerpt":{"rendered":"","protected":false},"author":1,"featured_media":0,"parent":0,"menu_order":0,"comment_status":"closed","ping_status":"closed","template":"","meta":{"footnotes":""},"class_list":["post-2489","page","type-page","status-publish","hentry"],"yoast_head":"<!-- This site is optimized with the Yoast SEO plugin v24.2 - https:\/\/yoast.com\/wordpress\/plugins\/seo\/ -->\n<title>\u041e\u043d\u043b\u0430\u0439\u043d-\u0437\u0430\u043f\u0438\u0441\u044c - \u0437\u0443\u0431\u043d\u043e\u0439 \u0432\u0440\u0430\u0447 Senem Asl\u0131 Ek\u015fio\u011flu<\/title>\n<meta name=\"description\" content=\"\u0421\u0442\u043e\u043c\u0430\u0442\u043e\u043b\u043e\u0433 \u0421\u0435\u043d\u0435\u043c \u0410\u0441\u043b\u0438 \u042d\u043a\u0448\u0438\u043e\u0433\u043b\u0443 \u0411\u043e\u0434\u0440\u0443\u043c \u041e\u043d\u043b\u0430\u0439\u043d \u0437\u0430\u043f\u0438\u0441\u044c. \u0417\u0430\u043f\u0438\u0441\u0430\u0442\u044c\u0441\u044f \u043d\u0430 \u043f\u0440\u0438\u0435\u043c \u043a \u0441\u0442\u043e\u043c\u0430\u0442\u043e\u043b\u043e\u0433\u0443 \u0432 \u0411\u043e\u0434\u0440\u0443\u043c\u0435 \u043e\u043d\u043b\u0430\u0439\u043d.\" \/>\n<meta name=\"robots\" content=\"index, follow, max-snippet:-1, max-image-preview:large, max-video-preview:-1\" \/>\n<link rel=\"canonical\" href=\"https:\/\/www.senemasli.com\/ru\/%d0%be%d0%bd%d0%bb%d0%b0%d0%b9%d0%bd-%d0%b7%d0%b0%d0%bf%d0%b8%d1%81%d1%8c\/\" \/>\n<meta property=\"og:locale\" content=\"ru_RU\" \/>\n<meta property=\"og:type\" content=\"article\" \/>\n<meta property=\"og:title\" content=\"\u041e\u043d\u043b\u0430\u0439\u043d-\u0437\u0430\u043f\u0438\u0441\u044c | \u0414\u0430\u043d\u0442\u0438\u0441\u0442 \u0421\u0435\u043d\u0435\u043c \u0410\u0441\u043b\u0438 \u042d\u043a\u0448\u0438\u043e\u0433\u043b\u0443\" \/>\n<meta property=\"og:description\" content=\"\u0421\u0442\u043e\u043c\u0430\u0442\u043e\u043b\u043e\u0433 \u0421\u0435\u043d\u0435\u043c \u0410\u0441\u043b\u0438 \u042d\u043a\u0448\u0438\u043e\u0433\u043b\u0443 \u0411\u043e\u0434\u0440\u0443\u043c \u041e\u043d\u043b\u0430\u0439\u043d \u0437\u0430\u043f\u0438\u0441\u044c. \u0417\u0430\u043f\u0438\u0441\u0430\u0442\u044c\u0441\u044f \u043d\u0430 \u043f\u0440\u0438\u0435\u043c \u043a \u0441\u0442\u043e\u043c\u0430\u0442\u043e\u043b\u043e\u0433\u0443 \u0432 \u0411\u043e\u0434\u0440\u0443\u043c\u0435 \u043e\u043d\u043b\u0430\u0439\u043d.\" \/>\n<meta property=\"og:url\" content=\"https:\/\/www.senemasli.com\/ru\/%d0%be%d0%bd%d0%bb%d0%b0%d0%b9%d0%bd-%d0%b7%d0%b0%d0%bf%d0%b8%d1%81%d1%8c\/\" \/>\n<meta property=\"og:site_name\" content=\"\u0437\u0443\u0431\u043d\u043e\u0439 \u0432\u0440\u0430\u0447 Senem Asl\u0131 Ek\u015fio\u011flu\" \/>\n<meta property=\"article:publisher\" content=\"https:\/\/www.facebook.com\/D%c4%b0%c5%9e-HEK%c4%b0M%c4%b0-SENEM-ASLI-EK%c5%9e%c4%b0O%c4%9eLU-204782806266798\" \/>\n<meta property=\"article:modified_time\" content=\"2021-01-27T19:36:32+00:00\" \/>\n<meta property=\"og:image\" content=\"https:\/\/www.senemasli.com\/wp-content\/uploads\/2021\/01\/01-dis-hekimi-senem-asli-eksioglu-bodrum.jpg\" \/>\n<meta name=\"twitter:card\" content=\"summary_large_image\" \/>\n<meta name=\"twitter:title\" content=\"\u041e\u043d\u043b\u0430\u0439\u043d-\u0437\u0430\u043f\u0438\u0441\u044c | \u0414\u0430\u043d\u0442\u0438\u0441\u0442 \u0421\u0435\u043d\u0435\u043c \u0410\u0441\u043b\u0438 \u042d\u043a\u0448\u0438\u043e\u0433\u043b\u0443\" \/>\n<meta name=\"twitter:description\" content=\"\u0421\u0442\u043e\u043c\u0430\u0442\u043e\u043b\u043e\u0433 \u0421\u0435\u043d\u0435\u043c \u0410\u0441\u043b\u0438 \u042d\u043a\u0448\u0438\u043e\u0433\u043b\u0443 \u0411\u043e\u0434\u0440\u0443\u043c \u041e\u043d\u043b\u0430\u0439\u043d \u0437\u0430\u043f\u0438\u0441\u044c. \u0417\u0430\u043f\u0438\u0441\u0430\u0442\u044c\u0441\u044f \u043d\u0430 \u043f\u0440\u0438\u0435\u043c \u043a \u0441\u0442\u043e\u043c\u0430\u0442\u043e\u043b\u043e\u0433\u0443 \u0432 \u0411\u043e\u0434\u0440\u0443\u043c\u0435 \u043e\u043d\u043b\u0430\u0439\u043d.\" \/>\n<meta name=\"twitter:image\" content=\"https:\/\/www.senemasli.com\/wp-content\/uploads\/2021\/01\/02-dis-hekimi-senem-asli-eksioglu-bodrum.jpg\" \/>\n<script type=\"application\/ld+json\" class=\"yoast-schema-graph\">{\"@context\":\"https:\/\/schema.org\",\"@graph\":[{\"@type\":\"WebPage\",\"@id\":\"https:\/\/www.senemasli.com\/ru\/%d0%be%d0%bd%d0%bb%d0%b0%d0%b9%d0%bd-%d0%b7%d0%b0%d0%bf%d0%b8%d1%81%d1%8c\/\",\"url\":\"https:\/\/www.senemasli.com\/ru\/%d0%be%d0%bd%d0%bb%d0%b0%d0%b9%d0%bd-%d0%b7%d0%b0%d0%bf%d0%b8%d1%81%d1%8c\/\",\"name\":\"\u041e\u043d\u043b\u0430\u0439\u043d-\u0437\u0430\u043f\u0438\u0441\u044c - \u0437\u0443\u0431\u043d\u043e\u0439 \u0432\u0440\u0430\u0447 Senem Asl\u0131 Ek\u015fio\u011flu\",\"isPartOf\":{\"@id\":\"https:\/\/www.senemasli.com\/ru\/#website\"},\"datePublished\":\"2021-01-27T19:36:31+00:00\",\"dateModified\":\"2021-01-27T19:36:32+00:00\",\"description\":\"\u0421\u0442\u043e\u043c\u0430\u0442\u043e\u043b\u043e\u0433 \u0421\u0435\u043d\u0435\u043c \u0410\u0441\u043b\u0438 \u042d\u043a\u0448\u0438\u043e\u0433\u043b\u0443 \u0411\u043e\u0434\u0440\u0443\u043c \u041e\u043d\u043b\u0430\u0439\u043d \u0437\u0430\u043f\u0438\u0441\u044c. \u0417\u0430\u043f\u0438\u0441\u0430\u0442\u044c\u0441\u044f \u043d\u0430 \u043f\u0440\u0438\u0435\u043c \u043a \u0441\u0442\u043e\u043c\u0430\u0442\u043e\u043b\u043e\u0433\u0443 \u0432 \u0411\u043e\u0434\u0440\u0443\u043c\u0435 \u043e\u043d\u043b\u0430\u0439\u043d.\",\"breadcrumb\":{\"@id\":\"https:\/\/www.senemasli.com\/ru\/%d0%be%d0%bd%d0%bb%d0%b0%d0%b9%d0%bd-%d0%b7%d0%b0%d0%bf%d0%b8%d1%81%d1%8c\/#breadcrumb\"},\"inLanguage\":\"ru-RU\",\"potentialAction\":[{\"@type\":\"ReadAction\",\"target\":[\"https:\/\/www.senemasli.com\/ru\/%d0%be%d0%bd%d0%bb%d0%b0%d0%b9%d0%bd-%d0%b7%d0%b0%d0%bf%d0%b8%d1%81%d1%8c\/\"]}]},{\"@type\":\"BreadcrumbList\",\"@id\":\"https:\/\/www.senemasli.com\/ru\/%d0%be%d0%bd%d0%bb%d0%b0%d0%b9%d0%bd-%d0%b7%d0%b0%d0%bf%d0%b8%d1%81%d1%8c\/#breadcrumb\",\"itemListElement\":[{\"@type\":\"ListItem\",\"position\":1,\"name\":\"Anasayfa\",\"item\":\"https:\/\/www.senemasli.com\/ru\/\"},{\"@type\":\"ListItem\",\"position\":2,\"name\":\"\u041e\u043d\u043b\u0430\u0439\u043d-\u0437\u0430\u043f\u0438\u0441\u044c\"}]},{\"@type\":\"WebSite\",\"@id\":\"https:\/\/www.senemasli.com\/ru\/#website\",\"url\":\"https:\/\/www.senemasli.com\/ru\/\",\"name\":\"\u0437\u0443\u0431\u043d\u043e\u0439 \u0432\u0440\u0430\u0447 Senem Asl\u0131 Ek\u015fio\u011flu\",\"description\":\"Bodrum\",\"publisher\":{\"@id\":\"https:\/\/www.senemasli.com\/ru\/#organization\"},\"potentialAction\":[{\"@type\":\"SearchAction\",\"target\":{\"@type\":\"EntryPoint\",\"urlTemplate\":\"https:\/\/www.senemasli.com\/ru\/?s={search_term_string}\"},\"query-input\":{\"@type\":\"PropertyValueSpecification\",\"valueRequired\":true,\"valueName\":\"search_term_string\"}}],\"inLanguage\":\"ru-RU\"},{\"@type\":\"Organization\",\"@id\":\"https:\/\/www.senemasli.com\/ru\/#organization\",\"name\":\"\u0437\u0443\u0431\u043d\u043e\u0439 \u0432\u0440\u0430\u0447 Senem Asl\u0131 Ek\u015fio\u011flu - Bodrum, Mu\u011fla\",\"url\":\"https:\/\/www.senemasli.com\/ru\/\",\"logo\":{\"@type\":\"ImageObject\",\"inLanguage\":\"ru-RU\",\"@id\":\"https:\/\/www.senemasli.com\/ru\/#\/schema\/logo\/image\/\",\"url\":\"https:\/\/www.senemasli.com\/wp-content\/uploads\/2021\/01\/logo.png\",\"contentUrl\":\"https:\/\/www.senemasli.com\/wp-content\/uploads\/2021\/01\/logo.png\",\"width\":344,\"height\":120,\"caption\":\"\u0437\u0443\u0431\u043d\u043e\u0439 \u0432\u0440\u0430\u0447 Senem Asl\u0131 Ek\u015fio\u011flu - Bodrum, Mu\u011fla\"},\"image\":{\"@id\":\"https:\/\/www.senemasli.com\/ru\/#\/schema\/logo\/image\/\"},\"sameAs\":[\"https:\/\/www.facebook.com\/D\u0130\u015e-HEK\u0130M\u0130-SENEM-ASLI-EK\u015e\u0130O\u011eLU-204782806266798\",\"https:\/\/www.instagram.com\/snmazoid\/\",\"https:\/\/www.linkedin.com\/in\/senem-asl\u0131-ek\u015fio\u011flu-350235204\/\"]}]}<\/script>\n<!-- \/ Yoast SEO plugin. -->","yoast_head_json":{"title":"\u041e\u043d\u043b\u0430\u0439\u043d-\u0437\u0430\u043f\u0438\u0441\u044c - \u0437\u0443\u0431\u043d\u043e\u0439 \u0432\u0440\u0430\u0447 Senem Asl\u0131 Ek\u015fio\u011flu","description":"\u0421\u0442\u043e\u043c\u0430\u0442\u043e\u043b\u043e\u0433 \u0421\u0435\u043d\u0435\u043c \u0410\u0441\u043b\u0438 \u042d\u043a\u0448\u0438\u043e\u0433\u043b\u0443 \u0411\u043e\u0434\u0440\u0443\u043c \u041e\u043d\u043b\u0430\u0439\u043d \u0437\u0430\u043f\u0438\u0441\u044c. \u0417\u0430\u043f\u0438\u0441\u0430\u0442\u044c\u0441\u044f \u043d\u0430 \u043f\u0440\u0438\u0435\u043c \u043a \u0441\u0442\u043e\u043c\u0430\u0442\u043e\u043b\u043e\u0433\u0443 \u0432 \u0411\u043e\u0434\u0440\u0443\u043c\u0435 \u043e\u043d\u043b\u0430\u0439\u043d.","robots":{"index":"index","follow":"follow","max-snippet":"max-snippet:-1","max-image-preview":"max-image-preview:large","max-video-preview":"max-video-preview:-1"},"canonical":"https:\/\/www.senemasli.com\/ru\/%d0%be%d0%bd%d0%bb%d0%b0%d0%b9%d0%bd-%d0%b7%d0%b0%d0%bf%d0%b8%d1%81%d1%8c\/","og_locale":"ru_RU","og_type":"article","og_title":"\u041e\u043d\u043b\u0430\u0439\u043d-\u0437\u0430\u043f\u0438\u0441\u044c | \u0414\u0430\u043d\u0442\u0438\u0441\u0442 \u0421\u0435\u043d\u0435\u043c \u0410\u0441\u043b\u0438 \u042d\u043a\u0448\u0438\u043e\u0433\u043b\u0443","og_description":"\u0421\u0442\u043e\u043c\u0430\u0442\u043e\u043b\u043e\u0433 \u0421\u0435\u043d\u0435\u043c \u0410\u0441\u043b\u0438 \u042d\u043a\u0448\u0438\u043e\u0433\u043b\u0443 \u0411\u043e\u0434\u0440\u0443\u043c \u041e\u043d\u043b\u0430\u0439\u043d \u0437\u0430\u043f\u0438\u0441\u044c. \u0417\u0430\u043f\u0438\u0441\u0430\u0442\u044c\u0441\u044f \u043d\u0430 \u043f\u0440\u0438\u0435\u043c \u043a \u0441\u0442\u043e\u043c\u0430\u0442\u043e\u043b\u043e\u0433\u0443 \u0432 \u0411\u043e\u0434\u0440\u0443\u043c\u0435 \u043e\u043d\u043b\u0430\u0439\u043d.","og_url":"https:\/\/www.senemasli.com\/ru\/%d0%be%d0%bd%d0%bb%d0%b0%d0%b9%d0%bd-%d0%b7%d0%b0%d0%bf%d0%b8%d1%81%d1%8c\/","og_site_name":"\u0437\u0443\u0431\u043d\u043e\u0439 \u0432\u0440\u0430\u0447 Senem Asl\u0131 Ek\u015fio\u011flu","article_publisher":"https:\/\/www.facebook.com\/D%c4%b0%c5%9e-HEK%c4%b0M%c4%b0-SENEM-ASLI-EK%c5%9e%c4%b0O%c4%9eLU-204782806266798","article_modified_time":"2021-01-27T19:36:32+00:00","og_image":[{"url":"https:\/\/www.senemasli.com\/wp-content\/uploads\/2021\/01\/01-dis-hekimi-senem-asli-eksioglu-bodrum.jpg","type":"","width":"","height":""}],"twitter_card":"summary_large_image","twitter_title":"\u041e\u043d\u043b\u0430\u0439\u043d-\u0437\u0430\u043f\u0438\u0441\u044c | \u0414\u0430\u043d\u0442\u0438\u0441\u0442 \u0421\u0435\u043d\u0435\u043c \u0410\u0441\u043b\u0438 \u042d\u043a\u0448\u0438\u043e\u0433\u043b\u0443","twitter_description":"\u0421\u0442\u043e\u043c\u0430\u0442\u043e\u043b\u043e\u0433 \u0421\u0435\u043d\u0435\u043c \u0410\u0441\u043b\u0438 \u042d\u043a\u0448\u0438\u043e\u0433\u043b\u0443 \u0411\u043e\u0434\u0440\u0443\u043c \u041e\u043d\u043b\u0430\u0439\u043d \u0437\u0430\u043f\u0438\u0441\u044c. \u0417\u0430\u043f\u0438\u0441\u0430\u0442\u044c\u0441\u044f \u043d\u0430 \u043f\u0440\u0438\u0435\u043c \u043a \u0441\u0442\u043e\u043c\u0430\u0442\u043e\u043b\u043e\u0433\u0443 \u0432 \u0411\u043e\u0434\u0440\u0443\u043c\u0435 \u043e\u043d\u043b\u0430\u0439\u043d.","twitter_image":"https:\/\/www.senemasli.com\/wp-content\/uploads\/2021\/01\/02-dis-hekimi-senem-asli-eksioglu-bodrum.jpg","schema":{"@context":"https:\/\/schema.org","@graph":[{"@type":"WebPage","@id":"https:\/\/www.senemasli.com\/ru\/%d0%be%d0%bd%d0%bb%d0%b0%d0%b9%d0%bd-%d0%b7%d0%b0%d0%bf%d0%b8%d1%81%d1%8c\/","url":"https:\/\/www.senemasli.com\/ru\/%d0%be%d0%bd%d0%bb%d0%b0%d0%b9%d0%bd-%d0%b7%d0%b0%d0%bf%d0%b8%d1%81%d1%8c\/","name":"\u041e\u043d\u043b\u0430\u0439\u043d-\u0437\u0430\u043f\u0438\u0441\u044c - \u0437\u0443\u0431\u043d\u043e\u0439 \u0432\u0440\u0430\u0447 Senem Asl\u0131 Ek\u015fio\u011flu","isPartOf":{"@id":"https:\/\/www.senemasli.com\/ru\/#website"},"datePublished":"2021-01-27T19:36:31+00:00","dateModified":"2021-01-27T19:36:32+00:00","description":"\u0421\u0442\u043e\u043c\u0430\u0442\u043e\u043b\u043e\u0433 \u0421\u0435\u043d\u0435\u043c \u0410\u0441\u043b\u0438 \u042d\u043a\u0448\u0438\u043e\u0433\u043b\u0443 \u0411\u043e\u0434\u0440\u0443\u043c \u041e\u043d\u043b\u0430\u0439\u043d \u0437\u0430\u043f\u0438\u0441\u044c. \u0417\u0430\u043f\u0438\u0441\u0430\u0442\u044c\u0441\u044f \u043d\u0430 \u043f\u0440\u0438\u0435\u043c \u043a \u0441\u0442\u043e\u043c\u0430\u0442\u043e\u043b\u043e\u0433\u0443 \u0432 \u0411\u043e\u0434\u0440\u0443\u043c\u0435 \u043e\u043d\u043b\u0430\u0439\u043d.","breadcrumb":{"@id":"https:\/\/www.senemasli.com\/ru\/%d0%be%d0%bd%d0%bb%d0%b0%d0%b9%d0%bd-%d0%b7%d0%b0%d0%bf%d0%b8%d1%81%d1%8c\/#breadcrumb"},"inLanguage":"ru-RU","potentialAction":[{"@type":"ReadAction","target":["https:\/\/www.senemasli.com\/ru\/%d0%be%d0%bd%d0%bb%d0%b0%d0%b9%d0%bd-%d0%b7%d0%b0%d0%bf%d0%b8%d1%81%d1%8c\/"]}]},{"@type":"BreadcrumbList","@id":"https:\/\/www.senemasli.com\/ru\/%d0%be%d0%bd%d0%bb%d0%b0%d0%b9%d0%bd-%d0%b7%d0%b0%d0%bf%d0%b8%d1%81%d1%8c\/#breadcrumb","itemListElement":[{"@type":"ListItem","position":1,"name":"Anasayfa","item":"https:\/\/www.senemasli.com\/ru\/"},{"@type":"ListItem","position":2,"name":"\u041e\u043d\u043b\u0430\u0439\u043d-\u0437\u0430\u043f\u0438\u0441\u044c"}]},{"@type":"WebSite","@id":"https:\/\/www.senemasli.com\/ru\/#website","url":"https:\/\/www.senemasli.com\/ru\/","name":"\u0437\u0443\u0431\u043d\u043e\u0439 \u0432\u0440\u0430\u0447 Senem Asl\u0131 Ek\u015fio\u011flu","description":"Bodrum","publisher":{"@id":"https:\/\/www.senemasli.com\/ru\/#organization"},"potentialAction":[{"@type":"SearchAction","target":{"@type":"EntryPoint","urlTemplate":"https:\/\/www.senemasli.com\/ru\/?s={search_term_string}"},"query-input":{"@type":"PropertyValueSpecification","valueRequired":true,"valueName":"search_term_string"}}],"inLanguage":"ru-RU"},{"@type":"Organization","@id":"https:\/\/www.senemasli.com\/ru\/#organization","name":"\u0437\u0443\u0431\u043d\u043e\u0439 \u0432\u0440\u0430\u0447 Senem Asl\u0131 Ek\u015fio\u011flu - Bodrum, Mu\u011fla","url":"https:\/\/www.senemasli.com\/ru\/","logo":{"@type":"ImageObject","inLanguage":"ru-RU","@id":"https:\/\/www.senemasli.com\/ru\/#\/schema\/logo\/image\/","url":"https:\/\/www.senemasli.com\/wp-content\/uploads\/2021\/01\/logo.png","contentUrl":"https:\/\/www.senemasli.com\/wp-content\/uploads\/2021\/01\/logo.png","width":344,"height":120,"caption":"\u0437\u0443\u0431\u043d\u043e\u0439 \u0432\u0440\u0430\u0447 Senem Asl\u0131 Ek\u015fio\u011flu - Bodrum, Mu\u011fla"},"image":{"@id":"https:\/\/www.senemasli.com\/ru\/#\/schema\/logo\/image\/"},"sameAs":["https:\/\/www.facebook.com\/D\u0130\u015e-HEK\u0130M\u0130-SENEM-ASLI-EK\u015e\u0130O\u011eLU-204782806266798","https:\/\/www.instagram.com\/snmazoid\/","https:\/\/www.linkedin.com\/in\/senem-asl\u0131-ek\u015fio\u011flu-350235204\/"]}]}},"_links":{"self":[{"href":"https:\/\/www.senemasli.com\/ru\/wp-json\/wp\/v2\/pages\/2489","targetHints":{"allow":["GET"]}}],"collection":[{"href":"https:\/\/www.senemasli.com\/ru\/wp-json\/wp\/v2\/pages"}],"about":[{"href":"https:\/\/www.senemasli.com\/ru\/wp-json\/wp\/v2\/types\/page"}],"author":[{"embeddable":true,"href":"https:\/\/www.senemasli.com\/ru\/wp-json\/wp\/v2\/users\/1"}],"replies":[{"embeddable":true,"href":"https:\/\/www.senemasli.com\/ru\/wp-json\/wp\/v2\/comments?post=2489"}],"version-history":[{"count":3,"href":"https:\/\/www.senemasli.com\/ru\/wp-json\/wp\/v2\/pages\/2489\/revisions"}],"predecessor-version":[{"id":2492,"href":"https:\/\/www.senemasli.com\/ru\/wp-json\/wp\/v2\/pages\/2489\/revisions\/2492"}],"wp:attachment":[{"href":"https:\/\/www.senemasli.com\/ru\/wp-json\/wp\/v2\/media?parent=2489"}],"curies":[{"name":"wp","href":"https:\/\/api.w.org\/{rel}","templated":true}]}}