{"id":2671,"date":"2021-01-28T07:18:49","date_gmt":"2021-01-28T04:18:49","guid":{"rendered":"https:\/\/www.senemasli.com\/politique-de-confidentialite\/"},"modified":"2021-01-28T07:18:55","modified_gmt":"2021-01-28T04:18:55","slug":"politique-de-confidentialite","status":"publish","type":"page","link":"https:\/\/www.senemasli.com\/fr\/politique-de-confidentialite\/","title":{"rendered":"Politique de confidentialit\u00e9"},"content":{"rendered":"\n<ul class=\"wp-block-list\"><li>Dans tous les commentaires faits sur le site Senemasli.com, les adresses e-mail envoy\u00e9es au site par les utilisateurs et les adresses IP des utilisateurs ne sont jamais partag\u00e9es avec des institutions et personnes tierces. Les visiteurs du site ne peuvent pas voir ces informations.<\/li><li>Les commentaires sont publi\u00e9s sur le site apr\u00e8s l&rsquo;approbation de l&rsquo;administrateur.<\/li><li>Les commentaires avec des sujets ill\u00e9gaux, les jurons, les commentaires insultants ne sont pas publi\u00e9s sur le site.<\/li><li>Lorsque vous souhaitez envoyer un message aux administrateurs du site \u00e0 l&rsquo;aide du formulaire de contact sur le site, le nom, l&rsquo;adresse e-mail et le message r\u00e9dig\u00e9 par l&rsquo;exp\u00e9diteur sont envoy\u00e9s aux administrateurs du site par e-mail. Ces informations ne sont stock\u00e9es dans aucune liste, ni partag\u00e9es avec des tiers. Les messages \u00e9lectroniques ne sont jamais envoy\u00e9s aux personnes qui utilisent le formulaire de contact sur le site \u00e0 des fins de marketing.<\/li><li>Les donn\u00e9es personnelles envoy\u00e9es \u00e0 partir du formulaire de cr\u00e9ation de rendez-vous en ligne sont stock\u00e9es dans un environnement crypt\u00e9 et ne sont pas utilis\u00e9es avec des tiers. Il est utilis\u00e9 uniquement pour cr\u00e9er des rendez-vous entre le cabinet et le patient. Et il est stock\u00e9 dans un environnement crypt\u00e9 et prot\u00e9g\u00e9 conform\u00e9ment aux r\u00e8gles de la loi sur la protection des donn\u00e9es personnelles, uniquement dans le but de confirmer le rendez-vous et de suivre les rendez-vous pass\u00e9s du patient.<\/li><li>Le service de newsletter \u00e9lectronique, qui est envoy\u00e9 pour partager de nouveaux articles avec les lecteurs, n&rsquo;est envoy\u00e9 qu&rsquo;aux utilisateurs inscrits dans la liste de diffusion.<\/li><li>Vous pouvez facilement vous d\u00e9connecter de la liste de la newsletter \u00e9lectronique avec le lien \u00abquitter la liste\u00bb dans le message \u00e9lectronique.<\/li><li>Les informations du lecteur ne peuvent \u00eatre divulgu\u00e9es aux autorit\u00e9s officielles que si ces informations sont demand\u00e9es par les autorit\u00e9s officielles et dans les cas o\u00f9 il est oblig\u00e9 de faire une d\u00e9claration aux autorit\u00e9s conform\u00e9ment aux dispositions de la l\u00e9gislation imp\u00e9rative en vigueur.<\/li><li>Tout utilisateur visitant le site est r\u00e9put\u00e9 avoir accept\u00e9 ces conditions.<\/li><\/ul>\n\n<h2 class=\"wp-block-heading\"><strong>Conditions d&rsquo;utilisation des cookies<\/strong><\/h2>\n\n<p><strong>Vers le site Senemasli.com<\/strong> Lors de la collecte et de l&rsquo;utilisation de vos informations personnelles afin de compl\u00e9ter le temps que vous passez pendant votre visite sur tous les sites principaux et sous-sites de (Site) de la mani\u00e8re la plus s\u00fbre et la plus confortable<strong> Senemasli.com<\/strong> Les proc\u00e9dures et principes suivis par:<\/p>\n\n<p><strong>Politique relative aux cookies<\/strong><\/p>\n\n<p>Comme de nombreux sites Web, ce site (le terme \u00absite\u00bb est utilis\u00e9 pour inclure ce site Web et les sites Web de partenaires commerciaux) utilise des cookies \u00e0 diverses fins. Les fichiers de communication technique appel\u00e9s cookies sont de petits fichiers texte qu&rsquo;un site Web envoie \u00e0 l&rsquo;ordinateur ou au navigateur de t\u00e9l\u00e9phone mobile de l&rsquo;utilisateur.<\/p>\n\n<p><strong>Dans quel but et comment les cookies sont-ils utilis\u00e9s?<\/strong><\/p>\n\n<p>Sur ce Site et sur les sites de partenaires commerciaux, il a pour but de fournir aux utilisateurs un contenu et des publicit\u00e9s personnalis\u00e9s en fonction de leurs int\u00e9r\u00eats et besoins. Le but est d&rsquo;am\u00e9liorer la qualit\u00e9 de l&rsquo;exp\u00e9rience du site en emp\u00eachant l&rsquo;affichage publicitaire inutile qui n&rsquo;attirera pas l&rsquo;attention de l&rsquo;utilisateur. Les cookies nous aident \u00e0 vous reconna\u00eetre, ce qui nous permet de rendre le site plus utile et plus utile pour vous avec du contenu et des publicit\u00e9s qui, selon nous, vous int\u00e9resseront.<\/p>\n\n<p>1. Cookies; Il peut \u00eatre utilis\u00e9 pour afficher des publicit\u00e9s susceptibles de vous int\u00e9resser lorsque vous entrez sur le Site, et pour d\u00e9terminer si vous \u00eates int\u00e9ress\u00e9 par cette publicit\u00e9 apr\u00e8s avoir vu une publicit\u00e9 sur le Site et si vous avez visit\u00e9 le site du produit ou service concern\u00e9. .<\/p>\n\n<p>2. Le nombre d&rsquo;utilisateurs visitant le site, le type d&rsquo;utilisateur, la fr\u00e9quence des visites, le comportement et les habitudes des utilisateurs, \u00e0 partir de quels pays les utilisateurs visitent le site, etc. Les cookies peuvent \u00eatre utilis\u00e9s pour g\u00e9n\u00e9rer des statistiques.<\/p>\n\n<p>3. Afin de d\u00e9terminer plus pr\u00e9cis\u00e9ment les pr\u00e9f\u00e9rences de l&rsquo;utilisateur sur le site 3. Les cookies plac\u00e9s par des individus (par exemple, les cookies utilis\u00e9s en cas d&rsquo;acc\u00e8s aux publicit\u00e9s de ces personnes sur le Site) peuvent \u00e9galement \u00eatre utilis\u00e9s. Les donn\u00e9es collect\u00e9es via ces cookies peuvent \u00e9galement \u00eatre utilis\u00e9es pour placer des publicit\u00e9s ou du contenu pour les utilisateurs sur d&rsquo;autres sites visit\u00e9s.<\/p>\n\n<p>4. L&rsquo;utilisation de cookies aux fins d\u00e9crites ci-dessus peut \u00eatre effectu\u00e9e sur ce site et sur des sites appartenant \u00e0 des partenaires commerciaux par le site. M\u00eame dans un tel cas, le but est de fournir un contenu et des publicit\u00e9s sp\u00e9cifiques aux int\u00e9r\u00eats de l&rsquo;utilisateur ainsi d\u00e9termin\u00e9s.<\/p>\n\n<p>5. Les informations sur les sites visit\u00e9s par l&rsquo;utilisateur autres que ces sites peuvent \u00e9galement \u00eatre trait\u00e9es par le biais des cookies utilis\u00e9s sur ce site ou sur d&rsquo;autres sites par le site ou ses partenaires commerciaux.<\/p>\n\n<p><strong>Quelles informations sont re\u00e7ues et trait\u00e9es via des cookies?<\/strong><\/p>\n\n<p>Le site d&rsquo;o\u00f9 provient le Site et quel site est visit\u00e9 apr\u00e8s le Site, la situation g\u00e9ographique des utilisateurs, leurs r\u00e9actions aux banni\u00e8res publicitaires pr\u00e9sentes sur le site, les informations personnelles que l&rsquo;utilisateur donne volontairement au Site et aux partenaires commerciaux sites, les pr\u00e9f\u00e9rences effectu\u00e9es sur le site, les Actions concernant le Site et les pages de nos partenaires commerciaux peuvent \u00eatre re\u00e7ues et trait\u00e9es sur les sites de partage. Les informations d&rsquo;adh\u00e9sion que vous avez fournies au Site et aux sites de partenaires commerciaux peuvent \u00eatre re\u00e7ues et trait\u00e9es par le Site ou ses partenaires commerciaux aux fins sp\u00e9cifi\u00e9es ici. Au fur et \u00e0 mesure que les donn\u00e9es sont re\u00e7ues et trait\u00e9es \u00e0 partir des sites de r\u00e9seaux sociaux via certaines applications (applications), vous pouvez savoir quelles donn\u00e9es seront trait\u00e9es dans le cadre de votre approbation de la candidature. En ne donnant pas votre consentement \u00e0 l&rsquo;application concern\u00e9e, il est possible d&#8217;emp\u00eacher le traitement de vos donn\u00e9es personnelles dans le cadre que vous sp\u00e9cifiez.<\/p>\n\n<p><strong>Pr\u00e9vention de l&rsquo;utilisation des cookies:<\/strong><\/p>\n\n<p>Il est possible de bloquer les cookies via votre navigateur, mais si vous les bloquez, vous ne pourrez peut-\u00eatre pas utiliser certaines fonctionnalit\u00e9s du site. Il est recommand\u00e9 de v\u00e9rifier les param\u00e8tres de votre navigateur pour savoir si votre navigateur vous permet de g\u00e9rer les cookies.<\/p>\n\n<p><strong>Donn\u00e9es collect\u00e9es \u00e0 l&rsquo;aide de cookies 3. Partage avec les gens:<\/strong><\/p>\n\n<p>Les donn\u00e9es comportementales et personnelles collect\u00e9es \u00e0 l&rsquo;aide de cookies et d\u00e9crites en d\u00e9tail ci-dessus sont partag\u00e9es avec des partenaires commerciaux et 3. peut \u00eatre partag\u00e9 avec les gens.<\/p>\n\n<p>Sur le site, 3. Des liens ou acc\u00e8s peuvent \u00eatre fournis aux sites et contenus g\u00e9r\u00e9s par des individus. 3. Le Site n&rsquo;a aucune autorit\u00e9 pour contr\u00f4ler ou interf\u00e9rer avec le contenu de la personne.<\/p>\n\n<p>3 sur le site. Des \u00ab\u00a0plugins\u00a0\u00bb pour plates-formes personnelles peuvent \u00eatre utilis\u00e9s. Informations collect\u00e9es lorsque les utilisateurs visitent le Site, 3. La personne peut \u00eatre utilis\u00e9e par les plateformes. Si les utilisateurs visitent le site alors qu&rsquo;ils sont connect\u00e9s \u00e0 leurs comptes sur ces plateformes, le site et 3. Les informations collect\u00e9es par les individus peuvent \u00eatre associ\u00e9es.<\/p>\n\n<p>Les donn\u00e9es utilisateur collect\u00e9es aux fins mentionn\u00e9es ici peuvent \u00eatre combin\u00e9es avec des donn\u00e9es provenant de divers programmes de marketing ax\u00e9s sur la satisfaction client appartenant au Site ou \u00e0 ses partenaires commerciaux et auxquels l&rsquo;utilisateur est membre. Le but est de mieux conna\u00eetre les besoins des utilisateurs et d&rsquo;offrir des services personnalis\u00e9s aux utilisateurs \u00e0 la fois dans le cadre de cette application et dans le cadre d&rsquo;autres programmes de marketing dont vous \u00eates membre. Les donn\u00e9es combin\u00e9es peuvent \u00eatre trait\u00e9es avec les finalit\u00e9s et les m\u00e9thodes indiqu\u00e9es ici et dans le contrat d&rsquo;adh\u00e9sion du programme de marketing concern\u00e9.<\/p>\n\n<p>En vertu de cette politique, le site ou 3. Donn\u00e9es personnelles trait\u00e9es par des individus, Site ou 3. Lorsque des services sont re\u00e7us par des individus pour traiter ces donn\u00e9es, 3. Il peut \u00eatre partag\u00e9 avec des particuliers, dans le seul but de recevoir ces services. Service re\u00e7u 3. Les personnes peuvent conserver ces donn\u00e9es dans leur pays ou \u00e0 l&rsquo;\u00e9tranger et les transf\u00e9rer entre des donn\u00e9es conserv\u00e9es dans leur pays ou \u00e0 l&rsquo;\u00e9tranger.<\/p>\n\n<p><strong>Conformit\u00e9 aux r\u00e9glementations l\u00e9gales<\/strong><\/p>\n\n<p>Le site et ses partenaires commerciaux n&rsquo;agissent \u00e0 aucune fin ill\u00e9gale et \u00e0 toute autre fin que ce qui est indiqu\u00e9 ici. La demande est r\u00e9vis\u00e9e face aux \u00e9volutions juridiques et conserv\u00e9e dans la forme et la port\u00e9e fix\u00e9es par la loi.<\/p>\n\n<p><strong>Droits des personnes dont les donn\u00e9es personnelles sont trait\u00e9es<\/strong><\/p>\n\n<p>Dans le cadre de cette politique, les personnes dont les donn\u00e9es personnelles sont trait\u00e9es, si leurs donn\u00e9es personnelles sont trait\u00e9es, si les donn\u00e9es ont \u00e9t\u00e9 trait\u00e9es, la finalit\u00e9 du traitement des donn\u00e9es et si elles sont utilis\u00e9es \u00e0 leur fin, qui les tiers \u00e0 qui les donn\u00e9es sont transf\u00e9r\u00e9es dans le pays ou \u00e0 l&rsquo;\u00e9tranger, dans le cas o\u00f9 les donn\u00e9es sont incompl\u00e8tes ou incorrectes, pour demander la suppression ou la destruction de donn\u00e9es personnelles dans le cadre des conditions stipul\u00e9es dans la l\u00e9gislation applicable, pour \u00eatre notifi\u00e9es aux tiers \u00e0 qui les donn\u00e9es est transf\u00e9r\u00e9, \u00e0 condition que les op\u00e9rations de correction \/ suppression \/ destruction ne soient pas impossibles ou n\u00e9cessitent des efforts disproportionn\u00e9s; En analysant les donn\u00e9es trait\u00e9es exclusivement par le biais de syst\u00e8mes automatis\u00e9s, la personne a le droit de s&rsquo;opposer \u00e0 la survenance d&rsquo;un r\u00e9sultat \u00e0 son encontre et d&rsquo;exiger la r\u00e9paration du dommage au cas o\u00f9 ses donn\u00e9es seraient endommag\u00e9es en raison du traitement en violation de la l\u00e9gislation applicable.<\/p>\n\n<p>Lorsque l&rsquo;utilisateur visite ce site, cela signifie qu&rsquo;il consent \u00e0 l&rsquo;utilisation de cookies et au traitement de ses donn\u00e9es personnelles dans le cadre de cette politique.<\/p>\n","protected":false},"excerpt":{"rendered":"<p>Dans tous les commentaires faits sur le site Senemasli.com, les adresses e-mail envoy\u00e9es au site par les utilisateurs et les adresses IP des utilisateurs ne sont jamais partag\u00e9es avec des institutions et personnes tierces. Les visiteurs du site ne peuvent pas voir ces informations. Les commentaires sont publi\u00e9s sur le site apr\u00e8s l&rsquo;approbation de l&rsquo;administrateur&#8230;.<\/p>\n","protected":false},"author":1,"featured_media":0,"parent":0,"menu_order":0,"comment_status":"closed","ping_status":"open","template":"","meta":{"footnotes":""},"class_list":["post-2671","page","type-page","status-publish","hentry"],"yoast_head":"<!-- This site is optimized with the Yoast SEO plugin v24.2 - https:\/\/yoast.com\/wordpress\/plugins\/seo\/ -->\n<title>Politique de confidentialit\u00e9 - Dentiste Senem Asl\u0131 Ek\u015fio\u011flu<\/title>\n<meta name=\"description\" content=\"Politique de confidentialit\u00e9 du site Web du dentiste Senem Asl\u0131 Ek\u015fio\u011flu\" \/>\n<meta name=\"robots\" content=\"index, follow, max-snippet:-1, max-image-preview:large, max-video-preview:-1\" \/>\n<link rel=\"canonical\" href=\"https:\/\/www.senemasli.com\/fr\/politique-de-confidentialite\/\" \/>\n<meta property=\"og:locale\" content=\"fr_FR\" \/>\n<meta property=\"og:type\" content=\"article\" \/>\n<meta property=\"og:title\" content=\"Politique de confidentialit\u00e9 - Dentiste Senem Asl\u0131 Ek\u015fio\u011flu\" \/>\n<meta property=\"og:description\" content=\"Politique de confidentialit\u00e9 du site Web du dentiste Senem Asl\u0131 Ek\u015fio\u011flu\" \/>\n<meta property=\"og:url\" content=\"https:\/\/www.senemasli.com\/fr\/politique-de-confidentialite\/\" \/>\n<meta property=\"og:site_name\" content=\"Dentiste Senem Asl\u0131 Ek\u015fio\u011flu\" \/>\n<meta property=\"article:publisher\" content=\"https:\/\/www.facebook.com\/D%c4%b0%c5%9e-HEK%c4%b0M%c4%b0-SENEM-ASLI-EK%c5%9e%c4%b0O%c4%9eLU-204782806266798\" \/>\n<meta property=\"article:modified_time\" content=\"2021-01-28T04:18:55+00:00\" \/>\n<meta name=\"twitter:card\" content=\"summary_large_image\" \/>\n<meta name=\"twitter:label1\" content=\"Dur\u00e9e de lecture estim\u00e9e\" \/>\n\t<meta name=\"twitter:data1\" content=\"9 minutes\" \/>\n<script type=\"application\/ld+json\" class=\"yoast-schema-graph\">{\"@context\":\"https:\/\/schema.org\",\"@graph\":[{\"@type\":\"WebPage\",\"@id\":\"https:\/\/www.senemasli.com\/fr\/politique-de-confidentialite\/\",\"url\":\"https:\/\/www.senemasli.com\/fr\/politique-de-confidentialite\/\",\"name\":\"Politique de confidentialit\u00e9 - Dentiste Senem Asl\u0131 Ek\u015fio\u011flu\",\"isPartOf\":{\"@id\":\"https:\/\/www.senemasli.com\/fr\/#website\"},\"datePublished\":\"2021-01-28T04:18:49+00:00\",\"dateModified\":\"2021-01-28T04:18:55+00:00\",\"description\":\"Politique de confidentialit\u00e9 du site Web du dentiste Senem Asl\u0131 Ek\u015fio\u011flu\",\"breadcrumb\":{\"@id\":\"https:\/\/www.senemasli.com\/fr\/politique-de-confidentialite\/#breadcrumb\"},\"inLanguage\":\"fr-FR\",\"potentialAction\":[{\"@type\":\"ReadAction\",\"target\":[\"https:\/\/www.senemasli.com\/fr\/politique-de-confidentialite\/\"]}]},{\"@type\":\"BreadcrumbList\",\"@id\":\"https:\/\/www.senemasli.com\/fr\/politique-de-confidentialite\/#breadcrumb\",\"itemListElement\":[{\"@type\":\"ListItem\",\"position\":1,\"name\":\"Anasayfa\",\"item\":\"https:\/\/www.senemasli.com\/fr\/\"},{\"@type\":\"ListItem\",\"position\":2,\"name\":\"Politique de confidentialit\u00e9\"}]},{\"@type\":\"WebSite\",\"@id\":\"https:\/\/www.senemasli.com\/fr\/#website\",\"url\":\"https:\/\/www.senemasli.com\/fr\/\",\"name\":\"Dentiste Senem Asl\u0131 Ek\u015fio\u011flu\",\"description\":\"Bodrum\",\"publisher\":{\"@id\":\"https:\/\/www.senemasli.com\/fr\/#organization\"},\"potentialAction\":[{\"@type\":\"SearchAction\",\"target\":{\"@type\":\"EntryPoint\",\"urlTemplate\":\"https:\/\/www.senemasli.com\/fr\/?s={search_term_string}\"},\"query-input\":{\"@type\":\"PropertyValueSpecification\",\"valueRequired\":true,\"valueName\":\"search_term_string\"}}],\"inLanguage\":\"fr-FR\"},{\"@type\":\"Organization\",\"@id\":\"https:\/\/www.senemasli.com\/fr\/#organization\",\"name\":\"Dentiste Senem Asl\u0131 Ek\u015fio\u011flu - Bodrum, Mu\u011fla\",\"url\":\"https:\/\/www.senemasli.com\/fr\/\",\"logo\":{\"@type\":\"ImageObject\",\"inLanguage\":\"fr-FR\",\"@id\":\"https:\/\/www.senemasli.com\/fr\/#\/schema\/logo\/image\/\",\"url\":\"https:\/\/www.senemasli.com\/wp-content\/uploads\/2021\/01\/logo.png\",\"contentUrl\":\"https:\/\/www.senemasli.com\/wp-content\/uploads\/2021\/01\/logo.png\",\"width\":344,\"height\":120,\"caption\":\"Dentiste Senem Asl\u0131 Ek\u015fio\u011flu - Bodrum, Mu\u011fla\"},\"image\":{\"@id\":\"https:\/\/www.senemasli.com\/fr\/#\/schema\/logo\/image\/\"},\"sameAs\":[\"https:\/\/www.facebook.com\/D\u0130\u015e-HEK\u0130M\u0130-SENEM-ASLI-EK\u015e\u0130O\u011eLU-204782806266798\",\"https:\/\/www.instagram.com\/snmazoid\/\",\"https:\/\/www.linkedin.com\/in\/senem-asl\u0131-ek\u015fio\u011flu-350235204\/\"]}]}<\/script>\n<!-- \/ Yoast SEO plugin. -->","yoast_head_json":{"title":"Politique de confidentialit\u00e9 - Dentiste Senem Asl\u0131 Ek\u015fio\u011flu","description":"Politique de confidentialit\u00e9 du site Web du dentiste Senem Asl\u0131 Ek\u015fio\u011flu","robots":{"index":"index","follow":"follow","max-snippet":"max-snippet:-1","max-image-preview":"max-image-preview:large","max-video-preview":"max-video-preview:-1"},"canonical":"https:\/\/www.senemasli.com\/fr\/politique-de-confidentialite\/","og_locale":"fr_FR","og_type":"article","og_title":"Politique de confidentialit\u00e9 - Dentiste Senem Asl\u0131 Ek\u015fio\u011flu","og_description":"Politique de confidentialit\u00e9 du site Web du dentiste Senem Asl\u0131 Ek\u015fio\u011flu","og_url":"https:\/\/www.senemasli.com\/fr\/politique-de-confidentialite\/","og_site_name":"Dentiste Senem Asl\u0131 Ek\u015fio\u011flu","article_publisher":"https:\/\/www.facebook.com\/D%c4%b0%c5%9e-HEK%c4%b0M%c4%b0-SENEM-ASLI-EK%c5%9e%c4%b0O%c4%9eLU-204782806266798","article_modified_time":"2021-01-28T04:18:55+00:00","twitter_card":"summary_large_image","twitter_misc":{"Dur\u00e9e de lecture estim\u00e9e":"9 minutes"},"schema":{"@context":"https:\/\/schema.org","@graph":[{"@type":"WebPage","@id":"https:\/\/www.senemasli.com\/fr\/politique-de-confidentialite\/","url":"https:\/\/www.senemasli.com\/fr\/politique-de-confidentialite\/","name":"Politique de confidentialit\u00e9 - Dentiste Senem Asl\u0131 Ek\u015fio\u011flu","isPartOf":{"@id":"https:\/\/www.senemasli.com\/fr\/#website"},"datePublished":"2021-01-28T04:18:49+00:00","dateModified":"2021-01-28T04:18:55+00:00","description":"Politique de confidentialit\u00e9 du site Web du dentiste Senem Asl\u0131 Ek\u015fio\u011flu","breadcrumb":{"@id":"https:\/\/www.senemasli.com\/fr\/politique-de-confidentialite\/#breadcrumb"},"inLanguage":"fr-FR","potentialAction":[{"@type":"ReadAction","target":["https:\/\/www.senemasli.com\/fr\/politique-de-confidentialite\/"]}]},{"@type":"BreadcrumbList","@id":"https:\/\/www.senemasli.com\/fr\/politique-de-confidentialite\/#breadcrumb","itemListElement":[{"@type":"ListItem","position":1,"name":"Anasayfa","item":"https:\/\/www.senemasli.com\/fr\/"},{"@type":"ListItem","position":2,"name":"Politique de confidentialit\u00e9"}]},{"@type":"WebSite","@id":"https:\/\/www.senemasli.com\/fr\/#website","url":"https:\/\/www.senemasli.com\/fr\/","name":"Dentiste Senem Asl\u0131 Ek\u015fio\u011flu","description":"Bodrum","publisher":{"@id":"https:\/\/www.senemasli.com\/fr\/#organization"},"potentialAction":[{"@type":"SearchAction","target":{"@type":"EntryPoint","urlTemplate":"https:\/\/www.senemasli.com\/fr\/?s={search_term_string}"},"query-input":{"@type":"PropertyValueSpecification","valueRequired":true,"valueName":"search_term_string"}}],"inLanguage":"fr-FR"},{"@type":"Organization","@id":"https:\/\/www.senemasli.com\/fr\/#organization","name":"Dentiste Senem Asl\u0131 Ek\u015fio\u011flu - Bodrum, Mu\u011fla","url":"https:\/\/www.senemasli.com\/fr\/","logo":{"@type":"ImageObject","inLanguage":"fr-FR","@id":"https:\/\/www.senemasli.com\/fr\/#\/schema\/logo\/image\/","url":"https:\/\/www.senemasli.com\/wp-content\/uploads\/2021\/01\/logo.png","contentUrl":"https:\/\/www.senemasli.com\/wp-content\/uploads\/2021\/01\/logo.png","width":344,"height":120,"caption":"Dentiste Senem Asl\u0131 Ek\u015fio\u011flu - Bodrum, Mu\u011fla"},"image":{"@id":"https:\/\/www.senemasli.com\/fr\/#\/schema\/logo\/image\/"},"sameAs":["https:\/\/www.facebook.com\/D\u0130\u015e-HEK\u0130M\u0130-SENEM-ASLI-EK\u015e\u0130O\u011eLU-204782806266798","https:\/\/www.instagram.com\/snmazoid\/","https:\/\/www.linkedin.com\/in\/senem-asl\u0131-ek\u015fio\u011flu-350235204\/"]}]}},"_links":{"self":[{"href":"https:\/\/www.senemasli.com\/fr\/wp-json\/wp\/v2\/pages\/2671","targetHints":{"allow":["GET"]}}],"collection":[{"href":"https:\/\/www.senemasli.com\/fr\/wp-json\/wp\/v2\/pages"}],"about":[{"href":"https:\/\/www.senemasli.com\/fr\/wp-json\/wp\/v2\/types\/page"}],"author":[{"embeddable":true,"href":"https:\/\/www.senemasli.com\/fr\/wp-json\/wp\/v2\/users\/1"}],"replies":[{"embeddable":true,"href":"https:\/\/www.senemasli.com\/fr\/wp-json\/wp\/v2\/comments?post=2671"}],"version-history":[{"count":5,"href":"https:\/\/www.senemasli.com\/fr\/wp-json\/wp\/v2\/pages\/2671\/revisions"}],"predecessor-version":[{"id":2676,"href":"https:\/\/www.senemasli.com\/fr\/wp-json\/wp\/v2\/pages\/2671\/revisions\/2676"}],"wp:attachment":[{"href":"https:\/\/www.senemasli.com\/fr\/wp-json\/wp\/v2\/media?parent=2671"}],"curies":[{"name":"wp","href":"https:\/\/api.w.org\/{rel}","templated":true}]}}