{"id":2610,"date":"2021-01-28T07:01:54","date_gmt":"2021-01-28T04:01:54","guid":{"rendered":"https:\/\/www.senemasli.com\/galerie\/"},"modified":"2023-03-24T19:32:25","modified_gmt":"2023-03-24T16:32:25","slug":"galerie","status":"publish","type":"page","link":"https:\/\/www.senemasli.com\/fr\/galerie\/","title":{"rendered":"Galerie"},"content":{"rendered":"<p>[vc_row][vc_column][vc_tta_tabs style=\u00a0\u00bbflat\u00a0\u00bb shape=\u00a0\u00bbsquare\u00a0\u00bb color=\u00a0\u00bbblue\u00a0\u00bb active_section=\u00a0\u00bb1&Prime; no_fill_content_area=\u00a0\u00bbtrue\u00a0\u00bb el_class=\u00a0\u00bbno_paddings\u00a0\u00bb][vc_tta_section title=\u00a0\u00bbEn travaillant\u00a0\u00bb tab_id=\u00a0\u00bb1442484591910-31d48e69-f4d3&Prime;][vc_gallery type=\u00a0\u00bbimage_grid\u00a0\u00bb images=\u00a0\u00bb3521,3526,3561,3556,1987,3541,3581,3591,3701,3586,3576,3551,3571,3805,3778,3768,3835,3820,3815,1991,3825,3738,1995,1999,2003,2015,2027,2031,2035,2051,2059,2067,2071,2079,2083,2075,3855,3850,3845,3810,3840,3800,3546,3536,3790,3531,3773,3753,3733,3728,3723,3718,3713,3696,3691,3686,3681,3676,3671,3666,3661,3656,3651,3646,3641,3636,3631,3626,3621,3616,3611,3606,3601,3596,3566&Prime; img_size=\u00a0\u00bb350&#215;260&Prime; el_class=\u00a0\u00bbgallery\u00a0\u00bb][\/vc_tta_section][vc_tta_section title=\u00a0\u00bbInt\u00e9rieur\u00a0\u00bb tab_id=\u00a0\u00bb1442476562775-844cb34c-f70d\u00a0\u00bb][vc_gallery type=\u00a0\u00bbimage_grid\u00a0\u00bb images=\u00a0\u00bb1951,1935,1967,1955,1931,1939,1947,1959,1963&Prime; img_size=\u00a0\u00bb350&#215;260&Prime; el_class=\u00a0\u00bbgallery\u00a0\u00bb][\/vc_tta_section][vc_tta_section title=\u00a0\u00bbExt\u00e9rieur\u00a0\u00bb tab_id=\u00a0\u00bb1442484602292-6717ad42-9ab8&Prime;][vc_gallery type=\u00a0\u00bbimage_grid\u00a0\u00bb images=\u00a0\u00bb1863,1871,1879,1867,1875,3093&Prime; img_size=\u00a0\u00bb350&#215;260&Prime; el_class=\u00a0\u00bbgallery\u00a0\u00bb][\/vc_tta_section][vc_tta_section title=\u00a0\u00bbTraitements\u00a0\u00bb tab_id=\u00a0\u00bb1610927301510-873e0678-2468&Prime;][vc_gallery type=\u00a0\u00bbimage_grid\u00a0\u00bb images=\u00a0\u00bb2091,2095,2099,2103,2107,2111,3082,3087,3109,3284,3279,3516,3506,3501,3496,3491,3486,3481,3476,3471,3466,3461,3456&Prime;][\/vc_tta_section][\/vc_tta_tabs][vc_empty_space][\/vc_column][\/vc_row]<\/p>\n","protected":false},"excerpt":{"rendered":"<p>[vc_row][vc_column][vc_tta_tabs style=\u00a0\u00bbflat\u00a0\u00bb shape=\u00a0\u00bbsquare\u00a0\u00bb color=\u00a0\u00bbblue\u00a0\u00bb active_section=\u00a0\u00bb1&Prime; no_fill_content_area=\u00a0\u00bbtrue\u00a0\u00bb el_class=\u00a0\u00bbno_paddings\u00a0\u00bb][vc_tta_section title=\u00a0\u00bbEn travaillant\u00a0\u00bb tab_id=\u00a0\u00bb1442484591910-31d48e69-f4d3&Prime;][vc_gallery type=\u00a0\u00bbimage_grid\u00a0\u00bb images=\u00a0\u00bb3521,3526,3561,3556,1987,3541,3581,3591,3701,3586,3576,3551,3571,3805,3778,3768,3835,3820,3815,1991,3825,3738,1995,1999,2003,2015,2027,2031,2035,2051,2059,2067,2071,2079,2083,2075,3855,3850,3845,3810,3840,3800,3546,3536,3790,3531,3773,3753,3733,3728,3723,3718,3713,3696,3691,3686,3681,3676,3671,3666,3661,3656,3651,3646,3641,3636,3631,3626,3621,3616,3611,3606,3601,3596,3566&Prime; img_size=\u00a0\u00bb350&#215;260&Prime; el_class=\u00a0\u00bbgallery\u00a0\u00bb][\/vc_tta_section][vc_tta_section title=\u00a0\u00bbInt\u00e9rieur\u00a0\u00bb tab_id=\u00a0\u00bb1442476562775-844cb34c-f70d\u00a0\u00bb][vc_gallery type=\u00a0\u00bbimage_grid\u00a0\u00bb images=\u00a0\u00bb1951,1935,1967,1955,1931,1939,1947,1959,1963&Prime; img_size=\u00a0\u00bb350&#215;260&Prime; el_class=\u00a0\u00bbgallery\u00a0\u00bb][\/vc_tta_section][vc_tta_section title=\u00a0\u00bbExt\u00e9rieur\u00a0\u00bb tab_id=\u00a0\u00bb1442484602292-6717ad42-9ab8&Prime;][vc_gallery type=\u00a0\u00bbimage_grid\u00a0\u00bb images=\u00a0\u00bb1863,1871,1879,1867,1875,3093&Prime; img_size=\u00a0\u00bb350&#215;260&Prime; el_class=\u00a0\u00bbgallery\u00a0\u00bb][\/vc_tta_section][vc_tta_section title=\u00a0\u00bbTraitements\u00a0\u00bb tab_id=\u00a0\u00bb1610927301510-873e0678-2468&Prime;][vc_gallery type=\u00a0\u00bbimage_grid\u00a0\u00bb images=\u00a0\u00bb2091,2095,2099,2103,2107,2111,3082,3087,3109,3284,3279,3516,3506,3501,3496,3491,3486,3481,3476,3471,3466,3461,3456&Prime;][\/vc_tta_section][\/vc_tta_tabs][vc_empty_space][\/vc_column][\/vc_row]<\/p>\n","protected":false},"author":1,"featured_media":0,"parent":0,"menu_order":0,"comment_status":"closed","ping_status":"closed","template":"","meta":{"footnotes":""},"class_list":["post-2610","page","type-page","status-publish","hentry"],"yoast_head":"<!-- This site is optimized with the Yoast SEO plugin v24.2 - https:\/\/yoast.com\/wordpress\/plugins\/seo\/ -->\n<title>Galerie - Dentiste Senem Asl\u0131 Ek\u015fio\u011flu<\/title>\n<meta name=\"description\" content=\"Galerie Dentiste Senem Asl\u0131 Ek\u015fio\u011flu. Photos des bureaux de Bodrum Mu\u011fla, photos de traitements, photos de l&#039;int\u00e9rieur et de l&#039;ext\u00e9rieur.\" \/>\n<meta name=\"robots\" content=\"index, follow, max-snippet:-1, max-image-preview:large, max-video-preview:-1\" \/>\n<link rel=\"canonical\" href=\"https:\/\/www.senemasli.com\/fr\/galerie\/\" \/>\n<meta property=\"og:locale\" content=\"fr_FR\" \/>\n<meta property=\"og:type\" content=\"article\" \/>\n<meta property=\"og:title\" content=\"Galerie - Dentiste Senem Asl\u0131 Ek\u015fio\u011flu\" \/>\n<meta property=\"og:description\" content=\"Galerie Dentiste Senem Asl\u0131 Ek\u015fio\u011flu. Photos des bureaux de Bodrum Mu\u011fla, photos de traitements, photos de l&#039;int\u00e9rieur et de l&#039;ext\u00e9rieur.\" \/>\n<meta property=\"og:url\" content=\"https:\/\/www.senemasli.com\/fr\/galerie\/\" \/>\n<meta property=\"og:site_name\" content=\"Dentiste Senem Asl\u0131 Ek\u015fio\u011flu\" \/>\n<meta property=\"article:publisher\" content=\"https:\/\/www.facebook.com\/D%c4%b0%c5%9e-HEK%c4%b0M%c4%b0-SENEM-ASLI-EK%c5%9e%c4%b0O%c4%9eLU-204782806266798\" \/>\n<meta property=\"article:modified_time\" content=\"2023-03-24T16:32:25+00:00\" \/>\n<meta name=\"twitter:card\" content=\"summary_large_image\" \/>\n<meta name=\"twitter:label1\" content=\"Dur\u00e9e de lecture estim\u00e9e\" \/>\n\t<meta name=\"twitter:data1\" content=\"1 minute\" \/>\n<script type=\"application\/ld+json\" class=\"yoast-schema-graph\">{\"@context\":\"https:\/\/schema.org\",\"@graph\":[{\"@type\":\"WebPage\",\"@id\":\"https:\/\/www.senemasli.com\/fr\/galerie\/\",\"url\":\"https:\/\/www.senemasli.com\/fr\/galerie\/\",\"name\":\"Galerie - Dentiste Senem Asl\u0131 Ek\u015fio\u011flu\",\"isPartOf\":{\"@id\":\"https:\/\/www.senemasli.com\/fr\/#website\"},\"datePublished\":\"2021-01-28T04:01:54+00:00\",\"dateModified\":\"2023-03-24T16:32:25+00:00\",\"description\":\"Galerie Dentiste Senem Asl\u0131 Ek\u015fio\u011flu. Photos des bureaux de Bodrum Mu\u011fla, photos de traitements, photos de l'int\u00e9rieur et de l'ext\u00e9rieur.\",\"breadcrumb\":{\"@id\":\"https:\/\/www.senemasli.com\/fr\/galerie\/#breadcrumb\"},\"inLanguage\":\"fr-FR\",\"potentialAction\":[{\"@type\":\"ReadAction\",\"target\":[\"https:\/\/www.senemasli.com\/fr\/galerie\/\"]}]},{\"@type\":\"BreadcrumbList\",\"@id\":\"https:\/\/www.senemasli.com\/fr\/galerie\/#breadcrumb\",\"itemListElement\":[{\"@type\":\"ListItem\",\"position\":1,\"name\":\"Anasayfa\",\"item\":\"https:\/\/www.senemasli.com\/fr\/\"},{\"@type\":\"ListItem\",\"position\":2,\"name\":\"Galerie\"}]},{\"@type\":\"WebSite\",\"@id\":\"https:\/\/www.senemasli.com\/fr\/#website\",\"url\":\"https:\/\/www.senemasli.com\/fr\/\",\"name\":\"Dentiste Senem Asl\u0131 Ek\u015fio\u011flu\",\"description\":\"Bodrum\",\"publisher\":{\"@id\":\"https:\/\/www.senemasli.com\/fr\/#organization\"},\"potentialAction\":[{\"@type\":\"SearchAction\",\"target\":{\"@type\":\"EntryPoint\",\"urlTemplate\":\"https:\/\/www.senemasli.com\/fr\/?s={search_term_string}\"},\"query-input\":{\"@type\":\"PropertyValueSpecification\",\"valueRequired\":true,\"valueName\":\"search_term_string\"}}],\"inLanguage\":\"fr-FR\"},{\"@type\":\"Organization\",\"@id\":\"https:\/\/www.senemasli.com\/fr\/#organization\",\"name\":\"Dentiste Senem Asl\u0131 Ek\u015fio\u011flu - Bodrum, Mu\u011fla\",\"url\":\"https:\/\/www.senemasli.com\/fr\/\",\"logo\":{\"@type\":\"ImageObject\",\"inLanguage\":\"fr-FR\",\"@id\":\"https:\/\/www.senemasli.com\/fr\/#\/schema\/logo\/image\/\",\"url\":\"https:\/\/www.senemasli.com\/wp-content\/uploads\/2021\/01\/logo.png\",\"contentUrl\":\"https:\/\/www.senemasli.com\/wp-content\/uploads\/2021\/01\/logo.png\",\"width\":344,\"height\":120,\"caption\":\"Dentiste Senem Asl\u0131 Ek\u015fio\u011flu - Bodrum, Mu\u011fla\"},\"image\":{\"@id\":\"https:\/\/www.senemasli.com\/fr\/#\/schema\/logo\/image\/\"},\"sameAs\":[\"https:\/\/www.facebook.com\/D\u0130\u015e-HEK\u0130M\u0130-SENEM-ASLI-EK\u015e\u0130O\u011eLU-204782806266798\",\"https:\/\/www.instagram.com\/snmazoid\/\",\"https:\/\/www.linkedin.com\/in\/senem-asl\u0131-ek\u015fio\u011flu-350235204\/\"]}]}<\/script>\n<!-- \/ Yoast SEO plugin. -->","yoast_head_json":{"title":"Galerie - Dentiste Senem Asl\u0131 Ek\u015fio\u011flu","description":"Galerie Dentiste Senem Asl\u0131 Ek\u015fio\u011flu. Photos des bureaux de Bodrum Mu\u011fla, photos de traitements, photos de l'int\u00e9rieur et de l'ext\u00e9rieur.","robots":{"index":"index","follow":"follow","max-snippet":"max-snippet:-1","max-image-preview":"max-image-preview:large","max-video-preview":"max-video-preview:-1"},"canonical":"https:\/\/www.senemasli.com\/fr\/galerie\/","og_locale":"fr_FR","og_type":"article","og_title":"Galerie - Dentiste Senem Asl\u0131 Ek\u015fio\u011flu","og_description":"Galerie Dentiste Senem Asl\u0131 Ek\u015fio\u011flu. Photos des bureaux de Bodrum Mu\u011fla, photos de traitements, photos de l'int\u00e9rieur et de l'ext\u00e9rieur.","og_url":"https:\/\/www.senemasli.com\/fr\/galerie\/","og_site_name":"Dentiste Senem Asl\u0131 Ek\u015fio\u011flu","article_publisher":"https:\/\/www.facebook.com\/D%c4%b0%c5%9e-HEK%c4%b0M%c4%b0-SENEM-ASLI-EK%c5%9e%c4%b0O%c4%9eLU-204782806266798","article_modified_time":"2023-03-24T16:32:25+00:00","twitter_card":"summary_large_image","twitter_misc":{"Dur\u00e9e de lecture estim\u00e9e":"1 minute"},"schema":{"@context":"https:\/\/schema.org","@graph":[{"@type":"WebPage","@id":"https:\/\/www.senemasli.com\/fr\/galerie\/","url":"https:\/\/www.senemasli.com\/fr\/galerie\/","name":"Galerie - Dentiste Senem Asl\u0131 Ek\u015fio\u011flu","isPartOf":{"@id":"https:\/\/www.senemasli.com\/fr\/#website"},"datePublished":"2021-01-28T04:01:54+00:00","dateModified":"2023-03-24T16:32:25+00:00","description":"Galerie Dentiste Senem Asl\u0131 Ek\u015fio\u011flu. Photos des bureaux de Bodrum Mu\u011fla, photos de traitements, photos de l'int\u00e9rieur et de l'ext\u00e9rieur.","breadcrumb":{"@id":"https:\/\/www.senemasli.com\/fr\/galerie\/#breadcrumb"},"inLanguage":"fr-FR","potentialAction":[{"@type":"ReadAction","target":["https:\/\/www.senemasli.com\/fr\/galerie\/"]}]},{"@type":"BreadcrumbList","@id":"https:\/\/www.senemasli.com\/fr\/galerie\/#breadcrumb","itemListElement":[{"@type":"ListItem","position":1,"name":"Anasayfa","item":"https:\/\/www.senemasli.com\/fr\/"},{"@type":"ListItem","position":2,"name":"Galerie"}]},{"@type":"WebSite","@id":"https:\/\/www.senemasli.com\/fr\/#website","url":"https:\/\/www.senemasli.com\/fr\/","name":"Dentiste Senem Asl\u0131 Ek\u015fio\u011flu","description":"Bodrum","publisher":{"@id":"https:\/\/www.senemasli.com\/fr\/#organization"},"potentialAction":[{"@type":"SearchAction","target":{"@type":"EntryPoint","urlTemplate":"https:\/\/www.senemasli.com\/fr\/?s={search_term_string}"},"query-input":{"@type":"PropertyValueSpecification","valueRequired":true,"valueName":"search_term_string"}}],"inLanguage":"fr-FR"},{"@type":"Organization","@id":"https:\/\/www.senemasli.com\/fr\/#organization","name":"Dentiste Senem Asl\u0131 Ek\u015fio\u011flu - Bodrum, Mu\u011fla","url":"https:\/\/www.senemasli.com\/fr\/","logo":{"@type":"ImageObject","inLanguage":"fr-FR","@id":"https:\/\/www.senemasli.com\/fr\/#\/schema\/logo\/image\/","url":"https:\/\/www.senemasli.com\/wp-content\/uploads\/2021\/01\/logo.png","contentUrl":"https:\/\/www.senemasli.com\/wp-content\/uploads\/2021\/01\/logo.png","width":344,"height":120,"caption":"Dentiste Senem Asl\u0131 Ek\u015fio\u011flu - Bodrum, Mu\u011fla"},"image":{"@id":"https:\/\/www.senemasli.com\/fr\/#\/schema\/logo\/image\/"},"sameAs":["https:\/\/www.facebook.com\/D\u0130\u015e-HEK\u0130M\u0130-SENEM-ASLI-EK\u015e\u0130O\u011eLU-204782806266798","https:\/\/www.instagram.com\/snmazoid\/","https:\/\/www.linkedin.com\/in\/senem-asl\u0131-ek\u015fio\u011flu-350235204\/"]}]}},"_links":{"self":[{"href":"https:\/\/www.senemasli.com\/fr\/wp-json\/wp\/v2\/pages\/2610","targetHints":{"allow":["GET"]}}],"collection":[{"href":"https:\/\/www.senemasli.com\/fr\/wp-json\/wp\/v2\/pages"}],"about":[{"href":"https:\/\/www.senemasli.com\/fr\/wp-json\/wp\/v2\/types\/page"}],"author":[{"embeddable":true,"href":"https:\/\/www.senemasli.com\/fr\/wp-json\/wp\/v2\/users\/1"}],"replies":[{"embeddable":true,"href":"https:\/\/www.senemasli.com\/fr\/wp-json\/wp\/v2\/comments?post=2610"}],"version-history":[{"count":22,"href":"https:\/\/www.senemasli.com\/fr\/wp-json\/wp\/v2\/pages\/2610\/revisions"}],"predecessor-version":[{"id":4112,"href":"https:\/\/www.senemasli.com\/fr\/wp-json\/wp\/v2\/pages\/2610\/revisions\/4112"}],"wp:attachment":[{"href":"https:\/\/www.senemasli.com\/fr\/wp-json\/wp\/v2\/media?parent=2610"}],"curies":[{"name":"wp","href":"https:\/\/api.w.org\/{rel}","templated":true}]}}