{"id":2139,"date":"2021-01-24T20:15:57","date_gmt":"2021-01-24T17:15:57","guid":{"rendered":"https:\/\/www.senemasli.com\/page-daccueil\/"},"modified":"2024-12-18T01:36:06","modified_gmt":"2024-12-17T22:36:06","slug":"page-daccueil","status":"publish","type":"page","link":"https:\/\/www.senemasli.com\/fr\/","title":{"rendered":"Page d&rsquo;accueil"},"content":{"rendered":"<p>[vc_row css=\u00a0\u00bb.vc_custom_1439796249329{margin-bottom: 0px !important;}\u00a0\u00bb][vc_column][rev_slider_vc alias=\u00a0\u00bbmain_slider\u00a0\u00bb][\/vc_column][\/vc_row][vc_row el_class=\u00a0\u00bboverflowed_content\u00a0\u00bb css=\u00a0\u00bb.vc_custom_1439880673570{margin-bottom: 0px !important;}\u00a0\u00bb][vc_column width=\u00a0\u00bb1\/3&Prime; css=\u00a0\u00bb.vc_custom_1439878727322{margin-top: -100px !important;padding-right: 0px !important;}\u00a0\u00bb][stm_icon_box icon=\u00a0\u00bbstm-icon-medical\u00a0\u00bb style=\u00a0\u00bbicon_right\u00a0\u00bb icon_size=\u00a0\u00bb110&Prime; animation=\u00a0\u00bbenable\u00a0\u00bb draw=\u00a0\u00bbenable\u00a0\u00bb draw_width=\u00a0\u00bb80&Prime; icon_width=\u00a0\u00bb100&Prime; title=\u00a0\u00bbImplants dentaires\u00a0\u00bb css=\u00a0\u00bb.vc_custom_1611204315128{padding-top: 45px !important;padding-right: 40px !important;padding-bottom: 45px !important;padding-left: 40px !important;}\u00a0\u00bb link=\u00a0\u00bburl:https%3A%2F%2Fwww.senemasli.com%2Fhizmetler%2Fdis-implantlari%2F|title:Di%C5%9F%20%C4%B0mplantlar%C4%B1&Prime; el_class=\u00a0\u00bbbase_background_color mobile_adaptive\u00a0\u00bb]<\/p>\n<p class=\"p1\">Avec les implants, les probl\u00e8mes de dents manquantes sont \u00e9limin\u00e9s avec une longue dur\u00e9e de vie sans vous couper des dents saines.<\/p>\n<p>[\/stm_icon_box][\/vc_column][vc_column width=\u00a0\u00bb1\/3&Prime; css=\u00a0\u00bb.vc_custom_1439878731029{margin-top: -100px !important;padding-right: 0px !important;padding-left: 0px !important;}\u00a0\u00bb][stm_icon_box icon=\u00a0\u00bbstm-icon-tooth-2&Prime; style=\u00a0\u00bbicon_right\u00a0\u00bb icon_size=\u00a0\u00bb110&Prime; animation=\u00a0\u00bbenable\u00a0\u00bb title=\u00a0\u00bbPorcelaine de zirconium\u00a0\u00bb css=\u00a0\u00bb.vc_custom_1611204203167{padding-top: 45px !important;padding-right: 40px !important;padding-bottom: 45px !important;padding-left: 40px !important;}\u00a0\u00bb link=\u00a0\u00bburl:https%3A%2F%2Fwww.senemasli.com%2Fhizmetler%2Fzirkonyum-porselen%2F|title:Zirkonyum%20Porselen\u00a0\u00bb el_class=\u00a0\u00bbsecondary_background_color mobile_adaptive\u00a0\u00bb]<\/p>\n<p class=\"p1\">Les porcelaines en m\u00e9tal zirconium sont une bonne alternative aux ponts m\u00e9talliques avec leur durabilit\u00e9 et leur dur\u00e9e de vie.<\/p>\n<p>[\/stm_icon_box][\/vc_column][vc_column width=\u00a0\u00bb1\/3&Prime; css=\u00a0\u00bb.vc_custom_1439878734259{margin-top: -100px !important;padding-left: 0px !important;}\u00a0\u00bb][stm_icon_box icon=\u00a0\u00bbstm-icon-tooth-3&Prime; style=\u00a0\u00bbicon_right\u00a0\u00bb icon_size=\u00a0\u00bb110&Prime; animation=\u00a0\u00bbenable\u00a0\u00bb title=\u00a0\u00bbPlacage stratifi\u00e9\u00a0\u00bb css=\u00a0\u00bb.vc_custom_1611204267736{padding-top: 45px !important;padding-right: 40px !important;padding-bottom: 45px !important;padding-left: 40px !important;background-color: #4c6575 !important;}\u00a0\u00bb link=\u00a0\u00bburl:https%3A%2F%2Fwww.senemasli.com%2Fhizmetler%2Fas-dental-professionals-we-believe-in-preventive-dental-care%2F|title:Laminate%20Veener\u00a0\u00bb el_class=\u00a0\u00bbmobile_adaptive\u00a0\u00bb]<\/p>\n<p class=\"p1\">D\u00e9couvrez les porcelaines en feuille, l&rsquo;approche dentaire la plus esth\u00e9tique pour l&rsquo;esth\u00e9tique du sourire et la conception du sourire.<\/p>\n<p>[\/stm_icon_box][\/vc_column][\/vc_row][vc_row el_class=\u00a0\u00bbtable_block\u00a0\u00bb css=\u00a0\u00bb.vc_custom_1439899405856{margin-bottom: 0px !important;}\u00a0\u00bb][vc_column width=\u00a0\u00bb2\/3&Prime; css=\u00a0\u00bb.vc_custom_1443254508274{padding-top: 50px !important;padding-bottom: 50px !important;}\u00a0\u00bb][vc_custom_heading text=\u00a0\u00bbApprendre \u00e0 me conna\u00eetre\u00a0\u00bb font_container=\u00a0\u00bbtag:h2|text_align:left|color:%234c4c4c\u00a0\u00bb use_theme_fonts=\u00a0\u00bbyes\u00a0\u00bb css=\u00a0\u00bb.vc_custom_1610100751733{margin-bottom: 20px !important;}\u00a0\u00bb][vc_custom_heading text=\u00a0\u00bbRencontre avec le dentiste Senem Asl\u0131 Ek\u015fio\u011flu\u00a0\u00bb font_container=\u00a0\u00bbtag:div|font_size:30px|text_align:left|color:%23c2c2c2|line_height:40px\u00a0\u00bb google_fonts=\u00a0\u00bbfont_family:Playfair%20Display%3Aregular%2Citalic%2C700%2C700italic%2C900%2C900italic|font_style:400%20italic%3A400%3Aitalic\u00a0\u00bb css=\u00a0\u00bb.vc_custom_1610100773143{margin-bottom: 30px !important;}\u00a0\u00bb][vc_column_text]<\/p>\n<figure id=\"attachment_3805\" aria-describedby=\"caption-attachment-3805\" style=\"width: 300px\" class=\"wp-caption alignleft\"><img loading=\"lazy\" decoding=\"async\" class=\"full_width_mobile wp-image-3803 size-medium\" src=\"https:\/\/www.senemasli.com\/wp-content\/uploads\/2022\/05\/senem-05-300x221.jpg\" alt=\"Dentiste Senem Asl\u0131 Ek\u015fio\u011flu, Bodrum\" width=\"300\" height=\"221\" srcset=\"https:\/\/www.senemasli.com\/wp-content\/uploads\/2022\/05\/senem-05-300x221.jpg 300w, https:\/\/www.senemasli.com\/wp-content\/uploads\/2022\/05\/senem-05-1024x753.jpg 1024w, https:\/\/www.senemasli.com\/wp-content\/uploads\/2022\/05\/senem-05-768x565.jpg 768w, https:\/\/www.senemasli.com\/wp-content\/uploads\/2022\/05\/senem-05.jpg 1200w\" sizes=\"auto, (max-width: 300px) 100vw, 300px\" \/><figcaption id=\"caption-attachment-3805\" class=\"wp-caption-text\">Dentiste Senem Asl\u0131 Ek\u015fio\u011flu, Bodrum<\/figcaption><\/figure>\n<p>Je suis n\u00e9 en 1984 \u00e0 Ankara. J&rsquo;ai termin\u00e9 mes \u00e9tudes primaires, secondaires et secondaires au Ankara Ar\u0131 College et au Ar\u0131 Science High School.<br \/>\nJe suis dipl\u00f4m\u00e9 de la Facult\u00e9 de m\u00e9decine dentaire de l&rsquo;Universit\u00e9 d&rsquo;Ankara en 2007.<br \/>\nJ&rsquo;ai exploit\u00e9 mon propre cabinet \u00e0 Sakarya Karasu entre 2008-2020.<br \/>\nEn octobre 2020, j&rsquo;ai ouvert ma clinique \u00e0 Mu\u011fla Bodrum. Je suis mari\u00e9 et j&rsquo;ai un enfant.[\/vc_column_text][vc_btn title=\u00a0\u00bbLire la suite\u00a0\u00bb color=\u00a0\u00bbjuicy-pink\u00a0\u00bb i_icon_fontawesome=\u00a0\u00bbfas fa-glasses\u00a0\u00bb add_icon=\u00a0\u00bbtrue\u00a0\u00bb link=\u00a0\u00bburl:https%3A%2F%2Fwww.senemasli.com%2Ffr%2Fapprendre-a-me-connaitre%2F|title:Apprendre%20a%20nous%20connaitre|\u00a0\u00bb][\/vc_column][vc_column width=\u00a0\u00bb1\/3&Prime; css=\u00a0\u00bb.vc_custom_1439899240148{padding-top: 50px !important;padding-right: 60px !important;padding-bottom: 70px !important;padding-left: 60px !important;background-color: #f6f6f6 !important;}\u00a0\u00bb][stm_image_carousel images_to_show=\u00a0\u00bb3&Prime; images_to_show_tablet=\u00a0\u00bb4&Prime; images_to_show_mobile=\u00a0\u00bb3&Prime; images=\u00a0\u00bb1426,1427,1428,1429,1430,1431,1432,1433,1434,1435,1436,1437,1438,1439,1440,1441,1442,1443,1444,1445,3887&Prime; title=\u00a0\u00bbCertificats de sp\u00e9cialisation\u00a0\u00bb title_color=\u00a0\u00bb#4c4c4c\u00a0\u00bb][\/vc_column][\/vc_row][vc_row full_width=\u00a0\u00bbstretch_row\u00a0\u00bb css=\u00a0\u00bb.vc_custom_1443254699136{margin-bottom: 0px !important;padding-top: 60px !important;padding-bottom: 40px !important;}\u00a0\u00bb el_class=\u00a0\u00bbbase_background_color\u00a0\u00bb][vc_column][vc_custom_heading text=\u00a0\u00bbMon approche de traitement\u00a0\u00bb font_container=\u00a0\u00bbtag:h2|text_align:left|color:%23ffffff\u00a0\u00bb use_theme_fonts=\u00a0\u00bbyes\u00a0\u00bb css=\u00a0\u00bb.vc_custom_1610237748530{margin-bottom: 70px !important;}\u00a0\u00bb][vc_row_inner][vc_column_inner width=\u00a0\u00bb1\/2&Prime; offset=\u00a0\u00bbvc_col-lg-3 vc_col-md-3&Prime; css=\u00a0\u00bb.vc_custom_1443254710022{padding-bottom: 40px !important;}\u00a0\u00bb][stm_icon_box title_font_size=\u00a0\u00bb24&Prime; title_font_weight=\u00a0\u00bb300&Prime; icon=\u00a0\u00bbstm-icon-computer\u00a0\u00bb icon_size=\u00a0\u00bb52&Prime; icon_height=\u00a0\u00bb90&Prime; title=\u00a0\u00bbTraitement correct personnalis\u00e9\u00a0\u00bb link=\u00a0\u00bb||\u00a0\u00bb title_color=\u00a0\u00bb#ffffff\u00a0\u00bb]<\/p>\n<p class=\"p1\"><span style=\"font-weight: 400; color: #ebebeb;\">Fort de mes 16 ann\u00e9es d&rsquo;exp\u00e9rience, je d\u00e9termine pour vous les m\u00e9thodes de traitement les plus appropri\u00e9es et vous les pr\u00e9sente avec des alternatives.<\/span><\/p>\n<p>[\/stm_icon_box][\/vc_column_inner][vc_column_inner width=\u00a0\u00bb1\/2&Prime; offset=\u00a0\u00bbvc_col-lg-3 vc_col-md-3&Prime; css=\u00a0\u00bb.vc_custom_1443254718746{padding-bottom: 40px !important;}\u00a0\u00bb][stm_icon_box title_font_size=\u00a0\u00bb24&Prime; title_font_weight=\u00a0\u00bb300&Prime; icon=\u00a0\u00bbstm-icon-tooth-4&Prime; icon_size=\u00a0\u00bb63&Prime; icon_height=\u00a0\u00bb90&Prime; title=\u00a0\u00bbUtilisation de technologies innovantes\u00a0\u00bb]<\/p>\n<p class=\"p1\"><span style=\"color: #ebebeb;\">Je suis constamment les \u00e9volutions technologiques li\u00e9es \u00e0 mon m\u00e9tier, les innovations, et les ajoute \u00e0 mes soins.<\/span><\/p>\n<p>[\/stm_icon_box][\/vc_column_inner][vc_column_inner width=\u00a0\u00bb1\/2&Prime; css=\u00a0\u00bb.vc_custom_1443254731860{padding-bottom: 40px !important;}\u00a0\u00bb offset=\u00a0\u00bbvc_col-lg-3 vc_col-md-3&Prime;][stm_icon_box title_font_size=\u00a0\u00bb24&Prime; title_font_weight=\u00a0\u00bb300&Prime; icon=\u00a0\u00bbstm-icon-tooth-5&Prime; icon_size=\u00a0\u00bb54&Prime; icon_height=\u00a0\u00bb90&Prime; title=\u00a0\u00bbSatisfaction inconditionnelle des patients\u00a0\u00bb]<\/p>\n<p class=\"p1\"><span style=\"color: #ebebeb;\">Il est important pour moi que vous soyez satisfait du service que vous avez re\u00e7u de ma part et que vous trouviez une solution \u00e0 long terme.<\/span><\/p>\n<p>[\/stm_icon_box][\/vc_column_inner][vc_column_inner width=\u00a0\u00bb1\/2&Prime; css=\u00a0\u00bb.vc_custom_1443254742860{padding-bottom: 40px !important;}\u00a0\u00bb offset=\u00a0\u00bbvc_col-lg-3 vc_col-md-3&Prime;][stm_icon_box title_font_size=\u00a0\u00bb24&Prime; title_font_weight=\u00a0\u00bb300&Prime; icon=\u00a0\u00bbstm-icon-sertificate\u00a0\u00bb icon_size=\u00a0\u00bb63&Prime; icon_height=\u00a0\u00bb90&Prime; title=\u00a0\u00bbFormation continue et certification\u00a0\u00bb]<\/p>\n<p class=\"p1\"><span style=\"color: #ebebeb;\">Je m&rsquo;am\u00e9liore dans diff\u00e9rents domaines de la dentisterie avec de nouvelles formations et certificats.<\/span><\/p>\n<p>[\/stm_icon_box][\/vc_column_inner][\/vc_row_inner][\/vc_column][\/vc_row][vc_row full_width=\u00a0\u00bbstretch_row\u00a0\u00bb css=\u00a0\u00bb.vc_custom_1443264919324{margin-bottom: 60px !important;padding-top: 20px !important;padding-bottom: 20px !important;background-color: #4c6575 !important;}\u00a0\u00bb][vc_column width=\u00a0\u00bb1\/3&Prime; css=\u00a0\u00bb.vc_custom_1443264932250{padding-top: 30px !important;padding-bottom: 30px !important;}\u00a0\u00bb][stm_stats_counter counter_value=\u00a0\u00bb19&Prime; title=\u00a0\u00bbdes ann\u00e9es d&rsquo;exp\u00e9rience\u00a0\u00bb font_color=\u00a0\u00bb#ffffff\u00a0\u00bb counter_width=\u00a0\u00bb57&Prime;][\/vc_column][vc_column width=\u00a0\u00bb1\/3&Prime; css=\u00a0\u00bb.vc_custom_1443264937585{padding-top: 30px !important;padding-bottom: 30px !important;}\u00a0\u00bb][stm_stats_counter counter_value=\u00a0\u00bb46&Prime; title=\u00a0\u00bbparticipation \u00e0 la conf\u00e9rence\u00a0\u00bb font_color=\u00a0\u00bb#ffffff\u00a0\u00bb counter_width=\u00a0\u00bb63&Prime;][\/vc_column][vc_column width=\u00a0\u00bb1\/3&Prime; css=\u00a0\u00bb.vc_custom_1443264948857{padding-top: 30px !important;padding-bottom: 30px !important;}\u00a0\u00bb][stm_stats_counter counter_value=\u00a0\u00bb21&Prime; title=\u00a0\u00bbcertificat d&rsquo;expertise\u00a0\u00bb font_color=\u00a0\u00bb#ffffff\u00a0\u00bb counter_width=\u00a0\u00bb58&Prime;][\/vc_column][\/vc_row][vc_row css=\u00a0\u00bb.vc_custom_1616774798882{margin-bottom: 70px !important;}\u00a0\u00bb][vc_column][stm_testimonials count=\u00a0\u00bb8&Prime; testimonials_to_show=\u00a0\u00bb3&Prime; title=\u00a0\u00bbCommentaires des patients\u00a0\u00bb][\/vc_column][\/vc_row][vc_row full_width=\u00a0\u00bbstretch_row_content_no_spaces\u00a0\u00bb css=\u00a0\u00bb.vc_custom_1616773094211{margin-bottom: 0px !important;}\u00a0\u00bb][vc_column][stm_gmap map_zoom=\u00a0\u00bb15&Prime; disable_mouse_whell=\u00a0\u00bbdisable\u00a0\u00bb lat=\u00a0\u00bb37.0465071&Prime; lng=\u00a0\u00bb27.3915033&Prime;][\/vc_column][\/vc_row][vc_row css=\u00a0\u00bb.vc_custom_1440502646613{margin-bottom: 0px !important;}\u00a0\u00bb][vc_column width=\u00a0\u00bb2\/3&Prime;][vc_column_text][\/vc_column_text][\/vc_column][vc_column width=\u00a0\u00bb1\/3&Prime; css=\u00a0\u00bb.vc_custom_1443266080216{margin-top: -462px !important;}\u00a0\u00bb el_class=\u00a0\u00bbbase_background_color\u00a0\u00bb][stm_contacts_widget address=\u00a0\u00bbKonac\u0131k Mahallesi Kanuni Sultan S\u00fcleyman Cad. No 57\/A-3 (Sat\u0131o\u011flu \u0130\u015f Merkezi) Bodrum\/Mu\u011fla\u00a0\u00bb email=\u00a0\u00bbinfo@senemasli.com\u00a0\u00bb phone=\u00a0\u00bb+90 252 317 29 79 +90 530 052 50 48&Prime; hours=\u00a0\u00bbPzt &#8211; Cmt 10.00 &#8211; 18.00 Pazar KAPALI\u00a0\u00bb css=\u00a0\u00bb.vc_custom_1610047359203{padding-top: 52px !important;padding-right: 35px !important;padding-bottom: 53px !important;padding-left: 35px !important;}\u00a0\u00bb][\/vc_column][\/vc_row]<\/p>\n","protected":false},"excerpt":{"rendered":"<p>[vc_row css=\u00a0\u00bb.vc_custom_1439796249329{margin-bottom: 0px !important;}\u00a0\u00bb][vc_column][rev_slider_vc alias=\u00a0\u00bbmain_slider\u00a0\u00bb][\/vc_column][\/vc_row][vc_row el_class=\u00a0\u00bboverflowed_content\u00a0\u00bb css=\u00a0\u00bb.vc_custom_1439880673570{margin-bottom: 0px !important;}\u00a0\u00bb][vc_column width=\u00a0\u00bb1\/3&Prime; css=\u00a0\u00bb.vc_custom_1439878727322{margin-top: -100px !important;padding-right: 0px !important;}\u00a0\u00bb][stm_icon_box icon=\u00a0\u00bbstm-icon-medical\u00a0\u00bb style=\u00a0\u00bbicon_right\u00a0\u00bb icon_size=\u00a0\u00bb110&Prime; animation=\u00a0\u00bbenable\u00a0\u00bb draw=\u00a0\u00bbenable\u00a0\u00bb draw_width=\u00a0\u00bb80&Prime; icon_width=\u00a0\u00bb100&Prime; title=\u00a0\u00bbImplants dentaires\u00a0\u00bb css=\u00a0\u00bb.vc_custom_1611204315128{padding-top: 45px !important;padding-right: 40px !important;padding-bottom: 45px !important;padding-left: 40px !important;}\u00a0\u00bb link=\u00a0\u00bburl:https%3A%2F%2Fwww.senemasli.com%2Fhizmetler%2Fdis-implantlari%2F|title:Di%C5%9F%20%C4%B0mplantlar%C4%B1&Prime; el_class=\u00a0\u00bbbase_background_color mobile_adaptive\u00a0\u00bb] Avec les implants, les probl\u00e8mes de dents manquantes sont \u00e9limin\u00e9s avec une longue dur\u00e9e de vie sans vous couper&#8230;<\/p>\n","protected":false},"author":1,"featured_media":0,"parent":0,"menu_order":0,"comment_status":"closed","ping_status":"closed","template":"","meta":{"footnotes":""},"class_list":["post-2139","page","type-page","status-publish","hentry"],"yoast_head":"<!-- This site is optimized with the Yoast SEO plugin v24.2 - https:\/\/yoast.com\/wordpress\/plugins\/seo\/ -->\n<title>Dentiste Senem Asl\u0131 Ek\u015fio\u011flu - Bodrum, Mu\u011fla<\/title>\n<meta name=\"description\" content=\"Dentiste de Bodrum Senem Asl\u0131 Ek\u015fio\u011flu. Orthodontie, implant, porcelaine en feuille, orthop\u00e9die de la m\u00e2choire des enfants, obturation, traitement canalaire \u00e0 Bodrum ...\" \/>\n<meta name=\"robots\" content=\"index, follow, max-snippet:-1, max-image-preview:large, max-video-preview:-1\" \/>\n<link rel=\"canonical\" href=\"https:\/\/www.senemasli.com\/fr\/\" \/>\n<meta property=\"og:locale\" content=\"fr_FR\" \/>\n<meta property=\"og:type\" content=\"article\" \/>\n<meta property=\"og:title\" content=\"Dentiste Senem Asl\u0131 Ek\u015fio\u011flu | Bodrum, Mugla\" \/>\n<meta property=\"og:description\" content=\"Dentiste de Bodrum Senem Asl\u0131 Ek\u015fio\u011flu. Orthodontie, implant, porcelaine en feuille, orthop\u00e9die de la m\u00e2choire des enfants, obturation, traitement canalaire \u00e0 Bodrum ...\" \/>\n<meta property=\"og:url\" content=\"https:\/\/www.senemasli.com\/fr\/\" \/>\n<meta property=\"og:site_name\" content=\"Dentiste Senem Asl\u0131 Ek\u015fio\u011flu\" \/>\n<meta property=\"article:publisher\" content=\"https:\/\/www.facebook.com\/D%c4%b0%c5%9e-HEK%c4%b0M%c4%b0-SENEM-ASLI-EK%c5%9e%c4%b0O%c4%9eLU-204782806266798\" \/>\n<meta property=\"article:modified_time\" content=\"2024-12-17T22:36:06+00:00\" \/>\n<meta property=\"og:image\" content=\"https:\/\/www.senemasli.com\/wp-content\/uploads\/2021\/01\/dis-hekimi-senem-asli-eksioglu-bodrum-cover.jpg\" \/>\n<meta name=\"twitter:card\" content=\"summary_large_image\" \/>\n<meta name=\"twitter:title\" content=\"Dentiste Senem Asl\u0131 Ek\u015fio\u011flu | Bodrum, Mugla\" \/>\n<meta name=\"twitter:description\" content=\"Dentiste de Bodrum Senem Asl\u0131 Ek\u015fio\u011flu. Orthodontie, implant, porcelaine en feuille, orthop\u00e9die de la m\u00e2choire des enfants, obturation, traitement canalaire \u00e0 Bodrum ...\" \/>\n<meta name=\"twitter:image\" content=\"https:\/\/www.senemasli.com\/wp-content\/uploads\/2021\/01\/dis-hekimi-senem-asli-eksioglu-bodrum-cover.jpg\" \/>\n<meta name=\"twitter:label1\" content=\"Dur\u00e9e de lecture estim\u00e9e\" \/>\n\t<meta name=\"twitter:data1\" content=\"5 minutes\" \/>\n<script type=\"application\/ld+json\" class=\"yoast-schema-graph\">{\"@context\":\"https:\/\/schema.org\",\"@graph\":[{\"@type\":\"WebPage\",\"@id\":\"https:\/\/www.senemasli.com\/fr\/\",\"url\":\"https:\/\/www.senemasli.com\/fr\/\",\"name\":\"Dentiste Senem Asl\u0131 Ek\u015fio\u011flu - Bodrum, Mu\u011fla\",\"isPartOf\":{\"@id\":\"https:\/\/www.senemasli.com\/fr\/#website\"},\"primaryImageOfPage\":{\"@id\":\"https:\/\/www.senemasli.com\/fr\/#primaryimage\"},\"image\":{\"@id\":\"https:\/\/www.senemasli.com\/fr\/#primaryimage\"},\"thumbnailUrl\":\"https:\/\/www.senemasli.com\/wp-content\/uploads\/2022\/05\/senem-05-300x221.jpg\",\"datePublished\":\"2021-01-24T17:15:57+00:00\",\"dateModified\":\"2024-12-17T22:36:06+00:00\",\"description\":\"Dentiste de Bodrum Senem Asl\u0131 Ek\u015fio\u011flu. Orthodontie, implant, porcelaine en feuille, orthop\u00e9die de la m\u00e2choire des enfants, obturation, traitement canalaire \u00e0 Bodrum ...\",\"breadcrumb\":{\"@id\":\"https:\/\/www.senemasli.com\/fr\/#breadcrumb\"},\"inLanguage\":\"fr-FR\",\"potentialAction\":[{\"@type\":\"ReadAction\",\"target\":[\"https:\/\/www.senemasli.com\/fr\/\"]}]},{\"@type\":\"ImageObject\",\"inLanguage\":\"fr-FR\",\"@id\":\"https:\/\/www.senemasli.com\/fr\/#primaryimage\",\"url\":\"https:\/\/www.senemasli.com\/wp-content\/uploads\/2022\/05\/senem-05-300x221.jpg\",\"contentUrl\":\"https:\/\/www.senemasli.com\/wp-content\/uploads\/2022\/05\/senem-05-300x221.jpg\"},{\"@type\":\"BreadcrumbList\",\"@id\":\"https:\/\/www.senemasli.com\/fr\/#breadcrumb\",\"itemListElement\":[{\"@type\":\"ListItem\",\"position\":1,\"name\":\"Anasayfa\",\"item\":\"https:\/\/www.senemasli.com\/fr\/\"},{\"@type\":\"ListItem\",\"position\":2,\"name\":\"Page d&#8217;accueil\"}]},{\"@type\":\"WebSite\",\"@id\":\"https:\/\/www.senemasli.com\/fr\/#website\",\"url\":\"https:\/\/www.senemasli.com\/fr\/\",\"name\":\"Dentiste Senem Asl\u0131 Ek\u015fio\u011flu\",\"description\":\"Bodrum\",\"publisher\":{\"@id\":\"https:\/\/www.senemasli.com\/fr\/#organization\"},\"potentialAction\":[{\"@type\":\"SearchAction\",\"target\":{\"@type\":\"EntryPoint\",\"urlTemplate\":\"https:\/\/www.senemasli.com\/fr\/?s={search_term_string}\"},\"query-input\":{\"@type\":\"PropertyValueSpecification\",\"valueRequired\":true,\"valueName\":\"search_term_string\"}}],\"inLanguage\":\"fr-FR\"},{\"@type\":\"Organization\",\"@id\":\"https:\/\/www.senemasli.com\/fr\/#organization\",\"name\":\"Dentiste Senem Asl\u0131 Ek\u015fio\u011flu - Bodrum, Mu\u011fla\",\"url\":\"https:\/\/www.senemasli.com\/fr\/\",\"logo\":{\"@type\":\"ImageObject\",\"inLanguage\":\"fr-FR\",\"@id\":\"https:\/\/www.senemasli.com\/fr\/#\/schema\/logo\/image\/\",\"url\":\"https:\/\/www.senemasli.com\/wp-content\/uploads\/2021\/01\/logo.png\",\"contentUrl\":\"https:\/\/www.senemasli.com\/wp-content\/uploads\/2021\/01\/logo.png\",\"width\":344,\"height\":120,\"caption\":\"Dentiste Senem Asl\u0131 Ek\u015fio\u011flu - Bodrum, Mu\u011fla\"},\"image\":{\"@id\":\"https:\/\/www.senemasli.com\/fr\/#\/schema\/logo\/image\/\"},\"sameAs\":[\"https:\/\/www.facebook.com\/D\u0130\u015e-HEK\u0130M\u0130-SENEM-ASLI-EK\u015e\u0130O\u011eLU-204782806266798\",\"https:\/\/www.instagram.com\/snmazoid\/\",\"https:\/\/www.linkedin.com\/in\/senem-asl\u0131-ek\u015fio\u011flu-350235204\/\"]}]}<\/script>\n<!-- \/ Yoast SEO plugin. -->","yoast_head_json":{"title":"Dentiste Senem Asl\u0131 Ek\u015fio\u011flu - Bodrum, Mu\u011fla","description":"Dentiste de Bodrum Senem Asl\u0131 Ek\u015fio\u011flu. Orthodontie, implant, porcelaine en feuille, orthop\u00e9die de la m\u00e2choire des enfants, obturation, traitement canalaire \u00e0 Bodrum ...","robots":{"index":"index","follow":"follow","max-snippet":"max-snippet:-1","max-image-preview":"max-image-preview:large","max-video-preview":"max-video-preview:-1"},"canonical":"https:\/\/www.senemasli.com\/fr\/","og_locale":"fr_FR","og_type":"article","og_title":"Dentiste Senem Asl\u0131 Ek\u015fio\u011flu | Bodrum, Mugla","og_description":"Dentiste de Bodrum Senem Asl\u0131 Ek\u015fio\u011flu. Orthodontie, implant, porcelaine en feuille, orthop\u00e9die de la m\u00e2choire des enfants, obturation, traitement canalaire \u00e0 Bodrum ...","og_url":"https:\/\/www.senemasli.com\/fr\/","og_site_name":"Dentiste Senem Asl\u0131 Ek\u015fio\u011flu","article_publisher":"https:\/\/www.facebook.com\/D%c4%b0%c5%9e-HEK%c4%b0M%c4%b0-SENEM-ASLI-EK%c5%9e%c4%b0O%c4%9eLU-204782806266798","article_modified_time":"2024-12-17T22:36:06+00:00","og_image":[{"url":"https:\/\/www.senemasli.com\/wp-content\/uploads\/2021\/01\/dis-hekimi-senem-asli-eksioglu-bodrum-cover.jpg","type":"","width":"","height":""}],"twitter_card":"summary_large_image","twitter_title":"Dentiste Senem Asl\u0131 Ek\u015fio\u011flu | Bodrum, Mugla","twitter_description":"Dentiste de Bodrum Senem Asl\u0131 Ek\u015fio\u011flu. Orthodontie, implant, porcelaine en feuille, orthop\u00e9die de la m\u00e2choire des enfants, obturation, traitement canalaire \u00e0 Bodrum ...","twitter_image":"https:\/\/www.senemasli.com\/wp-content\/uploads\/2021\/01\/dis-hekimi-senem-asli-eksioglu-bodrum-cover.jpg","twitter_misc":{"Dur\u00e9e de lecture estim\u00e9e":"5 minutes"},"schema":{"@context":"https:\/\/schema.org","@graph":[{"@type":"WebPage","@id":"https:\/\/www.senemasli.com\/fr\/","url":"https:\/\/www.senemasli.com\/fr\/","name":"Dentiste Senem Asl\u0131 Ek\u015fio\u011flu - Bodrum, Mu\u011fla","isPartOf":{"@id":"https:\/\/www.senemasli.com\/fr\/#website"},"primaryImageOfPage":{"@id":"https:\/\/www.senemasli.com\/fr\/#primaryimage"},"image":{"@id":"https:\/\/www.senemasli.com\/fr\/#primaryimage"},"thumbnailUrl":"https:\/\/www.senemasli.com\/wp-content\/uploads\/2022\/05\/senem-05-300x221.jpg","datePublished":"2021-01-24T17:15:57+00:00","dateModified":"2024-12-17T22:36:06+00:00","description":"Dentiste de Bodrum Senem Asl\u0131 Ek\u015fio\u011flu. Orthodontie, implant, porcelaine en feuille, orthop\u00e9die de la m\u00e2choire des enfants, obturation, traitement canalaire \u00e0 Bodrum ...","breadcrumb":{"@id":"https:\/\/www.senemasli.com\/fr\/#breadcrumb"},"inLanguage":"fr-FR","potentialAction":[{"@type":"ReadAction","target":["https:\/\/www.senemasli.com\/fr\/"]}]},{"@type":"ImageObject","inLanguage":"fr-FR","@id":"https:\/\/www.senemasli.com\/fr\/#primaryimage","url":"https:\/\/www.senemasli.com\/wp-content\/uploads\/2022\/05\/senem-05-300x221.jpg","contentUrl":"https:\/\/www.senemasli.com\/wp-content\/uploads\/2022\/05\/senem-05-300x221.jpg"},{"@type":"BreadcrumbList","@id":"https:\/\/www.senemasli.com\/fr\/#breadcrumb","itemListElement":[{"@type":"ListItem","position":1,"name":"Anasayfa","item":"https:\/\/www.senemasli.com\/fr\/"},{"@type":"ListItem","position":2,"name":"Page d&#8217;accueil"}]},{"@type":"WebSite","@id":"https:\/\/www.senemasli.com\/fr\/#website","url":"https:\/\/www.senemasli.com\/fr\/","name":"Dentiste Senem Asl\u0131 Ek\u015fio\u011flu","description":"Bodrum","publisher":{"@id":"https:\/\/www.senemasli.com\/fr\/#organization"},"potentialAction":[{"@type":"SearchAction","target":{"@type":"EntryPoint","urlTemplate":"https:\/\/www.senemasli.com\/fr\/?s={search_term_string}"},"query-input":{"@type":"PropertyValueSpecification","valueRequired":true,"valueName":"search_term_string"}}],"inLanguage":"fr-FR"},{"@type":"Organization","@id":"https:\/\/www.senemasli.com\/fr\/#organization","name":"Dentiste Senem Asl\u0131 Ek\u015fio\u011flu - Bodrum, Mu\u011fla","url":"https:\/\/www.senemasli.com\/fr\/","logo":{"@type":"ImageObject","inLanguage":"fr-FR","@id":"https:\/\/www.senemasli.com\/fr\/#\/schema\/logo\/image\/","url":"https:\/\/www.senemasli.com\/wp-content\/uploads\/2021\/01\/logo.png","contentUrl":"https:\/\/www.senemasli.com\/wp-content\/uploads\/2021\/01\/logo.png","width":344,"height":120,"caption":"Dentiste Senem Asl\u0131 Ek\u015fio\u011flu - Bodrum, Mu\u011fla"},"image":{"@id":"https:\/\/www.senemasli.com\/fr\/#\/schema\/logo\/image\/"},"sameAs":["https:\/\/www.facebook.com\/D\u0130\u015e-HEK\u0130M\u0130-SENEM-ASLI-EK\u015e\u0130O\u011eLU-204782806266798","https:\/\/www.instagram.com\/snmazoid\/","https:\/\/www.linkedin.com\/in\/senem-asl\u0131-ek\u015fio\u011flu-350235204\/"]}]}},"_links":{"self":[{"href":"https:\/\/www.senemasli.com\/fr\/wp-json\/wp\/v2\/pages\/2139","targetHints":{"allow":["GET"]}}],"collection":[{"href":"https:\/\/www.senemasli.com\/fr\/wp-json\/wp\/v2\/pages"}],"about":[{"href":"https:\/\/www.senemasli.com\/fr\/wp-json\/wp\/v2\/types\/page"}],"author":[{"embeddable":true,"href":"https:\/\/www.senemasli.com\/fr\/wp-json\/wp\/v2\/users\/1"}],"replies":[{"embeddable":true,"href":"https:\/\/www.senemasli.com\/fr\/wp-json\/wp\/v2\/comments?post=2139"}],"version-history":[{"count":39,"href":"https:\/\/www.senemasli.com\/fr\/wp-json\/wp\/v2\/pages\/2139\/revisions"}],"predecessor-version":[{"id":4132,"href":"https:\/\/www.senemasli.com\/fr\/wp-json\/wp\/v2\/pages\/2139\/revisions\/4132"}],"wp:attachment":[{"href":"https:\/\/www.senemasli.com\/fr\/wp-json\/wp\/v2\/media?parent=2139"}],"curies":[{"name":"wp","href":"https:\/\/api.w.org\/{rel}","templated":true}]}}