{"id":2373,"date":"2021-01-25T06:24:08","date_gmt":"2021-01-25T03:24:08","guid":{"rendered":"https:\/\/www.senemasli.com\/answers-to-your-questions\/"},"modified":"2024-12-18T01:47:47","modified_gmt":"2024-12-17T22:47:47","slug":"answers-to-your-questions","status":"publish","type":"page","link":"https:\/\/www.senemasli.com\/en\/answers-to-your-questions\/","title":{"rendered":"Answers to Your Questions"},"content":{"rendered":"<p>[vc_row][vc_column offset=&#8221;vc_col-lg-9 vc_col-md-9&#8243;][vc_tta_accordion style=&#8221;flat&#8221; shape=&#8221;square&#8221; color=&#8221;blue&#8221; c_position=&#8221;right&#8221; active_section=&#8221;1&#8243; no_fill=&#8221;true&#8221;][vc_tta_section title=&#8221;What are your experiences in your profession?&#8221; tab_id=&#8221;1441693041782-ffce51b8-b370&#8243;][vc_column_text]<strong>Ankara University Faculty of Dentistry I graduated in 2007<\/strong>.<\/p>\n<p><strong>I opened my own practice in Sakarya Karasu in 2008 and ran it until September 2020.<\/strong><\/p>\n<p>I regularly followed technological developments related to my profession and renewed myself. In my <strong>19 years of dentistry experience<\/strong> after graduation, I specialized in many different fields and started to serve my patients in a wide range.<\/p>\n<p><strong>In October 2020 Bodrum, Mugla I moved to.<\/strong> Now, I serve my patients in my own practice in Bodrum.[\/vc_column_text][\/vc_tta_section][vc_tta_section title=&#8221;Which areas did you specialize in?&#8221; tab_id=&#8221;1441693329202-fa853d76-f1a0&#8243;][vc_column_text]<\/p>\n<p class=\"p1\">Especially<strong><a href=\"https:\/\/www.senemasli.com\/en\/services\/orthodontics-invisalign\/\"> orthodontics<\/a><\/strong> I improved myself in the field. Many dentists outsource orthodontic services. However, with the trainings I have received and my specialization studies in this field, I provide orthodontics services including examination in my own practice. I determine your treatment with the first examination and apply this long-term treatment to A-Z.<\/p>\n<p>Among my other specialties, there are treatments such as <strong><a href=\"https:\/\/www.senemasli.com\/en\/services\/dental-implants\/\">implant treatment<\/a><\/strong>, <strong><a href=\"https:\/\/www.senemasli.com\/en\/services\/laminate-veener-leaf-porcelain\/\">laminate veener (leaf porcelain)<\/a><\/strong>, <strong><a href=\"https:\/\/www.senemasli.com\/en\/services\/zirconium-porcelain\/\">zirconium porcelains<\/a><\/strong>, <strong><a href=\"https:\/\/www.senemasli.com\/en\/services\/pediatric-jaw-orthopedics\/\">pediatric jaw orthopedics<\/a>, chewing muscle botox application.<\/strong> In fact, I can say that I do every field that dentistry gives me authority, without discrimination. All the services I provide to my patients<strong><a href=\"\/en\/services\/\">on this page<\/a><\/strong> you can see.[\/vc_column_text][\/vc_tta_section][vc_tta_section title=&#8221;What treatments do you perform in your practice?&#8221; tab_id=&#8221;1441693340077-5efcc767-f263&#8243;][vc_column_text]<strong><a href=\"https:\/\/www.senemasli.com\/en\/services\/orthodontics-invisalign\/\">Orthodontic treatments<\/a>, <a href=\"https:\/\/www.senemasli.com\/en\/services\/orthodontics-invisalign\/\">Invisalign (orthodontics with clear aligner)<\/a><\/strong>, <strong><a href=\"https:\/\/www.senemasli.com\/en\/services\/conservative-treatments\/\">conservative treatments<\/a><\/strong> (filling, root canal treatment), <strong><a href=\"https:\/\/www.senemasli.com\/en\/services\/dental-implants\/\">implant surgery<\/a><\/strong>, <strong><a href=\"https:\/\/www.senemasli.com\/en\/services\/zirconium-porcelain\/\">zirconium porcelain<\/a><\/strong>, <strong><a href=\"https:\/\/www.senemasli.com\/en\/services\/laminate-veener-leaf-porcelain\/\">laminate veener<\/a><\/strong> (leaf porcelain) and smile design, <strong><a href=\"https:\/\/www.senemasli.com\/en\/services\/gum-diseases\/\">treatment of gum diseases<\/a><\/strong>, <strong><a href=\"https:\/\/www.senemasli.com\/en\/services\/pediatric-jaw-orthopedics\/\">pediatric jaw orthopedics<\/a><\/strong> (functional orthopedics), <strong><a href=\"https:\/\/www.senemasli.com\/en\/services\/joint-and-tightening-problems\/\">treatment of joint and teeth clenching problems<\/a><\/strong> are among my services.[\/vc_column_text][\/vc_tta_section][vc_tta_section title=&#8221;How can I make an appointment?&#8221; tab_id=&#8221;1441693350195-d7ab9701-63c3&#8243;][vc_column_text]On my website<strong><a href=\"\/en\/online-appointment\/\"> from here<\/a><\/strong> You can create an online appointment. Or, if you wish, you can schedule your appointment by contacting me on the WhatsApp line, mobile phone or landline number on the site.[\/vc_column_text][\/vc_tta_section][vc_tta_section title=&#8221;Can I pay for my treatment by credit card?&#8221; tab_id=&#8221;1441693392479-0dbb1317-81a9&#8243;][vc_column_text]<\/p>\n<p class=\"p1\">Yes, you can make your payments by credit card in cash or in installments with a maturity difference.<\/p>\n<p>[\/vc_column_text][\/vc_tta_section][vc_tta_section title=&#8221;What are your Kovid-19 measures?&#8221; tab_id=&#8221;1610736609606-e91a450d-9fe6&#8243;][vc_column_text]<\/p>\n<p class=\"p1\">In my practice<strong><a href=\"https:\/\/www.fakirstore.com.tr\/fakir-hypo-clean\" target=\"_blank\" rel=\"noopener\"> Fakir&#8217;s Hypo Clean<\/a><\/strong> I&#8217;m using your device. This device provides effective disinfection using only water and salt. We spray the liquid in the device from hair to foot on every patient who enters, and also spray it to the air and wherever the patient touches.<\/p>\n<p>At the entrance of the inspection<strong> hand sanitizer<\/strong> has. Double mask during treatment and examination<strong> (N95 \/ ffp2)<\/strong> and<strong> visor<\/strong> I use. Our seat units<strong> disposable<\/strong> and a new one is used for each patient. Also, I used during the treatment<strong> black apron disposable<\/strong> I change it in every patient.[\/vc_column_text][\/vc_tta_section][\/vc_tta_accordion][\/vc_column][vc_column width=&#8221;1\/4&#8243; offset=&#8221;vc_hidden-sm vc_hidden-xs&#8221;][stm_sidebar sidebar=&#8221;2400&#8243;][\/vc_column][\/vc_row]<\/p>\n","protected":false},"excerpt":{"rendered":"<p>[vc_row][vc_column offset=&#8221;vc_col-lg-9 vc_col-md-9&#8243;][vc_tta_accordion style=&#8221;flat&#8221; shape=&#8221;square&#8221; color=&#8221;blue&#8221; c_position=&#8221;right&#8221; active_section=&#8221;1&#8243; no_fill=&#8221;true&#8221;][vc_tta_section title=&#8221;What are your experiences in your profession?&#8221; tab_id=&#8221;1441693041782-ffce51b8-b370&#8243;][vc_column_text]Ankara University Faculty of Dentistry I graduated in 2007. I opened my own practice in Sakarya Karasu in 2008 and ran it until September 2020. I regularly followed technological developments related to my profession and renewed myself. In my&#8230;<\/p>\n","protected":false},"author":1,"featured_media":0,"parent":0,"menu_order":0,"comment_status":"closed","ping_status":"closed","template":"","meta":{"footnotes":""},"class_list":["post-2373","page","type-page","status-publish","hentry"],"yoast_head":"<!-- This site is optimized with the Yoast SEO plugin v24.2 - https:\/\/yoast.com\/wordpress\/plugins\/seo\/ -->\n<title>Answers to Your Questions - Dentist Senem Asl\u0131 Ek\u015fio\u011flu<\/title>\n<meta name=\"description\" content=\"Dentist Senem Asl\u0131 Ek\u015fio\u011flu Bodrum, Mugla. Answers to your questions about appointment, examination and practice.\" \/>\n<meta name=\"robots\" content=\"index, follow, max-snippet:-1, max-image-preview:large, max-video-preview:-1\" \/>\n<link rel=\"canonical\" href=\"https:\/\/www.senemasli.com\/en\/answers-to-your-questions\/\" \/>\n<meta property=\"og:locale\" content=\"en_US\" \/>\n<meta property=\"og:type\" content=\"article\" \/>\n<meta property=\"og:title\" content=\"Answers to Your Questions | Dentist Senem Asl\u0131 Ek\u015fio\u011flu\" \/>\n<meta property=\"og:description\" content=\"Dentist Senem Asl\u0131 Ek\u015fio\u011flu Bodrum, Mugla. Answers to your questions about appointment, examination and practice.\" \/>\n<meta property=\"og:url\" content=\"https:\/\/www.senemasli.com\/en\/answers-to-your-questions\/\" \/>\n<meta property=\"og:site_name\" content=\"Dentist Senem Asl\u0131 Ek\u015fio\u011flu\" \/>\n<meta property=\"article:publisher\" content=\"https:\/\/www.facebook.com\/D%c4%b0%c5%9e-HEK%c4%b0M%c4%b0-SENEM-ASLI-EK%c5%9e%c4%b0O%c4%9eLU-204782806266798\" \/>\n<meta property=\"article:modified_time\" content=\"2024-12-17T22:47:47+00:00\" \/>\n<meta property=\"og:image\" content=\"https:\/\/www.senemasli.com\/wp-content\/uploads\/2021\/01\/01-dis-hekimi-senem-asli-eksioglu-bodrum-mugla-muayenehane.jpg\" \/>\n<meta name=\"twitter:card\" content=\"summary_large_image\" \/>\n<meta name=\"twitter:title\" content=\"Answers to Your Questions | Dentist Senem Asl\u0131 Ek\u015fio\u011flu\" \/>\n<meta name=\"twitter:description\" content=\"Dentist Senem Asl\u0131 Ek\u015fio\u011flu Bodrum, Mugla. Answers to your questions about appointment, examination and practice.\" \/>\n<meta name=\"twitter:image\" content=\"https:\/\/www.senemasli.com\/wp-content\/uploads\/2021\/01\/01-dis-hekimi-senem-asli-eksioglu-bodrum-mugla-muayenehane.jpg\" \/>\n<meta name=\"twitter:label1\" content=\"Est. reading time\" \/>\n\t<meta name=\"twitter:data1\" content=\"3 minutes\" \/>\n<script type=\"application\/ld+json\" class=\"yoast-schema-graph\">{\"@context\":\"https:\/\/schema.org\",\"@graph\":[{\"@type\":\"WebPage\",\"@id\":\"https:\/\/www.senemasli.com\/en\/answers-to-your-questions\/\",\"url\":\"https:\/\/www.senemasli.com\/en\/answers-to-your-questions\/\",\"name\":\"Answers to Your Questions - Dentist Senem Asl\u0131 Ek\u015fio\u011flu\",\"isPartOf\":{\"@id\":\"https:\/\/www.senemasli.com\/en\/#website\"},\"datePublished\":\"2021-01-25T03:24:08+00:00\",\"dateModified\":\"2024-12-17T22:47:47+00:00\",\"description\":\"Dentist Senem Asl\u0131 Ek\u015fio\u011flu Bodrum, Mugla. Answers to your questions about appointment, examination and practice.\",\"breadcrumb\":{\"@id\":\"https:\/\/www.senemasli.com\/en\/answers-to-your-questions\/#breadcrumb\"},\"inLanguage\":\"en-US\",\"potentialAction\":[{\"@type\":\"ReadAction\",\"target\":[\"https:\/\/www.senemasli.com\/en\/answers-to-your-questions\/\"]}]},{\"@type\":\"BreadcrumbList\",\"@id\":\"https:\/\/www.senemasli.com\/en\/answers-to-your-questions\/#breadcrumb\",\"itemListElement\":[{\"@type\":\"ListItem\",\"position\":1,\"name\":\"Anasayfa\",\"item\":\"https:\/\/www.senemasli.com\/en\/\"},{\"@type\":\"ListItem\",\"position\":2,\"name\":\"Answers to Your Questions\"}]},{\"@type\":\"WebSite\",\"@id\":\"https:\/\/www.senemasli.com\/en\/#website\",\"url\":\"https:\/\/www.senemasli.com\/en\/\",\"name\":\"Dentist Senem Asl\u0131 Ek\u015fio\u011flu\",\"description\":\"Bodrum\",\"publisher\":{\"@id\":\"https:\/\/www.senemasli.com\/en\/#organization\"},\"potentialAction\":[{\"@type\":\"SearchAction\",\"target\":{\"@type\":\"EntryPoint\",\"urlTemplate\":\"https:\/\/www.senemasli.com\/en\/?s={search_term_string}\"},\"query-input\":{\"@type\":\"PropertyValueSpecification\",\"valueRequired\":true,\"valueName\":\"search_term_string\"}}],\"inLanguage\":\"en-US\"},{\"@type\":\"Organization\",\"@id\":\"https:\/\/www.senemasli.com\/en\/#organization\",\"name\":\"Dentist Senem Asl\u0131 Ek\u015fio\u011flu - Bodrum, Mu\u011fla\",\"url\":\"https:\/\/www.senemasli.com\/en\/\",\"logo\":{\"@type\":\"ImageObject\",\"inLanguage\":\"en-US\",\"@id\":\"https:\/\/www.senemasli.com\/en\/#\/schema\/logo\/image\/\",\"url\":\"https:\/\/www.senemasli.com\/wp-content\/uploads\/2021\/01\/logo.png\",\"contentUrl\":\"https:\/\/www.senemasli.com\/wp-content\/uploads\/2021\/01\/logo.png\",\"width\":344,\"height\":120,\"caption\":\"Dentist Senem Asl\u0131 Ek\u015fio\u011flu - Bodrum, Mu\u011fla\"},\"image\":{\"@id\":\"https:\/\/www.senemasli.com\/en\/#\/schema\/logo\/image\/\"},\"sameAs\":[\"https:\/\/www.facebook.com\/D\u0130\u015e-HEK\u0130M\u0130-SENEM-ASLI-EK\u015e\u0130O\u011eLU-204782806266798\",\"https:\/\/www.instagram.com\/snmazoid\/\",\"https:\/\/www.linkedin.com\/in\/senem-asl\u0131-ek\u015fio\u011flu-350235204\/\"]}]}<\/script>\n<!-- \/ Yoast SEO plugin. -->","yoast_head_json":{"title":"Answers to Your Questions - Dentist Senem Asl\u0131 Ek\u015fio\u011flu","description":"Dentist Senem Asl\u0131 Ek\u015fio\u011flu Bodrum, Mugla. Answers to your questions about appointment, examination and practice.","robots":{"index":"index","follow":"follow","max-snippet":"max-snippet:-1","max-image-preview":"max-image-preview:large","max-video-preview":"max-video-preview:-1"},"canonical":"https:\/\/www.senemasli.com\/en\/answers-to-your-questions\/","og_locale":"en_US","og_type":"article","og_title":"Answers to Your Questions | Dentist Senem Asl\u0131 Ek\u015fio\u011flu","og_description":"Dentist Senem Asl\u0131 Ek\u015fio\u011flu Bodrum, Mugla. Answers to your questions about appointment, examination and practice.","og_url":"https:\/\/www.senemasli.com\/en\/answers-to-your-questions\/","og_site_name":"Dentist Senem Asl\u0131 Ek\u015fio\u011flu","article_publisher":"https:\/\/www.facebook.com\/D%c4%b0%c5%9e-HEK%c4%b0M%c4%b0-SENEM-ASLI-EK%c5%9e%c4%b0O%c4%9eLU-204782806266798","article_modified_time":"2024-12-17T22:47:47+00:00","og_image":[{"url":"https:\/\/www.senemasli.com\/wp-content\/uploads\/2021\/01\/01-dis-hekimi-senem-asli-eksioglu-bodrum-mugla-muayenehane.jpg","type":"","width":"","height":""}],"twitter_card":"summary_large_image","twitter_title":"Answers to Your Questions | Dentist Senem Asl\u0131 Ek\u015fio\u011flu","twitter_description":"Dentist Senem Asl\u0131 Ek\u015fio\u011flu Bodrum, Mugla. Answers to your questions about appointment, examination and practice.","twitter_image":"https:\/\/www.senemasli.com\/wp-content\/uploads\/2021\/01\/01-dis-hekimi-senem-asli-eksioglu-bodrum-mugla-muayenehane.jpg","twitter_misc":{"Est. reading time":"3 minutes"},"schema":{"@context":"https:\/\/schema.org","@graph":[{"@type":"WebPage","@id":"https:\/\/www.senemasli.com\/en\/answers-to-your-questions\/","url":"https:\/\/www.senemasli.com\/en\/answers-to-your-questions\/","name":"Answers to Your Questions - Dentist Senem Asl\u0131 Ek\u015fio\u011flu","isPartOf":{"@id":"https:\/\/www.senemasli.com\/en\/#website"},"datePublished":"2021-01-25T03:24:08+00:00","dateModified":"2024-12-17T22:47:47+00:00","description":"Dentist Senem Asl\u0131 Ek\u015fio\u011flu Bodrum, Mugla. Answers to your questions about appointment, examination and practice.","breadcrumb":{"@id":"https:\/\/www.senemasli.com\/en\/answers-to-your-questions\/#breadcrumb"},"inLanguage":"en-US","potentialAction":[{"@type":"ReadAction","target":["https:\/\/www.senemasli.com\/en\/answers-to-your-questions\/"]}]},{"@type":"BreadcrumbList","@id":"https:\/\/www.senemasli.com\/en\/answers-to-your-questions\/#breadcrumb","itemListElement":[{"@type":"ListItem","position":1,"name":"Anasayfa","item":"https:\/\/www.senemasli.com\/en\/"},{"@type":"ListItem","position":2,"name":"Answers to Your Questions"}]},{"@type":"WebSite","@id":"https:\/\/www.senemasli.com\/en\/#website","url":"https:\/\/www.senemasli.com\/en\/","name":"Dentist Senem Asl\u0131 Ek\u015fio\u011flu","description":"Bodrum","publisher":{"@id":"https:\/\/www.senemasli.com\/en\/#organization"},"potentialAction":[{"@type":"SearchAction","target":{"@type":"EntryPoint","urlTemplate":"https:\/\/www.senemasli.com\/en\/?s={search_term_string}"},"query-input":{"@type":"PropertyValueSpecification","valueRequired":true,"valueName":"search_term_string"}}],"inLanguage":"en-US"},{"@type":"Organization","@id":"https:\/\/www.senemasli.com\/en\/#organization","name":"Dentist Senem Asl\u0131 Ek\u015fio\u011flu - Bodrum, Mu\u011fla","url":"https:\/\/www.senemasli.com\/en\/","logo":{"@type":"ImageObject","inLanguage":"en-US","@id":"https:\/\/www.senemasli.com\/en\/#\/schema\/logo\/image\/","url":"https:\/\/www.senemasli.com\/wp-content\/uploads\/2021\/01\/logo.png","contentUrl":"https:\/\/www.senemasli.com\/wp-content\/uploads\/2021\/01\/logo.png","width":344,"height":120,"caption":"Dentist Senem Asl\u0131 Ek\u015fio\u011flu - Bodrum, Mu\u011fla"},"image":{"@id":"https:\/\/www.senemasli.com\/en\/#\/schema\/logo\/image\/"},"sameAs":["https:\/\/www.facebook.com\/D\u0130\u015e-HEK\u0130M\u0130-SENEM-ASLI-EK\u015e\u0130O\u011eLU-204782806266798","https:\/\/www.instagram.com\/snmazoid\/","https:\/\/www.linkedin.com\/in\/senem-asl\u0131-ek\u015fio\u011flu-350235204\/"]}]}},"_links":{"self":[{"href":"https:\/\/www.senemasli.com\/en\/wp-json\/wp\/v2\/pages\/2373","targetHints":{"allow":["GET"]}}],"collection":[{"href":"https:\/\/www.senemasli.com\/en\/wp-json\/wp\/v2\/pages"}],"about":[{"href":"https:\/\/www.senemasli.com\/en\/wp-json\/wp\/v2\/types\/page"}],"author":[{"embeddable":true,"href":"https:\/\/www.senemasli.com\/en\/wp-json\/wp\/v2\/users\/1"}],"replies":[{"embeddable":true,"href":"https:\/\/www.senemasli.com\/en\/wp-json\/wp\/v2\/comments?post=2373"}],"version-history":[{"count":57,"href":"https:\/\/www.senemasli.com\/en\/wp-json\/wp\/v2\/pages\/2373\/revisions"}],"predecessor-version":[{"id":4135,"href":"https:\/\/www.senemasli.com\/en\/wp-json\/wp\/v2\/pages\/2373\/revisions\/4135"}],"wp:attachment":[{"href":"https:\/\/www.senemasli.com\/en\/wp-json\/wp\/v2\/media?parent=2373"}],"curies":[{"name":"wp","href":"https:\/\/api.w.org\/{rel}","templated":true}]}}