{"id":2352,"date":"2021-01-25T06:21:32","date_gmt":"2021-01-25T03:21:32","guid":{"rendered":"https:\/\/www.senemasli.com\/gallery\/"},"modified":"2023-03-24T19:23:41","modified_gmt":"2023-03-24T16:23:41","slug":"gallery","status":"publish","type":"page","link":"https:\/\/www.senemasli.com\/en\/gallery\/","title":{"rendered":"Gallery"},"content":{"rendered":"<p>[vc_row][vc_column][vc_tta_tabs style=&#8221;flat&#8221; shape=&#8221;square&#8221; color=&#8221;blue&#8221; active_section=&#8221;1&#8243; no_fill_content_area=&#8221;true&#8221; el_class=&#8221;no_paddings&#8221;][vc_tta_section title=&#8221;While Working&#8221; tab_id=&#8221;1442484591910-31d48e69-f4d3&#8243;][vc_gallery type=&#8221;image_grid&#8221; images=&#8221;3777,3585,3520,3854,3560,3844,2070,3590,3580,3575,3757,1990,3707,3804,3819,3814,3834,3525,3690,3700,3737,3712,3540,3545,3535,3829,3550,3530,2002,1986,1994,2014,2026,2030,2034,2050,2058,2066,2078,1998,2082,2074,3849,3839,3809,3799,3794,3789,3772,3732,3717,3695,3685,3680,3675,3670,3665,3660,3655,3650,3645,3640,3635,3630,3625,3620,3615,3610,3605,3600,3595,3570,3565,3555&#8243; img_size=&#8221;350&#215;260&#8243; el_class=&#8221;gallery&#8221;][\/vc_tta_section][vc_tta_section title=&#8221;Interior&#8221; tab_id=&#8221;1442476562775-844cb34c-f70d&#8221;][vc_gallery type=&#8221;image_grid&#8221; images=&#8221;1950,1934,1966,1954,1930,1938,1946,1958,1962&#8243; img_size=&#8221;350&#215;260&#8243; el_class=&#8221;gallery&#8221;][\/vc_tta_section][vc_tta_section title=&#8221;Outdoor&#8221; tab_id=&#8221;1442484602292-6717ad42-9ab8&#8243;][vc_gallery type=&#8221;image_grid&#8221; images=&#8221;1862,1870,1878,1866,1874,3092&#8243; img_size=&#8221;350&#215;260&#8243; el_class=&#8221;gallery&#8221;][\/vc_tta_section][vc_tta_section title=&#8221;Treatments&#8221; tab_id=&#8221;1610927301510-873e0678-2468&#8243;][vc_gallery type=&#8221;image_grid&#8221; images=&#8221;2090,2094,2098,2102,2106,2110,3081,3086,3108,3283,3278,3515,3505,3500,3495,3490,3485,3480,3475,3470,3465,3460,3455&#8243;][\/vc_tta_section][\/vc_tta_tabs][vc_empty_space][\/vc_column][\/vc_row]<\/p>\n","protected":false},"excerpt":{"rendered":"<p>[vc_row][vc_column][vc_tta_tabs style=&#8221;flat&#8221; shape=&#8221;square&#8221; color=&#8221;blue&#8221; active_section=&#8221;1&#8243; no_fill_content_area=&#8221;true&#8221; el_class=&#8221;no_paddings&#8221;][vc_tta_section title=&#8221;While Working&#8221; tab_id=&#8221;1442484591910-31d48e69-f4d3&#8243;][vc_gallery type=&#8221;image_grid&#8221; images=&#8221;3777,3585,3520,3854,3560,3844,2070,3590,3580,3575,3757,1990,3707,3804,3819,3814,3834,3525,3690,3700,3737,3712,3540,3545,3535,3829,3550,3530,2002,1986,1994,2014,2026,2030,2034,2050,2058,2066,2078,1998,2082,2074,3849,3839,3809,3799,3794,3789,3772,3732,3717,3695,3685,3680,3675,3670,3665,3660,3655,3650,3645,3640,3635,3630,3625,3620,3615,3610,3605,3600,3595,3570,3565,3555&#8243; img_size=&#8221;350&#215;260&#8243; el_class=&#8221;gallery&#8221;][\/vc_tta_section][vc_tta_section title=&#8221;Interior&#8221; tab_id=&#8221;1442476562775-844cb34c-f70d&#8221;][vc_gallery type=&#8221;image_grid&#8221; images=&#8221;1950,1934,1966,1954,1930,1938,1946,1958,1962&#8243; img_size=&#8221;350&#215;260&#8243; el_class=&#8221;gallery&#8221;][\/vc_tta_section][vc_tta_section title=&#8221;Outdoor&#8221; tab_id=&#8221;1442484602292-6717ad42-9ab8&#8243;][vc_gallery type=&#8221;image_grid&#8221; images=&#8221;1862,1870,1878,1866,1874,3092&#8243; img_size=&#8221;350&#215;260&#8243; el_class=&#8221;gallery&#8221;][\/vc_tta_section][vc_tta_section title=&#8221;Treatments&#8221; tab_id=&#8221;1610927301510-873e0678-2468&#8243;][vc_gallery type=&#8221;image_grid&#8221; images=&#8221;2090,2094,2098,2102,2106,2110,3081,3086,3108,3283,3278,3515,3505,3500,3495,3490,3485,3480,3475,3470,3465,3460,3455&#8243;][\/vc_tta_section][\/vc_tta_tabs][vc_empty_space][\/vc_column][\/vc_row]<\/p>\n","protected":false},"author":1,"featured_media":0,"parent":0,"menu_order":0,"comment_status":"closed","ping_status":"closed","template":"","meta":{"footnotes":""},"class_list":["post-2352","page","type-page","status-publish","hentry"],"yoast_head":"<!-- This site is optimized with the Yoast SEO plugin v24.2 - https:\/\/yoast.com\/wordpress\/plugins\/seo\/ -->\n<title>Gallery - Dentist Senem Asl\u0131 Ek\u015fio\u011flu<\/title>\n<meta name=\"description\" content=\"Dentist Senem Asl\u0131 Ek\u015fio\u011flu gallery. Bodrum Mu\u011fla office photos, treatment photos, interior and exterior photos.\" \/>\n<meta name=\"robots\" content=\"index, follow, max-snippet:-1, max-image-preview:large, max-video-preview:-1\" \/>\n<link rel=\"canonical\" href=\"https:\/\/www.senemasli.com\/en\/gallery\/\" \/>\n<meta property=\"og:locale\" content=\"en_US\" \/>\n<meta property=\"og:type\" content=\"article\" \/>\n<meta property=\"og:title\" content=\"Gallery - Dentist Senem Asl\u0131 Ek\u015fio\u011flu\" \/>\n<meta property=\"og:description\" content=\"Dentist Senem Asl\u0131 Ek\u015fio\u011flu gallery. Bodrum Mu\u011fla office photos, treatment photos, interior and exterior photos.\" \/>\n<meta property=\"og:url\" content=\"https:\/\/www.senemasli.com\/en\/gallery\/\" \/>\n<meta property=\"og:site_name\" content=\"Dentist Senem Asl\u0131 Ek\u015fio\u011flu\" \/>\n<meta property=\"article:publisher\" content=\"https:\/\/www.facebook.com\/D%c4%b0%c5%9e-HEK%c4%b0M%c4%b0-SENEM-ASLI-EK%c5%9e%c4%b0O%c4%9eLU-204782806266798\" \/>\n<meta property=\"article:modified_time\" content=\"2023-03-24T16:23:41+00:00\" \/>\n<meta name=\"twitter:card\" content=\"summary_large_image\" \/>\n<meta name=\"twitter:label1\" content=\"Est. reading time\" \/>\n\t<meta name=\"twitter:data1\" content=\"1 minute\" \/>\n<script type=\"application\/ld+json\" class=\"yoast-schema-graph\">{\"@context\":\"https:\/\/schema.org\",\"@graph\":[{\"@type\":\"WebPage\",\"@id\":\"https:\/\/www.senemasli.com\/en\/gallery\/\",\"url\":\"https:\/\/www.senemasli.com\/en\/gallery\/\",\"name\":\"Gallery - Dentist Senem Asl\u0131 Ek\u015fio\u011flu\",\"isPartOf\":{\"@id\":\"https:\/\/www.senemasli.com\/en\/#website\"},\"datePublished\":\"2021-01-25T03:21:32+00:00\",\"dateModified\":\"2023-03-24T16:23:41+00:00\",\"description\":\"Dentist Senem Asl\u0131 Ek\u015fio\u011flu gallery. Bodrum Mu\u011fla office photos, treatment photos, interior and exterior photos.\",\"breadcrumb\":{\"@id\":\"https:\/\/www.senemasli.com\/en\/gallery\/#breadcrumb\"},\"inLanguage\":\"en-US\",\"potentialAction\":[{\"@type\":\"ReadAction\",\"target\":[\"https:\/\/www.senemasli.com\/en\/gallery\/\"]}]},{\"@type\":\"BreadcrumbList\",\"@id\":\"https:\/\/www.senemasli.com\/en\/gallery\/#breadcrumb\",\"itemListElement\":[{\"@type\":\"ListItem\",\"position\":1,\"name\":\"Anasayfa\",\"item\":\"https:\/\/www.senemasli.com\/en\/\"},{\"@type\":\"ListItem\",\"position\":2,\"name\":\"Gallery\"}]},{\"@type\":\"WebSite\",\"@id\":\"https:\/\/www.senemasli.com\/en\/#website\",\"url\":\"https:\/\/www.senemasli.com\/en\/\",\"name\":\"Dentist Senem Asl\u0131 Ek\u015fio\u011flu\",\"description\":\"Bodrum\",\"publisher\":{\"@id\":\"https:\/\/www.senemasli.com\/en\/#organization\"},\"potentialAction\":[{\"@type\":\"SearchAction\",\"target\":{\"@type\":\"EntryPoint\",\"urlTemplate\":\"https:\/\/www.senemasli.com\/en\/?s={search_term_string}\"},\"query-input\":{\"@type\":\"PropertyValueSpecification\",\"valueRequired\":true,\"valueName\":\"search_term_string\"}}],\"inLanguage\":\"en-US\"},{\"@type\":\"Organization\",\"@id\":\"https:\/\/www.senemasli.com\/en\/#organization\",\"name\":\"Dentist Senem Asl\u0131 Ek\u015fio\u011flu - Bodrum, Mu\u011fla\",\"url\":\"https:\/\/www.senemasli.com\/en\/\",\"logo\":{\"@type\":\"ImageObject\",\"inLanguage\":\"en-US\",\"@id\":\"https:\/\/www.senemasli.com\/en\/#\/schema\/logo\/image\/\",\"url\":\"https:\/\/www.senemasli.com\/wp-content\/uploads\/2021\/01\/logo.png\",\"contentUrl\":\"https:\/\/www.senemasli.com\/wp-content\/uploads\/2021\/01\/logo.png\",\"width\":344,\"height\":120,\"caption\":\"Dentist Senem Asl\u0131 Ek\u015fio\u011flu - Bodrum, Mu\u011fla\"},\"image\":{\"@id\":\"https:\/\/www.senemasli.com\/en\/#\/schema\/logo\/image\/\"},\"sameAs\":[\"https:\/\/www.facebook.com\/D\u0130\u015e-HEK\u0130M\u0130-SENEM-ASLI-EK\u015e\u0130O\u011eLU-204782806266798\",\"https:\/\/www.instagram.com\/snmazoid\/\",\"https:\/\/www.linkedin.com\/in\/senem-asl\u0131-ek\u015fio\u011flu-350235204\/\"]}]}<\/script>\n<!-- \/ Yoast SEO plugin. -->","yoast_head_json":{"title":"Gallery - Dentist Senem Asl\u0131 Ek\u015fio\u011flu","description":"Dentist Senem Asl\u0131 Ek\u015fio\u011flu gallery. Bodrum Mu\u011fla office photos, treatment photos, interior and exterior photos.","robots":{"index":"index","follow":"follow","max-snippet":"max-snippet:-1","max-image-preview":"max-image-preview:large","max-video-preview":"max-video-preview:-1"},"canonical":"https:\/\/www.senemasli.com\/en\/gallery\/","og_locale":"en_US","og_type":"article","og_title":"Gallery - Dentist Senem Asl\u0131 Ek\u015fio\u011flu","og_description":"Dentist Senem Asl\u0131 Ek\u015fio\u011flu gallery. Bodrum Mu\u011fla office photos, treatment photos, interior and exterior photos.","og_url":"https:\/\/www.senemasli.com\/en\/gallery\/","og_site_name":"Dentist Senem Asl\u0131 Ek\u015fio\u011flu","article_publisher":"https:\/\/www.facebook.com\/D%c4%b0%c5%9e-HEK%c4%b0M%c4%b0-SENEM-ASLI-EK%c5%9e%c4%b0O%c4%9eLU-204782806266798","article_modified_time":"2023-03-24T16:23:41+00:00","twitter_card":"summary_large_image","twitter_misc":{"Est. reading time":"1 minute"},"schema":{"@context":"https:\/\/schema.org","@graph":[{"@type":"WebPage","@id":"https:\/\/www.senemasli.com\/en\/gallery\/","url":"https:\/\/www.senemasli.com\/en\/gallery\/","name":"Gallery - Dentist Senem Asl\u0131 Ek\u015fio\u011flu","isPartOf":{"@id":"https:\/\/www.senemasli.com\/en\/#website"},"datePublished":"2021-01-25T03:21:32+00:00","dateModified":"2023-03-24T16:23:41+00:00","description":"Dentist Senem Asl\u0131 Ek\u015fio\u011flu gallery. Bodrum Mu\u011fla office photos, treatment photos, interior and exterior photos.","breadcrumb":{"@id":"https:\/\/www.senemasli.com\/en\/gallery\/#breadcrumb"},"inLanguage":"en-US","potentialAction":[{"@type":"ReadAction","target":["https:\/\/www.senemasli.com\/en\/gallery\/"]}]},{"@type":"BreadcrumbList","@id":"https:\/\/www.senemasli.com\/en\/gallery\/#breadcrumb","itemListElement":[{"@type":"ListItem","position":1,"name":"Anasayfa","item":"https:\/\/www.senemasli.com\/en\/"},{"@type":"ListItem","position":2,"name":"Gallery"}]},{"@type":"WebSite","@id":"https:\/\/www.senemasli.com\/en\/#website","url":"https:\/\/www.senemasli.com\/en\/","name":"Dentist Senem Asl\u0131 Ek\u015fio\u011flu","description":"Bodrum","publisher":{"@id":"https:\/\/www.senemasli.com\/en\/#organization"},"potentialAction":[{"@type":"SearchAction","target":{"@type":"EntryPoint","urlTemplate":"https:\/\/www.senemasli.com\/en\/?s={search_term_string}"},"query-input":{"@type":"PropertyValueSpecification","valueRequired":true,"valueName":"search_term_string"}}],"inLanguage":"en-US"},{"@type":"Organization","@id":"https:\/\/www.senemasli.com\/en\/#organization","name":"Dentist Senem Asl\u0131 Ek\u015fio\u011flu - Bodrum, Mu\u011fla","url":"https:\/\/www.senemasli.com\/en\/","logo":{"@type":"ImageObject","inLanguage":"en-US","@id":"https:\/\/www.senemasli.com\/en\/#\/schema\/logo\/image\/","url":"https:\/\/www.senemasli.com\/wp-content\/uploads\/2021\/01\/logo.png","contentUrl":"https:\/\/www.senemasli.com\/wp-content\/uploads\/2021\/01\/logo.png","width":344,"height":120,"caption":"Dentist Senem Asl\u0131 Ek\u015fio\u011flu - Bodrum, Mu\u011fla"},"image":{"@id":"https:\/\/www.senemasli.com\/en\/#\/schema\/logo\/image\/"},"sameAs":["https:\/\/www.facebook.com\/D\u0130\u015e-HEK\u0130M\u0130-SENEM-ASLI-EK\u015e\u0130O\u011eLU-204782806266798","https:\/\/www.instagram.com\/snmazoid\/","https:\/\/www.linkedin.com\/in\/senem-asl\u0131-ek\u015fio\u011flu-350235204\/"]}]}},"_links":{"self":[{"href":"https:\/\/www.senemasli.com\/en\/wp-json\/wp\/v2\/pages\/2352","targetHints":{"allow":["GET"]}}],"collection":[{"href":"https:\/\/www.senemasli.com\/en\/wp-json\/wp\/v2\/pages"}],"about":[{"href":"https:\/\/www.senemasli.com\/en\/wp-json\/wp\/v2\/types\/page"}],"author":[{"embeddable":true,"href":"https:\/\/www.senemasli.com\/en\/wp-json\/wp\/v2\/users\/1"}],"replies":[{"embeddable":true,"href":"https:\/\/www.senemasli.com\/en\/wp-json\/wp\/v2\/comments?post=2352"}],"version-history":[{"count":27,"href":"https:\/\/www.senemasli.com\/en\/wp-json\/wp\/v2\/pages\/2352\/revisions"}],"predecessor-version":[{"id":4111,"href":"https:\/\/www.senemasli.com\/en\/wp-json\/wp\/v2\/pages\/2352\/revisions\/4111"}],"wp:attachment":[{"href":"https:\/\/www.senemasli.com\/en\/wp-json\/wp\/v2\/media?parent=2352"}],"curies":[{"name":"wp","href":"https:\/\/api.w.org\/{rel}","templated":true}]}}