{"id":2335,"date":"2021-01-25T05:56:06","date_gmt":"2021-01-25T02:56:06","guid":{"rendered":"https:\/\/www.senemasli.com\/contact-us\/"},"modified":"2021-04-11T17:55:08","modified_gmt":"2021-04-11T14:55:08","slug":"contact-us","status":"publish","type":"page","link":"https:\/\/www.senemasli.com\/en\/contact-us\/","title":{"rendered":"Contact us"},"content":{"rendered":"<p>[vc_row css=&#8221;.vc_custom_1443297815351{margin-bottom: 20px !important;}&#8221;][vc_column width=&#8221;5\/12&#8243; css=&#8221;.vc_custom_1443298021925{margin-bottom: 30px !important;}&#8221; offset=&#8221;vc_col-lg-4 vc_col-md-4&#8243;][stm_contacts_widget style=&#8221;style_3&#8243; address=&#8221;Konac\u0131k Mahallesi Kanuni Sultan S\u00fcleyman Cad. No 57\/A-3 (Sat\u0131o\u011flu \u0130\u015f Merkezi) Bodrum \/ Mu\u011fla, T\u00fcrkiye&#8221; email=&#8221;info@senemasli.com&#8221; phone=&#8221;+90 252 317 29 79 +90 530 052 50 48&#8243; hours=&#8221;Pzt &#8211; Cmt 10.00 &#8211; 18.00 Pazar KAPALI&#8221;][\/vc_column][vc_column width=&#8221;7\/12&#8243; css=&#8221;.vc_custom_1443298031143{margin-bottom: 30px !important;}&#8221; offset=&#8221;vc_col-lg-8 vc_col-md-8&#8243;][vc_raw_html]JTNDZGl2JTIwc3R5bGUlM0QlMjJwb3NpdGlvbiUzQXJlbGF0aXZlJTNCJTIyJTNFJTNDaWZyYW1lJTIwc3JjJTNEJTIyaHR0cHMlM0ElMkYlMkZ3d3cuZ29vZ2xlLmNvbSUyRm1hcHMlMkZlbWJlZCUzRnBiJTNEJTIxMW0xOCUyMTFtMTIlMjExbTMlMjExZDE1OTIuMjM0MjY0ODY0ODk4MyUyMTJkMjcuMzkwNjEyODA1MTgzNzglMjEzZDM3LjA0NjMxNjU0ODc4NDk4NiUyMTJtMyUyMTFmMCUyMTJmMCUyMTNmMCUyMTNtMiUyMTFpMTAyNCUyMTJpNzY4JTIxNGYxMy4xJTIxM20zJTIxMW0yJTIxMXMweDE0YmU2ZGZiOTBjOGE5MTElMjUzQTB4ZmYyODc5YjdmMDQwNjQ0MiUyMTJ6VTBGVVNVX0Vua3hWSU1Td3haOGdUV1Z5YTJWNmFRJTIxNWUwJTIxM20yJTIxMXN0ciUyMTJzdHIlMjE0djE2MTgxNTAwNzg3OTAlMjE1bTIlMjExc3RyJTIxMnN0ciUyMiUyMHdpZHRoJTNEJTIyMTAwJTI1JTIyJTIwaGVpZ2h0JTNEJTIyNTAwJTIyJTIwc3R5bGUlM0QlMjJib3JkZXIlM0EwJTNCJTIyJTIwYWxsb3dmdWxsc2NyZWVuJTNEJTIyJTIyJTIwbG9hZGluZyUzRCUyMmxhenklMjIlM0UlM0MlMkZpZnJhbWUlM0UlM0NhJTIwaHJlZiUzRCUyMmh0dHBzJTNBJTJGJTJGd3d3Lmdvb2dsZS5jb20lMkZtYXBzJTJGZGlyJTJGJTJGS29uYWMlMjVDNCUyNUIxayUyQyUyQlNBVElPJTI1QzQlMjU5RUxVJTJCJTI1QzQlMjVCMCUyNUM1JTI1OUYlMkJNZXJrZXppJTJDJTJCS2FudW5pJTJCU3VsdGFuJTJCUyUyNUMzJTI1QkNsZXltYW4lMkJDZC4lMkJObyUzQTU3JTJDJTJCNDg0NzAlMkJCb2RydW0lMjUyRk11JTI1QzQlMjU5RmxhJTJGJTQwMzcuMDQ2NTA3JTJDMjcuMzkxNTAzJTJDMTd6JTJGZGF0YSUzRCUyMTRtOCUyMTRtNyUyMTFtMCUyMTFtNSUyMTFtMSUyMTFzMHgxNGJlNmRmYjkwYzhhOTExJTNBMHhmZjI4NzliN2YwNDA2NDQyJTIxMm0yJTIxMWQyNy4zOTE0OTgzJTIxMmQzNy4wNDY0OTk1JTNGaGwlM0R0ciUyMiUyMHRhcmdldCUzRCUyMl9ibGFuayUyMiUyMHN0eWxlJTNEJTIycG9zaXRpb24lM0FhYnNvbHV0ZSUzQiUyMHRvcCUzQTAlM0IlMjBsZWZ0JTNBMCUzQiUyMGRpc3BsYXklM0FpbmxpbmUtYmxvY2slM0IlMjB3aWR0aCUzQTEwMCUyNSUzQiUyMGhlaWdodCUzQTUwMHB4JTNCJTIwei1pbmRleCUzQTUlM0IlMjIlM0UlM0MlMkZhJTNFJTNDJTJGZGl2JTNF[\/vc_raw_html][\/vc_column][\/vc_row][vc_row][vc_column][vc_custom_heading text=&#8221;Contact Form&#8221; font_container=&#8221;tag:h3|text_align:left|color:%234c4c4c&#8221; use_theme_fonts=&#8221;yes&#8221; css=&#8221;.vc_custom_1610042691710{margin-bottom: 30px !important;}&#8221;]\n<div class=\"wpcf7 no-js\" id=\"wpcf7-f2344-o1\" lang=\"en-US\" dir=\"ltr\" data-wpcf7-id=\"2344\">\n<div class=\"screen-reader-response\"><p role=\"status\" aria-live=\"polite\" aria-atomic=\"true\"><\/p> <ul><\/ul><\/div>\n<form action=\"\/en\/wp-json\/wp\/v2\/pages\/2335#wpcf7-f2344-o1\" method=\"post\" class=\"wpcf7-form init\" aria-label=\"Contact form\" novalidate=\"novalidate\" data-status=\"init\">\n<div style=\"display: none;\">\n<input type=\"hidden\" name=\"_wpcf7\" value=\"2344\" \/>\n<input type=\"hidden\" name=\"_wpcf7_version\" value=\"6.0.3\" \/>\n<input type=\"hidden\" name=\"_wpcf7_locale\" value=\"en_US\" \/>\n<input type=\"hidden\" name=\"_wpcf7_unit_tag\" value=\"wpcf7-f2344-o1\" \/>\n<input type=\"hidden\" name=\"_wpcf7_container_post\" value=\"0\" \/>\n<input type=\"hidden\" name=\"_wpcf7_posted_data_hash\" value=\"\" \/>\n<input type=\"hidden\" name=\"_wpcf7_recaptcha_response\" value=\"\" \/>\n<\/div>\n<div class=\"row\">\n\t<div class=\"col-lg-5 col-md-5 col-sm-12 col-xs-12\">\n\t\t<div class=\"input-group\">\n\t\t\t<p><span class=\"wpcf7-form-control-wrap\" data-name=\"your-name\"><input size=\"40\" maxlength=\"400\" class=\"wpcf7-form-control wpcf7-text wpcf7-validates-as-required\" aria-required=\"true\" aria-invalid=\"false\" placeholder=\"Your Name\" value=\"\" type=\"text\" name=\"your-name\" \/><\/span><span class=\"input-addon\"><i class=\"stm-icon-man\"><\/i><\/span>\n\t\t\t<\/p>\n\t\t<\/div>\n\t\t<div class=\"input-group\">\n\t\t\t<p><span class=\"wpcf7-form-control-wrap\" data-name=\"your-email\"><input size=\"40\" maxlength=\"400\" class=\"wpcf7-form-control wpcf7-email wpcf7-validates-as-required wpcf7-text wpcf7-validates-as-email\" aria-required=\"true\" aria-invalid=\"false\" placeholder=\"E-mail\" value=\"\" type=\"email\" name=\"your-email\" \/><\/span><span class=\"input-addon\"><i class=\"fa fa-envelope-o\"><\/i><\/span>\n\t\t\t<\/p>\n\t\t<\/div>\n\t\t<div class=\"input-group\">\n\t\t\t<p><span class=\"wpcf7-form-control-wrap\" data-name=\"telefon\"><input size=\"40\" maxlength=\"400\" class=\"wpcf7-form-control wpcf7-tel wpcf7-validates-as-required wpcf7-text wpcf7-validates-as-tel\" aria-required=\"true\" aria-invalid=\"false\" placeholder=\"Mobile Phone\" value=\"\" type=\"tel\" name=\"telefon\" \/><\/span><span class=\"input-addon\"><i class=\"fa fa-phone\"><\/i><\/span>\n\t\t\t<\/p>\n\t\t<\/div>\n\t<\/div>\n\t<div class=\"col-lg-7 col-md-7 col-sm-12 col-xs-12\">\n\t\t<div class=\"input-group no-bordered\">\n\t\t\t<p><span class=\"wpcf7-form-control-wrap\" data-name=\"message\"><textarea cols=\"40\" rows=\"10\" maxlength=\"2000\" class=\"wpcf7-form-control wpcf7-textarea wpcf7-validates-as-required feedback\" aria-required=\"true\" aria-invalid=\"false\" placeholder=\"Your Message\" name=\"message\"><\/textarea><\/span>\n\t\t\t<\/p>\n\t\t<\/div>\n\t<\/div>\n<\/div>\n<p><input class=\"wpcf7-form-control wpcf7-submit has-spinner button square\" type=\"submit\" value=\"Submit\" \/><br \/>\n\n<\/p><p style=\"display: none !important;\" class=\"akismet-fields-container\" data-prefix=\"_wpcf7_ak_\"><label>&#916;<textarea name=\"_wpcf7_ak_hp_textarea\" cols=\"45\" rows=\"8\" maxlength=\"100\"><\/textarea><\/label><input type=\"hidden\" id=\"ak_js_1\" name=\"_wpcf7_ak_js\" value=\"193\"\/><script>document.getElementById( \"ak_js_1\" ).setAttribute( \"value\", ( new Date() ).getTime() );<\/script><\/p><div class=\"wpcf7-response-output\" aria-hidden=\"true\"><\/div>\n<\/form>\n<\/div>\n[\/vc_column][\/vc_row]<\/p>\n","protected":false},"excerpt":{"rendered":"<p>[vc_row css=&#8221;.vc_custom_1443297815351{margin-bottom: 20px !important;}&#8221;][vc_column width=&#8221;5\/12&#8243; css=&#8221;.vc_custom_1443298021925{margin-bottom: 30px !important;}&#8221; offset=&#8221;vc_col-lg-4 vc_col-md-4&#8243;][stm_contacts_widget style=&#8221;style_3&#8243; address=&#8221;Konac\u0131k Mahallesi Kanuni Sultan S\u00fcleyman Cad. No 57\/A-3 (Sat\u0131o\u011flu \u0130\u015f Merkezi) Bodrum \/ Mu\u011fla, T\u00fcrkiye&#8221; email=&#8221;info@senemasli.com&#8221; phone=&#8221;+90 252 317 29 79 +90 530 052 50 48&#8243; hours=&#8221;Pzt &#8211; Cmt 10.00 &#8211; 18.00 Pazar KAPALI&#8221;][\/vc_column][vc_column width=&#8221;7\/12&#8243; css=&#8221;.vc_custom_1443298031143{margin-bottom: 30px !important;}&#8221; offset=&#8221;vc_col-lg-8 vc_col-md-8&#8243;][vc_raw_html]JTNDZGl2JTIwc3R5bGUlM0QlMjJwb3NpdGlvbiUzQXJlbGF0aXZlJTNCJTIyJTNFJTNDaWZyYW1lJTIwc3JjJTNEJTIyaHR0cHMlM0ElMkYlMkZ3d3cuZ29vZ2xlLmNvbSUyRm1hcHMlMkZlbWJlZCUzRnBiJTNEJTIxMW0xOCUyMTFtMTIlMjExbTMlMjExZDE1OTIuMjM0MjY0ODY0ODk4MyUyMTJkMjcuMzkwNjEyODA1MTgzNzglMjEzZDM3LjA0NjMxNjU0ODc4NDk4NiUyMTJtMyUyMTFmMCUyMTJmMCUyMTNmMCUyMTNtMiUyMTFpMTAyNCUyMTJpNzY4JTIxNGYxMy4xJTIxM20zJTIxMW0yJTIxMXMweDE0YmU2ZGZiOTBjOGE5MTElMjUzQTB4ZmYyODc5YjdmMDQwNjQ0MiUyMTJ6VTBGVVNVX0Vua3hWSU1Td3haOGdUV1Z5YTJWNmFRJTIxNWUwJTIxM20yJTIxMXN0ciUyMTJzdHIlMjE0djE2MTgxNTAwNzg3OTAlMjE1bTIlMjExc3RyJTIxMnN0ciUyMiUyMHdpZHRoJTNEJTIyMTAwJTI1JTIyJTIwaGVpZ2h0JTNEJTIyNTAwJTIyJTIwc3R5bGUlM0QlMjJib3JkZXIlM0EwJTNCJTIyJTIwYWxsb3dmdWxsc2NyZWVuJTNEJTIyJTIyJTIwbG9hZGluZyUzRCUyMmxhenklMjIlM0UlM0MlMkZpZnJhbWUlM0UlM0NhJTIwaHJlZiUzRCUyMmh0dHBzJTNBJTJGJTJGd3d3Lmdvb2dsZS5jb20lMkZtYXBzJTJGZGlyJTJGJTJGS29uYWMlMjVDNCUyNUIxayUyQyUyQlNBVElPJTI1QzQlMjU5RUxVJTJCJTI1QzQlMjVCMCUyNUM1JTI1OUYlMkJNZXJrZXppJTJDJTJCS2FudW5pJTJCU3VsdGFuJTJCUyUyNUMzJTI1QkNsZXltYW4lMkJDZC4lMkJObyUzQTU3JTJDJTJCNDg0NzAlMkJCb2RydW0lMjUyRk11JTI1QzQlMjU5RmxhJTJGJTQwMzcuMDQ2NTA3JTJDMjcuMzkxNTAzJTJDMTd6JTJGZGF0YSUzRCUyMTRtOCUyMTRtNyUyMTFtMCUyMTFtNSUyMTFtMSUyMTFzMHgxNGJlNmRmYjkwYzhhOTExJTNBMHhmZjI4NzliN2YwNDA2NDQyJTIxMm0yJTIxMWQyNy4zOTE0OTgzJTIxMmQzNy4wNDY0OTk1JTNGaGwlM0R0ciUyMiUyMHRhcmdldCUzRCUyMl9ibGFuayUyMiUyMHN0eWxlJTNEJTIycG9zaXRpb24lM0FhYnNvbHV0ZSUzQiUyMHRvcCUzQTAlM0IlMjBsZWZ0JTNBMCUzQiUyMGRpc3BsYXklM0FpbmxpbmUtYmxvY2slM0IlMjB3aWR0aCUzQTEwMCUyNSUzQiUyMGhlaWdodCUzQTUwMHB4JTNCJTIwei1pbmRleCUzQTUlM0IlMjIlM0UlM0MlMkZhJTNFJTNDJTJGZGl2JTNF[\/vc_raw_html][\/vc_column][\/vc_row][vc_row][vc_column][vc_custom_heading text=&#8221;Contact Form&#8221; font_container=&#8221;tag:h3|text_align:left|color:%234c4c4c&#8221; use_theme_fonts=&#8221;yes&#8221;&#8230;<\/p>\n","protected":false},"author":1,"featured_media":0,"parent":0,"menu_order":0,"comment_status":"closed","ping_status":"closed","template":"","meta":{"footnotes":""},"class_list":["post-2335","page","type-page","status-publish","hentry"],"yoast_head":"<!-- This site is optimized with the Yoast SEO plugin v24.2 - https:\/\/yoast.com\/wordpress\/plugins\/seo\/ -->\n<title>Contact us - Dentist Senem Asl\u0131 Ek\u015fio\u011flu<\/title>\n<meta name=\"description\" content=\"Dentist Senem Asl\u0131 Ek\u015fio\u011flu. Konac\u0131k Mahallesi Kanuni Sultan S\u00fcleyman Cad. No 57 \/ A-3 (Sat\u0131o\u011flu Business Center) Bodrum \/ Mu\u011fla ...\" \/>\n<meta name=\"robots\" content=\"index, follow, max-snippet:-1, max-image-preview:large, max-video-preview:-1\" \/>\n<link rel=\"canonical\" href=\"https:\/\/www.senemasli.com\/en\/contact-us\/\" \/>\n<meta property=\"og:locale\" content=\"en_US\" \/>\n<meta property=\"og:type\" content=\"article\" \/>\n<meta property=\"og:title\" content=\"Contact us - Dentist Senem Asl\u0131 Ek\u015fio\u011flu\" \/>\n<meta property=\"og:description\" content=\"Dentist Senem Asl\u0131 Ek\u015fio\u011flu. Konac\u0131k Mahallesi Kanuni Sultan S\u00fcleyman Cad. No 57 \/ A-3 (Sat\u0131o\u011flu Business Center) Bodrum \/ Mu\u011fla ...\" \/>\n<meta property=\"og:url\" content=\"https:\/\/www.senemasli.com\/en\/contact-us\/\" \/>\n<meta property=\"og:site_name\" content=\"Dentist Senem Asl\u0131 Ek\u015fio\u011flu\" \/>\n<meta property=\"article:publisher\" content=\"https:\/\/www.facebook.com\/D%c4%b0%c5%9e-HEK%c4%b0M%c4%b0-SENEM-ASLI-EK%c5%9e%c4%b0O%c4%9eLU-204782806266798\" \/>\n<meta property=\"article:modified_time\" content=\"2021-04-11T14:55:08+00:00\" \/>\n<meta name=\"twitter:card\" content=\"summary_large_image\" \/>\n<meta name=\"twitter:label1\" content=\"Est. reading time\" \/>\n\t<meta name=\"twitter:data1\" content=\"1 minute\" \/>\n<script type=\"application\/ld+json\" class=\"yoast-schema-graph\">{\"@context\":\"https:\/\/schema.org\",\"@graph\":[{\"@type\":\"WebPage\",\"@id\":\"https:\/\/www.senemasli.com\/en\/contact-us\/\",\"url\":\"https:\/\/www.senemasli.com\/en\/contact-us\/\",\"name\":\"Contact us - Dentist Senem Asl\u0131 Ek\u015fio\u011flu\",\"isPartOf\":{\"@id\":\"https:\/\/www.senemasli.com\/en\/#website\"},\"datePublished\":\"2021-01-25T02:56:06+00:00\",\"dateModified\":\"2021-04-11T14:55:08+00:00\",\"description\":\"Dentist Senem Asl\u0131 Ek\u015fio\u011flu. Konac\u0131k Mahallesi Kanuni Sultan S\u00fcleyman Cad. No 57 \/ A-3 (Sat\u0131o\u011flu Business Center) Bodrum \/ Mu\u011fla ...\",\"breadcrumb\":{\"@id\":\"https:\/\/www.senemasli.com\/en\/contact-us\/#breadcrumb\"},\"inLanguage\":\"en-US\",\"potentialAction\":[{\"@type\":\"ReadAction\",\"target\":[\"https:\/\/www.senemasli.com\/en\/contact-us\/\"]}]},{\"@type\":\"BreadcrumbList\",\"@id\":\"https:\/\/www.senemasli.com\/en\/contact-us\/#breadcrumb\",\"itemListElement\":[{\"@type\":\"ListItem\",\"position\":1,\"name\":\"Anasayfa\",\"item\":\"https:\/\/www.senemasli.com\/en\/\"},{\"@type\":\"ListItem\",\"position\":2,\"name\":\"Contact us\"}]},{\"@type\":\"WebSite\",\"@id\":\"https:\/\/www.senemasli.com\/en\/#website\",\"url\":\"https:\/\/www.senemasli.com\/en\/\",\"name\":\"Dentist Senem Asl\u0131 Ek\u015fio\u011flu\",\"description\":\"Bodrum\",\"publisher\":{\"@id\":\"https:\/\/www.senemasli.com\/en\/#organization\"},\"potentialAction\":[{\"@type\":\"SearchAction\",\"target\":{\"@type\":\"EntryPoint\",\"urlTemplate\":\"https:\/\/www.senemasli.com\/en\/?s={search_term_string}\"},\"query-input\":{\"@type\":\"PropertyValueSpecification\",\"valueRequired\":true,\"valueName\":\"search_term_string\"}}],\"inLanguage\":\"en-US\"},{\"@type\":\"Organization\",\"@id\":\"https:\/\/www.senemasli.com\/en\/#organization\",\"name\":\"Dentist Senem Asl\u0131 Ek\u015fio\u011flu - Bodrum, Mu\u011fla\",\"url\":\"https:\/\/www.senemasli.com\/en\/\",\"logo\":{\"@type\":\"ImageObject\",\"inLanguage\":\"en-US\",\"@id\":\"https:\/\/www.senemasli.com\/en\/#\/schema\/logo\/image\/\",\"url\":\"https:\/\/www.senemasli.com\/wp-content\/uploads\/2021\/01\/logo.png\",\"contentUrl\":\"https:\/\/www.senemasli.com\/wp-content\/uploads\/2021\/01\/logo.png\",\"width\":344,\"height\":120,\"caption\":\"Dentist Senem Asl\u0131 Ek\u015fio\u011flu - Bodrum, Mu\u011fla\"},\"image\":{\"@id\":\"https:\/\/www.senemasli.com\/en\/#\/schema\/logo\/image\/\"},\"sameAs\":[\"https:\/\/www.facebook.com\/D\u0130\u015e-HEK\u0130M\u0130-SENEM-ASLI-EK\u015e\u0130O\u011eLU-204782806266798\",\"https:\/\/www.instagram.com\/snmazoid\/\",\"https:\/\/www.linkedin.com\/in\/senem-asl\u0131-ek\u015fio\u011flu-350235204\/\"]}]}<\/script>\n<!-- \/ Yoast SEO plugin. -->","yoast_head_json":{"title":"Contact us - Dentist Senem Asl\u0131 Ek\u015fio\u011flu","description":"Dentist Senem Asl\u0131 Ek\u015fio\u011flu. Konac\u0131k Mahallesi Kanuni Sultan S\u00fcleyman Cad. No 57 \/ A-3 (Sat\u0131o\u011flu Business Center) Bodrum \/ Mu\u011fla ...","robots":{"index":"index","follow":"follow","max-snippet":"max-snippet:-1","max-image-preview":"max-image-preview:large","max-video-preview":"max-video-preview:-1"},"canonical":"https:\/\/www.senemasli.com\/en\/contact-us\/","og_locale":"en_US","og_type":"article","og_title":"Contact us - Dentist Senem Asl\u0131 Ek\u015fio\u011flu","og_description":"Dentist Senem Asl\u0131 Ek\u015fio\u011flu. Konac\u0131k Mahallesi Kanuni Sultan S\u00fcleyman Cad. No 57 \/ A-3 (Sat\u0131o\u011flu Business Center) Bodrum \/ Mu\u011fla ...","og_url":"https:\/\/www.senemasli.com\/en\/contact-us\/","og_site_name":"Dentist Senem Asl\u0131 Ek\u015fio\u011flu","article_publisher":"https:\/\/www.facebook.com\/D%c4%b0%c5%9e-HEK%c4%b0M%c4%b0-SENEM-ASLI-EK%c5%9e%c4%b0O%c4%9eLU-204782806266798","article_modified_time":"2021-04-11T14:55:08+00:00","twitter_card":"summary_large_image","twitter_misc":{"Est. reading time":"1 minute"},"schema":{"@context":"https:\/\/schema.org","@graph":[{"@type":"WebPage","@id":"https:\/\/www.senemasli.com\/en\/contact-us\/","url":"https:\/\/www.senemasli.com\/en\/contact-us\/","name":"Contact us - Dentist Senem Asl\u0131 Ek\u015fio\u011flu","isPartOf":{"@id":"https:\/\/www.senemasli.com\/en\/#website"},"datePublished":"2021-01-25T02:56:06+00:00","dateModified":"2021-04-11T14:55:08+00:00","description":"Dentist Senem Asl\u0131 Ek\u015fio\u011flu. Konac\u0131k Mahallesi Kanuni Sultan S\u00fcleyman Cad. No 57 \/ A-3 (Sat\u0131o\u011flu Business Center) Bodrum \/ Mu\u011fla ...","breadcrumb":{"@id":"https:\/\/www.senemasli.com\/en\/contact-us\/#breadcrumb"},"inLanguage":"en-US","potentialAction":[{"@type":"ReadAction","target":["https:\/\/www.senemasli.com\/en\/contact-us\/"]}]},{"@type":"BreadcrumbList","@id":"https:\/\/www.senemasli.com\/en\/contact-us\/#breadcrumb","itemListElement":[{"@type":"ListItem","position":1,"name":"Anasayfa","item":"https:\/\/www.senemasli.com\/en\/"},{"@type":"ListItem","position":2,"name":"Contact us"}]},{"@type":"WebSite","@id":"https:\/\/www.senemasli.com\/en\/#website","url":"https:\/\/www.senemasli.com\/en\/","name":"Dentist Senem Asl\u0131 Ek\u015fio\u011flu","description":"Bodrum","publisher":{"@id":"https:\/\/www.senemasli.com\/en\/#organization"},"potentialAction":[{"@type":"SearchAction","target":{"@type":"EntryPoint","urlTemplate":"https:\/\/www.senemasli.com\/en\/?s={search_term_string}"},"query-input":{"@type":"PropertyValueSpecification","valueRequired":true,"valueName":"search_term_string"}}],"inLanguage":"en-US"},{"@type":"Organization","@id":"https:\/\/www.senemasli.com\/en\/#organization","name":"Dentist Senem Asl\u0131 Ek\u015fio\u011flu - Bodrum, Mu\u011fla","url":"https:\/\/www.senemasli.com\/en\/","logo":{"@type":"ImageObject","inLanguage":"en-US","@id":"https:\/\/www.senemasli.com\/en\/#\/schema\/logo\/image\/","url":"https:\/\/www.senemasli.com\/wp-content\/uploads\/2021\/01\/logo.png","contentUrl":"https:\/\/www.senemasli.com\/wp-content\/uploads\/2021\/01\/logo.png","width":344,"height":120,"caption":"Dentist Senem Asl\u0131 Ek\u015fio\u011flu - Bodrum, Mu\u011fla"},"image":{"@id":"https:\/\/www.senemasli.com\/en\/#\/schema\/logo\/image\/"},"sameAs":["https:\/\/www.facebook.com\/D\u0130\u015e-HEK\u0130M\u0130-SENEM-ASLI-EK\u015e\u0130O\u011eLU-204782806266798","https:\/\/www.instagram.com\/snmazoid\/","https:\/\/www.linkedin.com\/in\/senem-asl\u0131-ek\u015fio\u011flu-350235204\/"]}]}},"_links":{"self":[{"href":"https:\/\/www.senemasli.com\/en\/wp-json\/wp\/v2\/pages\/2335","targetHints":{"allow":["GET"]}}],"collection":[{"href":"https:\/\/www.senemasli.com\/en\/wp-json\/wp\/v2\/pages"}],"about":[{"href":"https:\/\/www.senemasli.com\/en\/wp-json\/wp\/v2\/types\/page"}],"author":[{"embeddable":true,"href":"https:\/\/www.senemasli.com\/en\/wp-json\/wp\/v2\/users\/1"}],"replies":[{"embeddable":true,"href":"https:\/\/www.senemasli.com\/en\/wp-json\/wp\/v2\/comments?post=2335"}],"version-history":[{"count":26,"href":"https:\/\/www.senemasli.com\/en\/wp-json\/wp\/v2\/pages\/2335\/revisions"}],"predecessor-version":[{"id":3298,"href":"https:\/\/www.senemasli.com\/en\/wp-json\/wp\/v2\/pages\/2335\/revisions\/3298"}],"wp:attachment":[{"href":"https:\/\/www.senemasli.com\/en\/wp-json\/wp\/v2\/media?parent=2335"}],"curies":[{"name":"wp","href":"https:\/\/api.w.org\/{rel}","templated":true}]}}