{"id":2280,"date":"2021-01-24T21:03:22","date_gmt":"2021-01-24T18:03:22","guid":{"rendered":"https:\/\/www.senemasli.com\/online-appointment\/"},"modified":"2021-01-24T21:04:05","modified_gmt":"2021-01-24T18:04:05","slug":"online-appointment","status":"publish","type":"page","link":"https:\/\/www.senemasli.com\/en\/online-appointment\/","title":{"rendered":"Online Appointment"},"content":{"rendered":"\n<div class=\"wp-block-bookly-form\"><!--\nPlugin Name: Bookly \u2013 Responsive WordPress Appointment Booking and Scheduling Plugin\nPlugin URI: https:\/\/www.booking-wp-plugin.com\/?utm_source=bookly_admin&utm_medium=plugins_page&utm_campaign=plugins_page\nVersion: 24.6-->\n<style type=\"text\/css\">\n    :root {\n        --bookly-main-color: #f4662f !important;\n    }\n\n    <\/style><div class=\"bookly-css-root\">\n    <div id=\"bookly-form-69f73ed1c19f2\" class=\"bookly-form\" data-form_id=\"69f73ed1c19f2\" aria-live=\"polite\">\n        <div style=\"text-align: center\"><img decoding=\"async\" src=\"https:\/\/www.senemasli.com\/wp-includes\/js\/tinymce\/skins\/lightgray\/img\/loader.gif\" alt=\"Loading...\"\/><\/div>\n    <\/div>\n<\/div>\n<script type=\"text\/javascript\">\n    (function (win, fn) {\n        var done = false, top = true,\n            doc = win.document,\n            root = doc.documentElement,\n            modern = doc.addEventListener,\n            add = modern ? 'addEventListener' : 'attachEvent',\n            rem = modern ? 'removeEventListener' : 'detachEvent',\n            pre = modern ? '' : 'on',\n            init = function (e) {\n                if (e.type == 'readystatechange') if (doc.readyState != 'complete') return;\n                (e.type == 'load' ? win : doc)[rem](pre + e.type, init, false);\n                if (!done) {\n                    done = true;\n                    fn.call(win, e.type || e);\n                }\n            },\n            poll = function () {\n                try {\n                    root.doScroll('left');\n                } catch (e) {\n                    setTimeout(poll, 50);\n                    return;\n                }\n                init('poll');\n            };\n        if (doc.readyState == 'complete') fn.call(win, 'lazy');\n        else {\n            if (!modern) if (root.doScroll) {\n                try {\n                    top = !win.frameElement;\n                } catch (e) {\n                }\n                if (top) poll();\n            }\n            doc[add](pre + 'DOMContentLoaded', init, false);\n            doc[add](pre + 'readystatechange', init, false);\n            win[add](pre + 'load', init, false);\n        }\n    })(window, function () {\n        window.bookly( {\"form_id\":\"69f73ed1c19f2\",\"status\":{\"booking\":\"new\"},\"skip_steps\":{\"service_part1\":0,\"service_part2\":0,\"extras\":1,\"time\":0,\"repeat\":1,\"cart\":1},\"errors\":{\"session_error\":\"Session error.\",\"form_id_error\":\"Form ID error.\",\"cart_item_not_available\":\"The selected time period is no longer available, please choose another date and time.\",\"pay_locally_not_available\":\"Pay locally is not available.\",\"invalid_gateway\":\"Invalid gateway.\",\"payment_error\":\"Error.\",\"incorrect_username_password\":\"Incorrect username or password.\"},\"form_attributes\":{\"hide_categories\":true,\"hide_services\":false,\"hide_staff_members\":false,\"show_number_of_persons\":false,\"hide_service_duration\":true,\"hide_locations\":true,\"hide_quantity\":true,\"hide_date\":false,\"hide_week_days\":false,\"hide_time_range\":false},\"use_client_time_zone\":0,\"defaults\":{\"service_id\":2,\"staff_id\":1,\"location_id\":0,\"category_id\":0},\"datepicker_mode\":\"text-accent\",\"facebook\":{\"enabled\":0,\"appId\":\"\"}} );\n    });\n<\/script><\/div>\n\n\n\n<div style=\"height:193px\" aria-hidden=\"true\" class=\"wp-block-spacer\"><\/div>\n","protected":false},"excerpt":{"rendered":"","protected":false},"author":1,"featured_media":0,"parent":0,"menu_order":0,"comment_status":"closed","ping_status":"closed","template":"","meta":{"footnotes":""},"class_list":["post-2280","page","type-page","status-publish","hentry"],"yoast_head":"<!-- This site is optimized with the Yoast SEO plugin v24.2 - https:\/\/yoast.com\/wordpress\/plugins\/seo\/ -->\n<title>Online Appointment - Dentist Senem Asl\u0131 Ek\u015fio\u011flu<\/title>\n<meta name=\"description\" content=\"Dentist Senem Asl\u0131 Ek\u015fio\u011flu Bodrum Online Appointment. Make an online appointment for a dentist examination in Bodrum.\" \/>\n<meta name=\"robots\" content=\"index, follow, max-snippet:-1, max-image-preview:large, max-video-preview:-1\" \/>\n<link rel=\"canonical\" href=\"https:\/\/www.senemasli.com\/en\/online-appointment\/\" \/>\n<meta property=\"og:locale\" content=\"en_US\" \/>\n<meta property=\"og:type\" content=\"article\" \/>\n<meta property=\"og:title\" content=\"Online Appointment | Dentist Senem Asl\u0131 Ek\u015fio\u011flu\" \/>\n<meta property=\"og:description\" content=\"Dentist Senem Asl\u0131 Ek\u015fio\u011flu Bodrum Online Appointment. Make an online appointment for a dentist examination in Bodrum.\" \/>\n<meta property=\"og:url\" content=\"https:\/\/www.senemasli.com\/en\/online-appointment\/\" \/>\n<meta property=\"og:site_name\" content=\"Dentist Senem Asl\u0131 Ek\u015fio\u011flu\" \/>\n<meta property=\"article:publisher\" content=\"https:\/\/www.facebook.com\/D%c4%b0%c5%9e-HEK%c4%b0M%c4%b0-SENEM-ASLI-EK%c5%9e%c4%b0O%c4%9eLU-204782806266798\" \/>\n<meta property=\"article:modified_time\" content=\"2021-01-24T18:04:05+00:00\" \/>\n<meta property=\"og:image\" content=\"https:\/\/www.senemasli.com\/wp-content\/uploads\/2021\/01\/01-dis-hekimi-senem-asli-eksioglu-bodrum.jpg\" \/>\n<meta name=\"twitter:card\" content=\"summary_large_image\" \/>\n<meta name=\"twitter:title\" content=\"Online Appointment | Dentist Senem Asl\u0131 Ek\u015fio\u011flu\" \/>\n<meta name=\"twitter:description\" content=\"Dentist Senem Asl\u0131 Ek\u015fio\u011flu Bodrum Online Appointment. Make an online appointment for a dentist examination in Bodrum.\" \/>\n<meta name=\"twitter:image\" content=\"https:\/\/www.senemasli.com\/wp-content\/uploads\/2021\/01\/02-dis-hekimi-senem-asli-eksioglu-bodrum.jpg\" \/>\n<meta name=\"twitter:label1\" content=\"Est. reading time\" \/>\n\t<meta name=\"twitter:data1\" content=\"1 minute\" \/>\n<script type=\"application\/ld+json\" class=\"yoast-schema-graph\">{\"@context\":\"https:\/\/schema.org\",\"@graph\":[{\"@type\":\"WebPage\",\"@id\":\"https:\/\/www.senemasli.com\/en\/online-appointment\/\",\"url\":\"https:\/\/www.senemasli.com\/en\/online-appointment\/\",\"name\":\"Online Appointment - Dentist Senem Asl\u0131 Ek\u015fio\u011flu\",\"isPartOf\":{\"@id\":\"https:\/\/www.senemasli.com\/en\/#website\"},\"datePublished\":\"2021-01-24T18:03:22+00:00\",\"dateModified\":\"2021-01-24T18:04:05+00:00\",\"description\":\"Dentist Senem Asl\u0131 Ek\u015fio\u011flu Bodrum Online Appointment. Make an online appointment for a dentist examination in Bodrum.\",\"breadcrumb\":{\"@id\":\"https:\/\/www.senemasli.com\/en\/online-appointment\/#breadcrumb\"},\"inLanguage\":\"en-US\",\"potentialAction\":[{\"@type\":\"ReadAction\",\"target\":[\"https:\/\/www.senemasli.com\/en\/online-appointment\/\"]}]},{\"@type\":\"BreadcrumbList\",\"@id\":\"https:\/\/www.senemasli.com\/en\/online-appointment\/#breadcrumb\",\"itemListElement\":[{\"@type\":\"ListItem\",\"position\":1,\"name\":\"Anasayfa\",\"item\":\"https:\/\/www.senemasli.com\/en\/\"},{\"@type\":\"ListItem\",\"position\":2,\"name\":\"Online Appointment\"}]},{\"@type\":\"WebSite\",\"@id\":\"https:\/\/www.senemasli.com\/en\/#website\",\"url\":\"https:\/\/www.senemasli.com\/en\/\",\"name\":\"Dentist Senem Asl\u0131 Ek\u015fio\u011flu\",\"description\":\"Bodrum\",\"publisher\":{\"@id\":\"https:\/\/www.senemasli.com\/en\/#organization\"},\"potentialAction\":[{\"@type\":\"SearchAction\",\"target\":{\"@type\":\"EntryPoint\",\"urlTemplate\":\"https:\/\/www.senemasli.com\/en\/?s={search_term_string}\"},\"query-input\":{\"@type\":\"PropertyValueSpecification\",\"valueRequired\":true,\"valueName\":\"search_term_string\"}}],\"inLanguage\":\"en-US\"},{\"@type\":\"Organization\",\"@id\":\"https:\/\/www.senemasli.com\/en\/#organization\",\"name\":\"Dentist Senem Asl\u0131 Ek\u015fio\u011flu - Bodrum, Mu\u011fla\",\"url\":\"https:\/\/www.senemasli.com\/en\/\",\"logo\":{\"@type\":\"ImageObject\",\"inLanguage\":\"en-US\",\"@id\":\"https:\/\/www.senemasli.com\/en\/#\/schema\/logo\/image\/\",\"url\":\"https:\/\/www.senemasli.com\/wp-content\/uploads\/2021\/01\/logo.png\",\"contentUrl\":\"https:\/\/www.senemasli.com\/wp-content\/uploads\/2021\/01\/logo.png\",\"width\":344,\"height\":120,\"caption\":\"Dentist Senem Asl\u0131 Ek\u015fio\u011flu - Bodrum, Mu\u011fla\"},\"image\":{\"@id\":\"https:\/\/www.senemasli.com\/en\/#\/schema\/logo\/image\/\"},\"sameAs\":[\"https:\/\/www.facebook.com\/D\u0130\u015e-HEK\u0130M\u0130-SENEM-ASLI-EK\u015e\u0130O\u011eLU-204782806266798\",\"https:\/\/www.instagram.com\/snmazoid\/\",\"https:\/\/www.linkedin.com\/in\/senem-asl\u0131-ek\u015fio\u011flu-350235204\/\"]}]}<\/script>\n<!-- \/ Yoast SEO plugin. -->","yoast_head_json":{"title":"Online Appointment - Dentist Senem Asl\u0131 Ek\u015fio\u011flu","description":"Dentist Senem Asl\u0131 Ek\u015fio\u011flu Bodrum Online Appointment. Make an online appointment for a dentist examination in Bodrum.","robots":{"index":"index","follow":"follow","max-snippet":"max-snippet:-1","max-image-preview":"max-image-preview:large","max-video-preview":"max-video-preview:-1"},"canonical":"https:\/\/www.senemasli.com\/en\/online-appointment\/","og_locale":"en_US","og_type":"article","og_title":"Online Appointment | Dentist Senem Asl\u0131 Ek\u015fio\u011flu","og_description":"Dentist Senem Asl\u0131 Ek\u015fio\u011flu Bodrum Online Appointment. Make an online appointment for a dentist examination in Bodrum.","og_url":"https:\/\/www.senemasli.com\/en\/online-appointment\/","og_site_name":"Dentist Senem Asl\u0131 Ek\u015fio\u011flu","article_publisher":"https:\/\/www.facebook.com\/D%c4%b0%c5%9e-HEK%c4%b0M%c4%b0-SENEM-ASLI-EK%c5%9e%c4%b0O%c4%9eLU-204782806266798","article_modified_time":"2021-01-24T18:04:05+00:00","og_image":[{"url":"https:\/\/www.senemasli.com\/wp-content\/uploads\/2021\/01\/01-dis-hekimi-senem-asli-eksioglu-bodrum.jpg","type":"","width":"","height":""}],"twitter_card":"summary_large_image","twitter_title":"Online Appointment | Dentist Senem Asl\u0131 Ek\u015fio\u011flu","twitter_description":"Dentist Senem Asl\u0131 Ek\u015fio\u011flu Bodrum Online Appointment. Make an online appointment for a dentist examination in Bodrum.","twitter_image":"https:\/\/www.senemasli.com\/wp-content\/uploads\/2021\/01\/02-dis-hekimi-senem-asli-eksioglu-bodrum.jpg","twitter_misc":{"Est. reading time":"1 minute"},"schema":{"@context":"https:\/\/schema.org","@graph":[{"@type":"WebPage","@id":"https:\/\/www.senemasli.com\/en\/online-appointment\/","url":"https:\/\/www.senemasli.com\/en\/online-appointment\/","name":"Online Appointment - Dentist Senem Asl\u0131 Ek\u015fio\u011flu","isPartOf":{"@id":"https:\/\/www.senemasli.com\/en\/#website"},"datePublished":"2021-01-24T18:03:22+00:00","dateModified":"2021-01-24T18:04:05+00:00","description":"Dentist Senem Asl\u0131 Ek\u015fio\u011flu Bodrum Online Appointment. Make an online appointment for a dentist examination in Bodrum.","breadcrumb":{"@id":"https:\/\/www.senemasli.com\/en\/online-appointment\/#breadcrumb"},"inLanguage":"en-US","potentialAction":[{"@type":"ReadAction","target":["https:\/\/www.senemasli.com\/en\/online-appointment\/"]}]},{"@type":"BreadcrumbList","@id":"https:\/\/www.senemasli.com\/en\/online-appointment\/#breadcrumb","itemListElement":[{"@type":"ListItem","position":1,"name":"Anasayfa","item":"https:\/\/www.senemasli.com\/en\/"},{"@type":"ListItem","position":2,"name":"Online Appointment"}]},{"@type":"WebSite","@id":"https:\/\/www.senemasli.com\/en\/#website","url":"https:\/\/www.senemasli.com\/en\/","name":"Dentist Senem Asl\u0131 Ek\u015fio\u011flu","description":"Bodrum","publisher":{"@id":"https:\/\/www.senemasli.com\/en\/#organization"},"potentialAction":[{"@type":"SearchAction","target":{"@type":"EntryPoint","urlTemplate":"https:\/\/www.senemasli.com\/en\/?s={search_term_string}"},"query-input":{"@type":"PropertyValueSpecification","valueRequired":true,"valueName":"search_term_string"}}],"inLanguage":"en-US"},{"@type":"Organization","@id":"https:\/\/www.senemasli.com\/en\/#organization","name":"Dentist Senem Asl\u0131 Ek\u015fio\u011flu - Bodrum, Mu\u011fla","url":"https:\/\/www.senemasli.com\/en\/","logo":{"@type":"ImageObject","inLanguage":"en-US","@id":"https:\/\/www.senemasli.com\/en\/#\/schema\/logo\/image\/","url":"https:\/\/www.senemasli.com\/wp-content\/uploads\/2021\/01\/logo.png","contentUrl":"https:\/\/www.senemasli.com\/wp-content\/uploads\/2021\/01\/logo.png","width":344,"height":120,"caption":"Dentist Senem Asl\u0131 Ek\u015fio\u011flu - Bodrum, Mu\u011fla"},"image":{"@id":"https:\/\/www.senemasli.com\/en\/#\/schema\/logo\/image\/"},"sameAs":["https:\/\/www.facebook.com\/D\u0130\u015e-HEK\u0130M\u0130-SENEM-ASLI-EK\u015e\u0130O\u011eLU-204782806266798","https:\/\/www.instagram.com\/snmazoid\/","https:\/\/www.linkedin.com\/in\/senem-asl\u0131-ek\u015fio\u011flu-350235204\/"]}]}},"_links":{"self":[{"href":"https:\/\/www.senemasli.com\/en\/wp-json\/wp\/v2\/pages\/2280","targetHints":{"allow":["GET"]}}],"collection":[{"href":"https:\/\/www.senemasli.com\/en\/wp-json\/wp\/v2\/pages"}],"about":[{"href":"https:\/\/www.senemasli.com\/en\/wp-json\/wp\/v2\/types\/page"}],"author":[{"embeddable":true,"href":"https:\/\/www.senemasli.com\/en\/wp-json\/wp\/v2\/users\/1"}],"replies":[{"embeddable":true,"href":"https:\/\/www.senemasli.com\/en\/wp-json\/wp\/v2\/comments?post=2280"}],"version-history":[{"count":6,"href":"https:\/\/www.senemasli.com\/en\/wp-json\/wp\/v2\/pages\/2280\/revisions"}],"predecessor-version":[{"id":2288,"href":"https:\/\/www.senemasli.com\/en\/wp-json\/wp\/v2\/pages\/2280\/revisions\/2288"}],"wp:attachment":[{"href":"https:\/\/www.senemasli.com\/en\/wp-json\/wp\/v2\/media?parent=2280"}],"curies":[{"name":"wp","href":"https:\/\/api.w.org\/{rel}","templated":true}]}}