{"id":2266,"date":"2021-01-24T20:56:28","date_gmt":"2021-01-24T17:56:28","guid":{"rendered":"https:\/\/www.senemasli.com\/get-to-know-me\/"},"modified":"2022-05-22T22:44:18","modified_gmt":"2022-05-22T19:44:18","slug":"about-me","status":"publish","type":"page","link":"https:\/\/www.senemasli.com\/en\/about-me\/","title":{"rendered":"About Me"},"content":{"rendered":"<p>[vc_row css=&#8221;.vc_custom_1441619155187{margin-bottom: 50px !important;}&#8221;][vc_column offset=&#8221;vc_hidden-xs&#8221;][rev_slider_vc alias=&#8221;about_us&#8221;][\/vc_column][\/vc_row][vc_row css=&#8221;.vc_custom_1441005495715{margin-bottom: 80px !important;}&#8221;][vc_column offset=&#8221;vc_col-lg-9 vc_col-md-9&#8243;][vc_column_text]<\/p>\n<h3 class=\"p1\">Who am I?<\/h3>\n<p class=\"p1\">I was born in 1984 in Ankara. My primary, secondary and high school education<strong> Ankara Bee College<\/strong> and<strong> Ar\u0131 Science High School<\/strong> I have completed in.<br \/>\n<strong>Ankara University Faculty of Dentistry<\/strong> I graduated in 2007.<br \/>\n<strong>Sakarya Karasu<\/strong> I operated my own practice in 2008-2020.<br \/>\n<strong>Mu\u011fla Bodrum in October 2020<\/strong> I opened my practice in I am married and have a child.<\/p>\n<p>[\/vc_column_text][vc_row_inner css=&#8221;.vc_custom_1441003405335{margin-bottom: 0px !important;}&#8221;][vc_column_inner][stm_image_carousel mode=&#8221;horizontal&#8221; images_to_show=&#8221;4&#8243; images_to_show_tablet=&#8221;3&#8243; images_to_show_mobile=&#8221;1&#8243; images=&#8221;1426,1445,1444,1443,1442,1441,1440,1439,1438,1437,1436,1435,1434,1433,1432,1431,1430,1429,1428,1427,3888&#8243; title=&#8221;Specialization Certificates&#8221; title_color=&#8221;#4c4c4c&#8221; css=&#8221;.vc_custom_1653248639890{margin-bottom: 50px !important;padding-top: 50px !important;padding-right: 40px !important;padding-bottom: 60px !important;padding-left: 40px !important;background-color: #f6f6f6 !important;}&#8221;][\/vc_column_inner][\/vc_row_inner][vc_custom_heading text=&#8221;My Specialties &#8211; Training and Seminars&#8221; font_container=&#8221;tag:h3|text_align:left|color:%234c4c4c&#8221; use_theme_fonts=&#8221;yes&#8221; css=&#8221;.vc_custom_1610367957624{margin-bottom: 25px !important;}&#8221;][vc_column_text]<\/p>\n<p class=\"p1\">Throughout my professional life, I participated in seminars and congresses of the fields I was interested in and gained advanced experience in these areas. You can read some of the trainings, seminars and congresses I attended below.<\/p>\n<p>[\/vc_column_text][vc_column_text]<\/p>\n<ul class=\"checklist\">\n<li class=\"p1\"><span class=\"s1\">2007 &#8211; Ankara University Faculty of Dentistry<\/span><\/li>\n<li>2007 &#8211; Ankara University Faculty of Dentistry Radiology<\/li>\n<li>2009 &#8211; Antalya II. International Mutlu Implantology<\/li>\n<li>2011 &#8211; DentE\u011fitim &#8211; Dental Botox<\/li>\n<li>2011 &#8211; ITI Congress &#8211; Accuracy in Implant Dentistry<\/li>\n<li>2013 &#8211; EBI Implant Training<\/li>\n<li>2013 &#8211; Clinical Orthodontics Association Training<\/li>\n<li>2014 &#8211; Brazil Modal Instituto Orthodontics<\/li>\n<li>2014 &#8211; Istanbul Modal Instituto Orthodontics<\/li>\n<li>2014 &#8211; TDB 2. Spring Symposium<\/li>\n<li>2014 &#8211; Media Broadcasting Group &#8211; Orthodontics Seminar<\/li>\n<li>2015 &#8211; Media Publishing Group Botulinum Toxin and Dermal Filler<\/li>\n<li>2016 &#8211; The Academy of Dental and Medical Aesthetic &#8211; Advanced Dermal Filler hands-on Training<\/li>\n<li>2016 &#8211; Istanbul Modal Instituto Bioprogressive Mechanics<\/li>\n<li>2016 &#8211; Istanbul Faculdade Modal Bioprogressive<\/li>\n<li>2017 &#8211; TDB Continuous Dentistry Training Certificate<\/li>\n<li>2017 &#8211; Antalya Faculdade Modal Orthodontics<\/li>\n<li>2019 &#8211; Creadenta &#8211; Ivoclar Vivadent &#8211; New Era in Porcelain Laminates<\/li>\n<li>2022 &#8211; BBK Organization &#8211; Orthodontic and Aesthetic Applications with Transparent Plaques<\/li>\n<\/ul>\n<p>[\/vc_column_text][\/vc_column][vc_column width=&#8221;1\/4&#8243; offset=&#8221;vc_hidden-sm vc_hidden-xs&#8221;][stm_sidebar sidebar=&#8221;2400&#8243;][\/vc_column][\/vc_row][vc_row full_width=&#8221;stretch_row&#8221; css=&#8221;.vc_custom_1442990745769{margin-bottom: 0px !important;}&#8221; el_class=&#8221;base_background_color&#8221;][vc_column][vc_cta h2=&#8221;&#8221; h4=&#8221;Click the button to create your online examination appointment immediately.&#8221; shape=&#8221;square&#8221; style=&#8221;flat&#8221; color=&#8221;blue&#8221; add_button=&#8221;right&#8221; btn_title=&#8221;Online appointment&#8221; btn_style=&#8221;flat&#8221; btn_shape=&#8221;round&#8221; btn_color=&#8221;white&#8221; btn_link=&#8221;url:%2Fen%2Fonline-appointment%2F|&#8221;][\/vc_cta][\/vc_column][\/vc_row]<\/p>\n","protected":false},"excerpt":{"rendered":"<p>[vc_row css=&#8221;.vc_custom_1441619155187{margin-bottom: 50px !important;}&#8221;][vc_column offset=&#8221;vc_hidden-xs&#8221;][rev_slider_vc alias=&#8221;about_us&#8221;][\/vc_column][\/vc_row][vc_row css=&#8221;.vc_custom_1441005495715{margin-bottom: 80px !important;}&#8221;][vc_column offset=&#8221;vc_col-lg-9 vc_col-md-9&#8243;][vc_column_text] Who am I? I was born in 1984 in Ankara. My primary, secondary and high school education Ankara Bee College and Ar\u0131 Science High School I have completed in. Ankara University Faculty of Dentistry I graduated in 2007. Sakarya Karasu I operated my own&#8230;<\/p>\n","protected":false},"author":1,"featured_media":0,"parent":0,"menu_order":0,"comment_status":"closed","ping_status":"closed","template":"","meta":{"footnotes":""},"class_list":["post-2266","page","type-page","status-publish","hentry"],"yoast_head":"<!-- This site is optimized with the Yoast SEO plugin v24.2 - https:\/\/yoast.com\/wordpress\/plugins\/seo\/ -->\n<title>About Me - Dentist Senem Asl\u0131 Ek\u015fio\u011flu<\/title>\n<meta name=\"description\" content=\"Dentist Senem Asl\u0131 Ek\u015fio\u011flu, with 14 years of experience in Bodrum, orthodontics, implant, zirconium porcelain, leaf porcelain treatment.\" \/>\n<meta name=\"robots\" content=\"index, follow, max-snippet:-1, max-image-preview:large, max-video-preview:-1\" \/>\n<link rel=\"canonical\" href=\"https:\/\/www.senemasli.com\/en\/about-me\/\" \/>\n<meta property=\"og:locale\" content=\"en_US\" \/>\n<meta property=\"og:type\" content=\"article\" \/>\n<meta property=\"og:title\" content=\"Know Me | Dentist Senem Asl\u0131 Ek\u015fio\u011flu\" \/>\n<meta property=\"og:description\" content=\"Dentist Senem Asl\u0131 Ek\u015fio\u011flu, with 14 years of experience in Bodrum, orthodontics, implant, zirconium porcelain, leaf porcelain treatment.\" \/>\n<meta property=\"og:url\" content=\"https:\/\/www.senemasli.com\/en\/about-me\/\" \/>\n<meta property=\"og:site_name\" content=\"Dentist Senem Asl\u0131 Ek\u015fio\u011flu\" \/>\n<meta property=\"article:publisher\" content=\"https:\/\/www.facebook.com\/D%c4%b0%c5%9e-HEK%c4%b0M%c4%b0-SENEM-ASLI-EK%c5%9e%c4%b0O%c4%9eLU-204782806266798\" \/>\n<meta property=\"article:modified_time\" content=\"2022-05-22T19:44:18+00:00\" \/>\n<meta property=\"og:image\" content=\"https:\/\/www.senemasli.com\/wp-content\/uploads\/2021\/01\/dis-hekimi-senem-asli-eksioglu-bodrum-cover.jpg\" \/>\n<meta name=\"twitter:card\" content=\"summary_large_image\" \/>\n<meta name=\"twitter:title\" content=\"Know Me | Dentist Senem Asl\u0131 Ek\u015fio\u011flu\" \/>\n<meta name=\"twitter:description\" content=\"Dentist Senem Asl\u0131 Ek\u015fio\u011flu, with 14 years of experience in Bodrum, orthodontics, implant, zirconium porcelain, leaf porcelain treatment.\" \/>\n<meta name=\"twitter:image\" content=\"https:\/\/www.senemasli.com\/wp-content\/uploads\/2021\/01\/dis-hekimi-senem-asli-eksioglu-bodrum-cover.jpg\" \/>\n<meta name=\"twitter:label1\" content=\"Est. reading time\" \/>\n\t<meta name=\"twitter:data1\" content=\"2 minutes\" \/>\n<script type=\"application\/ld+json\" class=\"yoast-schema-graph\">{\"@context\":\"https:\/\/schema.org\",\"@graph\":[{\"@type\":\"WebPage\",\"@id\":\"https:\/\/www.senemasli.com\/en\/about-me\/\",\"url\":\"https:\/\/www.senemasli.com\/en\/about-me\/\",\"name\":\"About Me - Dentist Senem Asl\u0131 Ek\u015fio\u011flu\",\"isPartOf\":{\"@id\":\"https:\/\/www.senemasli.com\/en\/#website\"},\"datePublished\":\"2021-01-24T17:56:28+00:00\",\"dateModified\":\"2022-05-22T19:44:18+00:00\",\"description\":\"Dentist Senem Asl\u0131 Ek\u015fio\u011flu, with 14 years of experience in Bodrum, orthodontics, implant, zirconium porcelain, leaf porcelain treatment.\",\"breadcrumb\":{\"@id\":\"https:\/\/www.senemasli.com\/en\/about-me\/#breadcrumb\"},\"inLanguage\":\"en-US\",\"potentialAction\":[{\"@type\":\"ReadAction\",\"target\":[\"https:\/\/www.senemasli.com\/en\/about-me\/\"]}]},{\"@type\":\"BreadcrumbList\",\"@id\":\"https:\/\/www.senemasli.com\/en\/about-me\/#breadcrumb\",\"itemListElement\":[{\"@type\":\"ListItem\",\"position\":1,\"name\":\"Anasayfa\",\"item\":\"https:\/\/www.senemasli.com\/en\/\"},{\"@type\":\"ListItem\",\"position\":2,\"name\":\"About Me\"}]},{\"@type\":\"WebSite\",\"@id\":\"https:\/\/www.senemasli.com\/en\/#website\",\"url\":\"https:\/\/www.senemasli.com\/en\/\",\"name\":\"Dentist Senem Asl\u0131 Ek\u015fio\u011flu\",\"description\":\"Bodrum\",\"publisher\":{\"@id\":\"https:\/\/www.senemasli.com\/en\/#organization\"},\"potentialAction\":[{\"@type\":\"SearchAction\",\"target\":{\"@type\":\"EntryPoint\",\"urlTemplate\":\"https:\/\/www.senemasli.com\/en\/?s={search_term_string}\"},\"query-input\":{\"@type\":\"PropertyValueSpecification\",\"valueRequired\":true,\"valueName\":\"search_term_string\"}}],\"inLanguage\":\"en-US\"},{\"@type\":\"Organization\",\"@id\":\"https:\/\/www.senemasli.com\/en\/#organization\",\"name\":\"Dentist Senem Asl\u0131 Ek\u015fio\u011flu - Bodrum, Mu\u011fla\",\"url\":\"https:\/\/www.senemasli.com\/en\/\",\"logo\":{\"@type\":\"ImageObject\",\"inLanguage\":\"en-US\",\"@id\":\"https:\/\/www.senemasli.com\/en\/#\/schema\/logo\/image\/\",\"url\":\"https:\/\/www.senemasli.com\/wp-content\/uploads\/2021\/01\/logo.png\",\"contentUrl\":\"https:\/\/www.senemasli.com\/wp-content\/uploads\/2021\/01\/logo.png\",\"width\":344,\"height\":120,\"caption\":\"Dentist Senem Asl\u0131 Ek\u015fio\u011flu - Bodrum, Mu\u011fla\"},\"image\":{\"@id\":\"https:\/\/www.senemasli.com\/en\/#\/schema\/logo\/image\/\"},\"sameAs\":[\"https:\/\/www.facebook.com\/D\u0130\u015e-HEK\u0130M\u0130-SENEM-ASLI-EK\u015e\u0130O\u011eLU-204782806266798\",\"https:\/\/www.instagram.com\/snmazoid\/\",\"https:\/\/www.linkedin.com\/in\/senem-asl\u0131-ek\u015fio\u011flu-350235204\/\"]}]}<\/script>\n<!-- \/ Yoast SEO plugin. -->","yoast_head_json":{"title":"About Me - Dentist Senem Asl\u0131 Ek\u015fio\u011flu","description":"Dentist Senem Asl\u0131 Ek\u015fio\u011flu, with 14 years of experience in Bodrum, orthodontics, implant, zirconium porcelain, leaf porcelain treatment.","robots":{"index":"index","follow":"follow","max-snippet":"max-snippet:-1","max-image-preview":"max-image-preview:large","max-video-preview":"max-video-preview:-1"},"canonical":"https:\/\/www.senemasli.com\/en\/about-me\/","og_locale":"en_US","og_type":"article","og_title":"Know Me | Dentist Senem Asl\u0131 Ek\u015fio\u011flu","og_description":"Dentist Senem Asl\u0131 Ek\u015fio\u011flu, with 14 years of experience in Bodrum, orthodontics, implant, zirconium porcelain, leaf porcelain treatment.","og_url":"https:\/\/www.senemasli.com\/en\/about-me\/","og_site_name":"Dentist Senem Asl\u0131 Ek\u015fio\u011flu","article_publisher":"https:\/\/www.facebook.com\/D%c4%b0%c5%9e-HEK%c4%b0M%c4%b0-SENEM-ASLI-EK%c5%9e%c4%b0O%c4%9eLU-204782806266798","article_modified_time":"2022-05-22T19:44:18+00:00","og_image":[{"url":"https:\/\/www.senemasli.com\/wp-content\/uploads\/2021\/01\/dis-hekimi-senem-asli-eksioglu-bodrum-cover.jpg","type":"","width":"","height":""}],"twitter_card":"summary_large_image","twitter_title":"Know Me | Dentist Senem Asl\u0131 Ek\u015fio\u011flu","twitter_description":"Dentist Senem Asl\u0131 Ek\u015fio\u011flu, with 14 years of experience in Bodrum, orthodontics, implant, zirconium porcelain, leaf porcelain treatment.","twitter_image":"https:\/\/www.senemasli.com\/wp-content\/uploads\/2021\/01\/dis-hekimi-senem-asli-eksioglu-bodrum-cover.jpg","twitter_misc":{"Est. reading time":"2 minutes"},"schema":{"@context":"https:\/\/schema.org","@graph":[{"@type":"WebPage","@id":"https:\/\/www.senemasli.com\/en\/about-me\/","url":"https:\/\/www.senemasli.com\/en\/about-me\/","name":"About Me - Dentist Senem Asl\u0131 Ek\u015fio\u011flu","isPartOf":{"@id":"https:\/\/www.senemasli.com\/en\/#website"},"datePublished":"2021-01-24T17:56:28+00:00","dateModified":"2022-05-22T19:44:18+00:00","description":"Dentist Senem Asl\u0131 Ek\u015fio\u011flu, with 14 years of experience in Bodrum, orthodontics, implant, zirconium porcelain, leaf porcelain treatment.","breadcrumb":{"@id":"https:\/\/www.senemasli.com\/en\/about-me\/#breadcrumb"},"inLanguage":"en-US","potentialAction":[{"@type":"ReadAction","target":["https:\/\/www.senemasli.com\/en\/about-me\/"]}]},{"@type":"BreadcrumbList","@id":"https:\/\/www.senemasli.com\/en\/about-me\/#breadcrumb","itemListElement":[{"@type":"ListItem","position":1,"name":"Anasayfa","item":"https:\/\/www.senemasli.com\/en\/"},{"@type":"ListItem","position":2,"name":"About Me"}]},{"@type":"WebSite","@id":"https:\/\/www.senemasli.com\/en\/#website","url":"https:\/\/www.senemasli.com\/en\/","name":"Dentist Senem Asl\u0131 Ek\u015fio\u011flu","description":"Bodrum","publisher":{"@id":"https:\/\/www.senemasli.com\/en\/#organization"},"potentialAction":[{"@type":"SearchAction","target":{"@type":"EntryPoint","urlTemplate":"https:\/\/www.senemasli.com\/en\/?s={search_term_string}"},"query-input":{"@type":"PropertyValueSpecification","valueRequired":true,"valueName":"search_term_string"}}],"inLanguage":"en-US"},{"@type":"Organization","@id":"https:\/\/www.senemasli.com\/en\/#organization","name":"Dentist Senem Asl\u0131 Ek\u015fio\u011flu - Bodrum, Mu\u011fla","url":"https:\/\/www.senemasli.com\/en\/","logo":{"@type":"ImageObject","inLanguage":"en-US","@id":"https:\/\/www.senemasli.com\/en\/#\/schema\/logo\/image\/","url":"https:\/\/www.senemasli.com\/wp-content\/uploads\/2021\/01\/logo.png","contentUrl":"https:\/\/www.senemasli.com\/wp-content\/uploads\/2021\/01\/logo.png","width":344,"height":120,"caption":"Dentist Senem Asl\u0131 Ek\u015fio\u011flu - Bodrum, Mu\u011fla"},"image":{"@id":"https:\/\/www.senemasli.com\/en\/#\/schema\/logo\/image\/"},"sameAs":["https:\/\/www.facebook.com\/D\u0130\u015e-HEK\u0130M\u0130-SENEM-ASLI-EK\u015e\u0130O\u011eLU-204782806266798","https:\/\/www.instagram.com\/snmazoid\/","https:\/\/www.linkedin.com\/in\/senem-asl\u0131-ek\u015fio\u011flu-350235204\/"]}]}},"_links":{"self":[{"href":"https:\/\/www.senemasli.com\/en\/wp-json\/wp\/v2\/pages\/2266","targetHints":{"allow":["GET"]}}],"collection":[{"href":"https:\/\/www.senemasli.com\/en\/wp-json\/wp\/v2\/pages"}],"about":[{"href":"https:\/\/www.senemasli.com\/en\/wp-json\/wp\/v2\/types\/page"}],"author":[{"embeddable":true,"href":"https:\/\/www.senemasli.com\/en\/wp-json\/wp\/v2\/users\/1"}],"replies":[{"embeddable":true,"href":"https:\/\/www.senemasli.com\/en\/wp-json\/wp\/v2\/comments?post=2266"}],"version-history":[{"count":16,"href":"https:\/\/www.senemasli.com\/en\/wp-json\/wp\/v2\/pages\/2266\/revisions"}],"predecessor-version":[{"id":3907,"href":"https:\/\/www.senemasli.com\/en\/wp-json\/wp\/v2\/pages\/2266\/revisions\/3907"}],"wp:attachment":[{"href":"https:\/\/www.senemasli.com\/en\/wp-json\/wp\/v2\/media?parent=2266"}],"curies":[{"name":"wp","href":"https:\/\/api.w.org\/{rel}","templated":true}]}}