{"id":2153,"date":"2021-01-24T20:16:38","date_gmt":"2021-01-24T17:16:38","guid":{"rendered":"https:\/\/www.senemasli.com\/home-page\/"},"modified":"2024-12-18T01:33:17","modified_gmt":"2024-12-17T22:33:17","slug":"home-page","status":"publish","type":"page","link":"https:\/\/www.senemasli.com\/en\/","title":{"rendered":"Home page"},"content":{"rendered":"<p>[vc_row css=&#8221;.vc_custom_1439796249329{margin-bottom: 0px !important;}&#8221;][vc_column][rev_slider_vc alias=&#8221;main_slider&#8221;][\/vc_column][\/vc_row][vc_row el_class=&#8221;overflowed_content&#8221; css=&#8221;.vc_custom_1439880673570{margin-bottom: 0px !important;}&#8221;][vc_column width=&#8221;1\/3&#8243; css=&#8221;.vc_custom_1439878727322{margin-top: -100px !important;padding-right: 0px !important;}&#8221;][stm_icon_box icon=&#8221;stm-icon-medical&#8221; style=&#8221;icon_right&#8221; icon_size=&#8221;110&#8243; animation=&#8221;enable&#8221; draw=&#8221;enable&#8221; draw_width=&#8221;80&#8243; icon_width=&#8221;100&#8243; title=&#8221;Dental Implants&#8221; css=&#8221;.vc_custom_1611204315128{padding-top: 45px !important;padding-right: 40px !important;padding-bottom: 45px !important;padding-left: 40px !important;}&#8221; link=&#8221;url:https%3A%2F%2Fwww.senemasli.com%2Fhizmetler%2Fdis-implantlari%2F|title:Di%C5%9F%20%C4%B0mplantlar%C4%B1&#8243; el_class=&#8221;base_background_color mobile_adaptive&#8221;]<\/p>\n<p class=\"p1\">With implants, missing teeth problems are eliminated with a long life without cutting your healthy teeth.<\/p>\n<p>[\/stm_icon_box][\/vc_column][vc_column width=&#8221;1\/3&#8243; css=&#8221;.vc_custom_1439878731029{margin-top: -100px !important;padding-right: 0px !important;padding-left: 0px !important;}&#8221;][stm_icon_box icon=&#8221;stm-icon-tooth-2&#8243; style=&#8221;icon_right&#8221; icon_size=&#8221;110&#8243; animation=&#8221;enable&#8221; title=&#8221;Zirconium Porcelain&#8221; css=&#8221;.vc_custom_1611204203167{padding-top: 45px !important;padding-right: 40px !important;padding-bottom: 45px !important;padding-left: 40px !important;}&#8221; link=&#8221;url:https%3A%2F%2Fwww.senemasli.com%2Fhizmetler%2Fzirkonyum-porselen%2F|title:Zirkonyum%20Porselen&#8221; el_class=&#8221;secondary_background_color mobile_adaptive&#8221;]<\/p>\n<p class=\"p1\">Porcelains made of zirconium metal are a good alternative to metal bridges with their durability and service life.<\/p>\n<p>[\/stm_icon_box][\/vc_column][vc_column width=&#8221;1\/3&#8243; css=&#8221;.vc_custom_1439878734259{margin-top: -100px !important;padding-left: 0px !important;}&#8221;][stm_icon_box icon=&#8221;stm-icon-tooth-3&#8243; style=&#8221;icon_right&#8221; icon_size=&#8221;110&#8243; animation=&#8221;enable&#8221; title=&#8221;Laminate Veneer&#8221; css=&#8221;.vc_custom_1611204267736{padding-top: 45px !important;padding-right: 40px !important;padding-bottom: 45px !important;padding-left: 40px !important;background-color: #4c6575 !important;}&#8221; link=&#8221;url:https%3A%2F%2Fwww.senemasli.com%2Fhizmetler%2Fas-dental-professionals-we-believe-in-preventive-dental-care%2F|title:Laminate%20Veener&#8221; el_class=&#8221;mobile_adaptive&#8221;]<\/p>\n<p class=\"p1\">Discover leaf porcelains, the most aesthetic dentistry approach to smile aesthetics and smile design.<\/p>\n<p>[\/stm_icon_box][\/vc_column][\/vc_row][vc_row el_class=&#8221;table_block&#8221; css=&#8221;.vc_custom_1439899405856{margin-bottom: 0px !important;}&#8221;][vc_column width=&#8221;2\/3&#8243; css=&#8221;.vc_custom_1443254508274{padding-top: 50px !important;padding-bottom: 50px !important;}&#8221;][vc_custom_heading text=&#8221;Get to know me&#8221; font_container=&#8221;tag:h2|text_align:left|color:%234c4c4c&#8221; use_theme_fonts=&#8221;yes&#8221; css=&#8221;.vc_custom_1610100751733{margin-bottom: 20px !important;}&#8221;][vc_custom_heading text=&#8221;Meet with Dentist Senem Asl\u0131 Ek\u015fio\u011flu&#8221; font_container=&#8221;tag:div|font_size:30px|text_align:left|color:%23c2c2c2|line_height:40px&#8221; google_fonts=&#8221;font_family:Playfair%20Display%3Aregular%2Citalic%2C700%2C700italic%2C900%2C900italic|font_style:400%20italic%3A400%3Aitalic&#8221; css=&#8221;.vc_custom_1610100773143{margin-bottom: 30px !important;}&#8221;][vc_column_text]<\/p>\n<figure id=\"attachment_3804\" aria-describedby=\"caption-attachment-3804\" style=\"width: 300px\" class=\"wp-caption alignleft\"><img loading=\"lazy\" decoding=\"async\" class=\"full_width_mobile wp-image-3803 size-medium\" src=\"https:\/\/www.senemasli.com\/wp-content\/uploads\/2022\/05\/senem-05-300x221.jpg\" alt=\"Dentist Senem Asl\u0131 Ek\u015fio\u011flu, Bodrum\" width=\"300\" height=\"221\" srcset=\"https:\/\/www.senemasli.com\/wp-content\/uploads\/2022\/05\/senem-05-300x221.jpg 300w, https:\/\/www.senemasli.com\/wp-content\/uploads\/2022\/05\/senem-05-1024x753.jpg 1024w, https:\/\/www.senemasli.com\/wp-content\/uploads\/2022\/05\/senem-05-768x565.jpg 768w, https:\/\/www.senemasli.com\/wp-content\/uploads\/2022\/05\/senem-05.jpg 1200w\" sizes=\"auto, (max-width: 300px) 100vw, 300px\" \/><figcaption id=\"caption-attachment-3804\" class=\"wp-caption-text\">Dentist Senem Asl\u0131 Ek\u015fio\u011flu, Bodrum<\/figcaption><\/figure>\n<p>I was born in 1984 in Ankara. I completed my primary, secondary and high school education at Ankara Ar\u0131 College and Ar\u0131 Science High School.<br \/>\nI graduated from Ankara University Faculty of Dentistry in 2007.<br \/>\nI operated my own practice in Sakarya Karasu between 2008-2020.<br \/>\nIn October 2020, I opened my clinic in Mu\u011fla Bodrum. I am married and have a child.[\/vc_column_text][vc_btn title=&#8221;Read More&#8221; color=&#8221;juicy-pink&#8221; i_icon_fontawesome=&#8221;fas fa-glasses&#8221; add_icon=&#8221;true&#8221; link=&#8221;url:https%3A%2F%2Fwww.senemasli.com%2Fen%2Fabout-me%2F|title:Get%20to%20know%20us|&#8221;][\/vc_column][vc_column width=&#8221;1\/3&#8243; css=&#8221;.vc_custom_1439899240148{padding-top: 50px !important;padding-right: 60px !important;padding-bottom: 70px !important;padding-left: 60px !important;background-color: #f6f6f6 !important;}&#8221;][stm_image_carousel images_to_show=&#8221;3&#8243; images_to_show_tablet=&#8221;4&#8243; images_to_show_mobile=&#8221;3&#8243; images=&#8221;1426,1427,1428,1429,1430,1431,1432,1433,1434,1435,1436,1437,1438,1439,1440,1441,1442,1443,1444,1445,3887&#8243; title=&#8221;Specialization Certificates&#8221; title_color=&#8221;#4c4c4c&#8221;][\/vc_column][\/vc_row][vc_row full_width=&#8221;stretch_row&#8221; css=&#8221;.vc_custom_1443254699136{margin-bottom: 0px !important;padding-top: 60px !important;padding-bottom: 40px !important;}&#8221; el_class=&#8221;base_background_color&#8221;][vc_column][vc_custom_heading text=&#8221;My Treatment Approach&#8221; font_container=&#8221;tag:h2|text_align:left|color:%23ffffff&#8221; use_theme_fonts=&#8221;yes&#8221; css=&#8221;.vc_custom_1610237748530{margin-bottom: 70px !important;}&#8221;][vc_row_inner][vc_column_inner width=&#8221;1\/2&#8243; offset=&#8221;vc_col-lg-3 vc_col-md-3&#8243; css=&#8221;.vc_custom_1443254710022{padding-bottom: 40px !important;}&#8221;][stm_icon_box title_font_size=&#8221;24&#8243; title_font_weight=&#8221;300&#8243; icon=&#8221;stm-icon-computer&#8221; icon_size=&#8221;52&#8243; icon_height=&#8221;90&#8243; title=&#8221;Personalized Correct Treatment&#8221; link=&#8221;||&#8221; title_color=&#8221;#ffffff&#8221;]<\/p>\n<p class=\"p1\"><span style=\"font-weight: 400; color: #ebebeb;\">With my 16 years of experience, I determine the most appropriate treatment methods for you and present them to you with alternatives.<\/span><\/p>\n<p>[\/stm_icon_box][\/vc_column_inner][vc_column_inner width=&#8221;1\/2&#8243; offset=&#8221;vc_col-lg-3 vc_col-md-3&#8243; css=&#8221;.vc_custom_1443254718746{padding-bottom: 40px !important;}&#8221;][stm_icon_box title_font_size=&#8221;24&#8243; title_font_weight=&#8221;300&#8243; icon=&#8221;stm-icon-tooth-4&#8243; icon_size=&#8221;63&#8243; icon_height=&#8221;90&#8243; title=&#8221;Use of Innovative Technology&#8221;]<\/p>\n<p class=\"p1\"><span style=\"color: #ebebeb;\">I constantly follow technological developments related to my profession, innovations, and add them to my treatments.<\/span><\/p>\n<p>[\/stm_icon_box][\/vc_column_inner][vc_column_inner width=&#8221;1\/2&#8243; css=&#8221;.vc_custom_1443254731860{padding-bottom: 40px !important;}&#8221; offset=&#8221;vc_col-lg-3 vc_col-md-3&#8243;][stm_icon_box title_font_size=&#8221;24&#8243; title_font_weight=&#8221;300&#8243; icon=&#8221;stm-icon-tooth-5&#8243; icon_size=&#8221;54&#8243; icon_height=&#8221;90&#8243; title=&#8221;Unconditional Patient Satisfaction&#8221;]<\/p>\n<p class=\"p1\"><span style=\"color: #ebebeb;\">It is important for me that you are satisfied with the service you have received from me and that you find a long-term solution.<\/span><\/p>\n<p>[\/stm_icon_box][\/vc_column_inner][vc_column_inner width=&#8221;1\/2&#8243; css=&#8221;.vc_custom_1443254742860{padding-bottom: 40px !important;}&#8221; offset=&#8221;vc_col-lg-3 vc_col-md-3&#8243;][stm_icon_box title_font_size=&#8221;24&#8243; title_font_weight=&#8221;300&#8243; icon=&#8221;stm-icon-sertificate&#8221; icon_size=&#8221;63&#8243; icon_height=&#8221;90&#8243; title=&#8221;Continuing Education and Certification&#8221;]<\/p>\n<p class=\"p1\"><span style=\"color: #ebebeb;\">I am improving myself in different fields of dentistry with new training and certificates.<\/span><\/p>\n<p>[\/stm_icon_box][\/vc_column_inner][\/vc_row_inner][\/vc_column][\/vc_row][vc_row full_width=&#8221;stretch_row&#8221; css=&#8221;.vc_custom_1443264919324{margin-bottom: 60px !important;padding-top: 20px !important;padding-bottom: 20px !important;background-color: #4c6575 !important;}&#8221;][vc_column width=&#8221;1\/3&#8243; css=&#8221;.vc_custom_1443264932250{padding-top: 30px !important;padding-bottom: 30px !important;}&#8221;][stm_stats_counter counter_value=&#8221;19&#8243; title=&#8221;years of experience&#8221; font_color=&#8221;#ffffff&#8221; counter_width=&#8221;57&#8243;][\/vc_column][vc_column width=&#8221;1\/3&#8243; css=&#8221;.vc_custom_1443264937585{padding-top: 30px !important;padding-bottom: 30px !important;}&#8221;][stm_stats_counter counter_value=&#8221;46&#8243; title=&#8221;conference attendance&#8221; font_color=&#8221;#ffffff&#8221; counter_width=&#8221;63&#8243;][\/vc_column][vc_column width=&#8221;1\/3&#8243; css=&#8221;.vc_custom_1443264948857{padding-top: 30px !important;padding-bottom: 30px !important;}&#8221;][stm_stats_counter counter_value=&#8221;21&#8243; title=&#8221;certificate of expertise&#8221; font_color=&#8221;#ffffff&#8221; counter_width=&#8221;58&#8243;][\/vc_column][\/vc_row][vc_row css=&#8221;.vc_custom_1616774798882{margin-bottom: 70px !important;}&#8221;][vc_column][stm_testimonials count=&#8221;8&#8243; testimonials_to_show=&#8221;3&#8243; title=&#8221;Patient Comments&#8221;][\/vc_column][\/vc_row][vc_row full_width=&#8221;stretch_row_content_no_spaces&#8221; css=&#8221;.vc_custom_1616773094211{margin-bottom: 0px !important;}&#8221;][vc_column][stm_gmap map_zoom=&#8221;15&#8243; disable_mouse_whell=&#8221;disable&#8221; lat=&#8221;37.0465071&#8243; lng=&#8221;27.3915033&#8243;][\/vc_column][\/vc_row][vc_row css=&#8221;.vc_custom_1440502646613{margin-bottom: 0px !important;}&#8221;][vc_column width=&#8221;2\/3&#8243;][vc_column_text][\/vc_column_text][\/vc_column][vc_column width=&#8221;1\/3&#8243; css=&#8221;.vc_custom_1443266080216{margin-top: -462px !important;}&#8221; el_class=&#8221;base_background_color&#8221;][stm_contacts_widget address=&#8221;Konac\u0131k Mahallesi Kanuni Sultan S\u00fcleyman Cad. No 57\/A-3 (Sat\u0131o\u011flu \u0130\u015f Merkezi) Bodrum\/Mu\u011fla&#8221; email=&#8221;info@senemasli.com&#8221; phone=&#8221;+90 252 317 29 79 +90 530 052 50 48&#8243; hours=&#8221;Pzt &#8211; Cmt 10.00 &#8211; 18.00 Pazar KAPALI&#8221; css=&#8221;.vc_custom_1610047359203{padding-top: 52px !important;padding-right: 35px !important;padding-bottom: 53px !important;padding-left: 35px !important;}&#8221;][\/vc_column][\/vc_row]<\/p>\n","protected":false},"excerpt":{"rendered":"<p>[vc_row css=&#8221;.vc_custom_1439796249329{margin-bottom: 0px !important;}&#8221;][vc_column][rev_slider_vc alias=&#8221;main_slider&#8221;][\/vc_column][\/vc_row][vc_row el_class=&#8221;overflowed_content&#8221; css=&#8221;.vc_custom_1439880673570{margin-bottom: 0px !important;}&#8221;][vc_column width=&#8221;1\/3&#8243; css=&#8221;.vc_custom_1439878727322{margin-top: -100px !important;padding-right: 0px !important;}&#8221;][stm_icon_box icon=&#8221;stm-icon-medical&#8221; style=&#8221;icon_right&#8221; icon_size=&#8221;110&#8243; animation=&#8221;enable&#8221; draw=&#8221;enable&#8221; draw_width=&#8221;80&#8243; icon_width=&#8221;100&#8243; title=&#8221;Dental Implants&#8221; css=&#8221;.vc_custom_1611204315128{padding-top: 45px !important;padding-right: 40px !important;padding-bottom: 45px !important;padding-left: 40px !important;}&#8221; link=&#8221;url:https%3A%2F%2Fwww.senemasli.com%2Fhizmetler%2Fdis-implantlari%2F|title:Di%C5%9F%20%C4%B0mplantlar%C4%B1&#8243; el_class=&#8221;base_background_color mobile_adaptive&#8221;] With implants, missing teeth problems are eliminated with a long life without cutting your healthy teeth. [\/stm_icon_box][\/vc_column][vc_column width=&#8221;1\/3&#8243; css=&#8221;.vc_custom_1439878731029{margin-top:&#8230;<\/p>\n","protected":false},"author":1,"featured_media":0,"parent":0,"menu_order":0,"comment_status":"closed","ping_status":"closed","template":"","meta":{"footnotes":""},"class_list":["post-2153","page","type-page","status-publish","hentry"],"yoast_head":"<!-- This site is optimized with the Yoast SEO plugin v24.2 - https:\/\/yoast.com\/wordpress\/plugins\/seo\/ -->\n<title>Dentist Senem Asl\u0131 Ek\u015fio\u011flu - Bodrum, Mu\u011fla<\/title>\n<meta name=\"description\" content=\"Bodrum Dentist Senem Asl\u0131 Ek\u015fio\u011flu. Orthodontics, implant, leaf porcelain, children&#039;s jaw orthopedics, filling, root canal treatment in Bodrum ...\" \/>\n<meta name=\"robots\" content=\"index, follow, max-snippet:-1, max-image-preview:large, max-video-preview:-1\" \/>\n<link rel=\"canonical\" href=\"https:\/\/www.senemasli.com\/en\/\" \/>\n<meta property=\"og:locale\" content=\"en_US\" \/>\n<meta property=\"og:type\" content=\"article\" \/>\n<meta property=\"og:title\" content=\"Dentist Senem Asl\u0131 Ek\u015fio\u011flu | Bodrum, Mugla\" \/>\n<meta property=\"og:description\" content=\"Bodrum Dentist Senem Asl\u0131 Ek\u015fio\u011flu. Orthodontics, implant, leaf porcelain, children&#039;s jaw orthopedics, filling, root canal treatment in Bodrum ...\" \/>\n<meta property=\"og:url\" content=\"https:\/\/www.senemasli.com\/en\/\" \/>\n<meta property=\"og:site_name\" content=\"Dentist Senem Asl\u0131 Ek\u015fio\u011flu\" \/>\n<meta property=\"article:publisher\" content=\"https:\/\/www.facebook.com\/D%c4%b0%c5%9e-HEK%c4%b0M%c4%b0-SENEM-ASLI-EK%c5%9e%c4%b0O%c4%9eLU-204782806266798\" \/>\n<meta property=\"article:modified_time\" content=\"2024-12-17T22:33:17+00:00\" \/>\n<meta property=\"og:image\" content=\"https:\/\/www.senemasli.com\/wp-content\/uploads\/2021\/01\/dis-hekimi-senem-asli-eksioglu-bodrum-cover.jpg\" \/>\n<meta name=\"twitter:card\" content=\"summary_large_image\" \/>\n<meta name=\"twitter:title\" content=\"Dentist Senem Asl\u0131 Ek\u015fio\u011flu | Bodrum, Mugla\" \/>\n<meta name=\"twitter:description\" content=\"Bodrum Dentist Senem Asl\u0131 Ek\u015fio\u011flu. Orthodontics, implant, leaf porcelain, children&#039;s jaw orthopedics, filling, root canal treatment in Bodrum ...\" \/>\n<meta name=\"twitter:image\" content=\"https:\/\/www.senemasli.com\/wp-content\/uploads\/2021\/01\/dis-hekimi-senem-asli-eksioglu-bodrum-cover.jpg\" \/>\n<meta name=\"twitter:label1\" content=\"Est. reading time\" \/>\n\t<meta name=\"twitter:data1\" content=\"5 minutes\" \/>\n<script type=\"application\/ld+json\" class=\"yoast-schema-graph\">{\"@context\":\"https:\/\/schema.org\",\"@graph\":[{\"@type\":\"WebPage\",\"@id\":\"https:\/\/www.senemasli.com\/en\/\",\"url\":\"https:\/\/www.senemasli.com\/en\/\",\"name\":\"Dentist Senem Asl\u0131 Ek\u015fio\u011flu - Bodrum, Mu\u011fla\",\"isPartOf\":{\"@id\":\"https:\/\/www.senemasli.com\/en\/#website\"},\"primaryImageOfPage\":{\"@id\":\"https:\/\/www.senemasli.com\/en\/#primaryimage\"},\"image\":{\"@id\":\"https:\/\/www.senemasli.com\/en\/#primaryimage\"},\"thumbnailUrl\":\"https:\/\/www.senemasli.com\/wp-content\/uploads\/2022\/05\/senem-05-300x221.jpg\",\"datePublished\":\"2021-01-24T17:16:38+00:00\",\"dateModified\":\"2024-12-17T22:33:17+00:00\",\"description\":\"Bodrum Dentist Senem Asl\u0131 Ek\u015fio\u011flu. Orthodontics, implant, leaf porcelain, children's jaw orthopedics, filling, root canal treatment in Bodrum ...\",\"breadcrumb\":{\"@id\":\"https:\/\/www.senemasli.com\/en\/#breadcrumb\"},\"inLanguage\":\"en-US\",\"potentialAction\":[{\"@type\":\"ReadAction\",\"target\":[\"https:\/\/www.senemasli.com\/en\/\"]}]},{\"@type\":\"ImageObject\",\"inLanguage\":\"en-US\",\"@id\":\"https:\/\/www.senemasli.com\/en\/#primaryimage\",\"url\":\"https:\/\/www.senemasli.com\/wp-content\/uploads\/2022\/05\/senem-05-300x221.jpg\",\"contentUrl\":\"https:\/\/www.senemasli.com\/wp-content\/uploads\/2022\/05\/senem-05-300x221.jpg\"},{\"@type\":\"BreadcrumbList\",\"@id\":\"https:\/\/www.senemasli.com\/en\/#breadcrumb\",\"itemListElement\":[{\"@type\":\"ListItem\",\"position\":1,\"name\":\"Anasayfa\",\"item\":\"https:\/\/www.senemasli.com\/en\/\"},{\"@type\":\"ListItem\",\"position\":2,\"name\":\"Home page\"}]},{\"@type\":\"WebSite\",\"@id\":\"https:\/\/www.senemasli.com\/en\/#website\",\"url\":\"https:\/\/www.senemasli.com\/en\/\",\"name\":\"Dentist Senem Asl\u0131 Ek\u015fio\u011flu\",\"description\":\"Bodrum\",\"publisher\":{\"@id\":\"https:\/\/www.senemasli.com\/en\/#organization\"},\"potentialAction\":[{\"@type\":\"SearchAction\",\"target\":{\"@type\":\"EntryPoint\",\"urlTemplate\":\"https:\/\/www.senemasli.com\/en\/?s={search_term_string}\"},\"query-input\":{\"@type\":\"PropertyValueSpecification\",\"valueRequired\":true,\"valueName\":\"search_term_string\"}}],\"inLanguage\":\"en-US\"},{\"@type\":\"Organization\",\"@id\":\"https:\/\/www.senemasli.com\/en\/#organization\",\"name\":\"Dentist Senem Asl\u0131 Ek\u015fio\u011flu - Bodrum, Mu\u011fla\",\"url\":\"https:\/\/www.senemasli.com\/en\/\",\"logo\":{\"@type\":\"ImageObject\",\"inLanguage\":\"en-US\",\"@id\":\"https:\/\/www.senemasli.com\/en\/#\/schema\/logo\/image\/\",\"url\":\"https:\/\/www.senemasli.com\/wp-content\/uploads\/2021\/01\/logo.png\",\"contentUrl\":\"https:\/\/www.senemasli.com\/wp-content\/uploads\/2021\/01\/logo.png\",\"width\":344,\"height\":120,\"caption\":\"Dentist Senem Asl\u0131 Ek\u015fio\u011flu - Bodrum, Mu\u011fla\"},\"image\":{\"@id\":\"https:\/\/www.senemasli.com\/en\/#\/schema\/logo\/image\/\"},\"sameAs\":[\"https:\/\/www.facebook.com\/D\u0130\u015e-HEK\u0130M\u0130-SENEM-ASLI-EK\u015e\u0130O\u011eLU-204782806266798\",\"https:\/\/www.instagram.com\/snmazoid\/\",\"https:\/\/www.linkedin.com\/in\/senem-asl\u0131-ek\u015fio\u011flu-350235204\/\"]}]}<\/script>\n<!-- \/ Yoast SEO plugin. -->","yoast_head_json":{"title":"Dentist Senem Asl\u0131 Ek\u015fio\u011flu - Bodrum, Mu\u011fla","description":"Bodrum Dentist Senem Asl\u0131 Ek\u015fio\u011flu. Orthodontics, implant, leaf porcelain, children's jaw orthopedics, filling, root canal treatment in Bodrum ...","robots":{"index":"index","follow":"follow","max-snippet":"max-snippet:-1","max-image-preview":"max-image-preview:large","max-video-preview":"max-video-preview:-1"},"canonical":"https:\/\/www.senemasli.com\/en\/","og_locale":"en_US","og_type":"article","og_title":"Dentist Senem Asl\u0131 Ek\u015fio\u011flu | Bodrum, Mugla","og_description":"Bodrum Dentist Senem Asl\u0131 Ek\u015fio\u011flu. Orthodontics, implant, leaf porcelain, children's jaw orthopedics, filling, root canal treatment in Bodrum ...","og_url":"https:\/\/www.senemasli.com\/en\/","og_site_name":"Dentist Senem Asl\u0131 Ek\u015fio\u011flu","article_publisher":"https:\/\/www.facebook.com\/D%c4%b0%c5%9e-HEK%c4%b0M%c4%b0-SENEM-ASLI-EK%c5%9e%c4%b0O%c4%9eLU-204782806266798","article_modified_time":"2024-12-17T22:33:17+00:00","og_image":[{"url":"https:\/\/www.senemasli.com\/wp-content\/uploads\/2021\/01\/dis-hekimi-senem-asli-eksioglu-bodrum-cover.jpg","type":"","width":"","height":""}],"twitter_card":"summary_large_image","twitter_title":"Dentist Senem Asl\u0131 Ek\u015fio\u011flu | Bodrum, Mugla","twitter_description":"Bodrum Dentist Senem Asl\u0131 Ek\u015fio\u011flu. Orthodontics, implant, leaf porcelain, children's jaw orthopedics, filling, root canal treatment in Bodrum ...","twitter_image":"https:\/\/www.senemasli.com\/wp-content\/uploads\/2021\/01\/dis-hekimi-senem-asli-eksioglu-bodrum-cover.jpg","twitter_misc":{"Est. reading time":"5 minutes"},"schema":{"@context":"https:\/\/schema.org","@graph":[{"@type":"WebPage","@id":"https:\/\/www.senemasli.com\/en\/","url":"https:\/\/www.senemasli.com\/en\/","name":"Dentist Senem Asl\u0131 Ek\u015fio\u011flu - Bodrum, Mu\u011fla","isPartOf":{"@id":"https:\/\/www.senemasli.com\/en\/#website"},"primaryImageOfPage":{"@id":"https:\/\/www.senemasli.com\/en\/#primaryimage"},"image":{"@id":"https:\/\/www.senemasli.com\/en\/#primaryimage"},"thumbnailUrl":"https:\/\/www.senemasli.com\/wp-content\/uploads\/2022\/05\/senem-05-300x221.jpg","datePublished":"2021-01-24T17:16:38+00:00","dateModified":"2024-12-17T22:33:17+00:00","description":"Bodrum Dentist Senem Asl\u0131 Ek\u015fio\u011flu. Orthodontics, implant, leaf porcelain, children's jaw orthopedics, filling, root canal treatment in Bodrum ...","breadcrumb":{"@id":"https:\/\/www.senemasli.com\/en\/#breadcrumb"},"inLanguage":"en-US","potentialAction":[{"@type":"ReadAction","target":["https:\/\/www.senemasli.com\/en\/"]}]},{"@type":"ImageObject","inLanguage":"en-US","@id":"https:\/\/www.senemasli.com\/en\/#primaryimage","url":"https:\/\/www.senemasli.com\/wp-content\/uploads\/2022\/05\/senem-05-300x221.jpg","contentUrl":"https:\/\/www.senemasli.com\/wp-content\/uploads\/2022\/05\/senem-05-300x221.jpg"},{"@type":"BreadcrumbList","@id":"https:\/\/www.senemasli.com\/en\/#breadcrumb","itemListElement":[{"@type":"ListItem","position":1,"name":"Anasayfa","item":"https:\/\/www.senemasli.com\/en\/"},{"@type":"ListItem","position":2,"name":"Home page"}]},{"@type":"WebSite","@id":"https:\/\/www.senemasli.com\/en\/#website","url":"https:\/\/www.senemasli.com\/en\/","name":"Dentist Senem Asl\u0131 Ek\u015fio\u011flu","description":"Bodrum","publisher":{"@id":"https:\/\/www.senemasli.com\/en\/#organization"},"potentialAction":[{"@type":"SearchAction","target":{"@type":"EntryPoint","urlTemplate":"https:\/\/www.senemasli.com\/en\/?s={search_term_string}"},"query-input":{"@type":"PropertyValueSpecification","valueRequired":true,"valueName":"search_term_string"}}],"inLanguage":"en-US"},{"@type":"Organization","@id":"https:\/\/www.senemasli.com\/en\/#organization","name":"Dentist Senem Asl\u0131 Ek\u015fio\u011flu - Bodrum, Mu\u011fla","url":"https:\/\/www.senemasli.com\/en\/","logo":{"@type":"ImageObject","inLanguage":"en-US","@id":"https:\/\/www.senemasli.com\/en\/#\/schema\/logo\/image\/","url":"https:\/\/www.senemasli.com\/wp-content\/uploads\/2021\/01\/logo.png","contentUrl":"https:\/\/www.senemasli.com\/wp-content\/uploads\/2021\/01\/logo.png","width":344,"height":120,"caption":"Dentist Senem Asl\u0131 Ek\u015fio\u011flu - Bodrum, Mu\u011fla"},"image":{"@id":"https:\/\/www.senemasli.com\/en\/#\/schema\/logo\/image\/"},"sameAs":["https:\/\/www.facebook.com\/D\u0130\u015e-HEK\u0130M\u0130-SENEM-ASLI-EK\u015e\u0130O\u011eLU-204782806266798","https:\/\/www.instagram.com\/snmazoid\/","https:\/\/www.linkedin.com\/in\/senem-asl\u0131-ek\u015fio\u011flu-350235204\/"]}]}},"_links":{"self":[{"href":"https:\/\/www.senemasli.com\/en\/wp-json\/wp\/v2\/pages\/2153","targetHints":{"allow":["GET"]}}],"collection":[{"href":"https:\/\/www.senemasli.com\/en\/wp-json\/wp\/v2\/pages"}],"about":[{"href":"https:\/\/www.senemasli.com\/en\/wp-json\/wp\/v2\/types\/page"}],"author":[{"embeddable":true,"href":"https:\/\/www.senemasli.com\/en\/wp-json\/wp\/v2\/users\/1"}],"replies":[{"embeddable":true,"href":"https:\/\/www.senemasli.com\/en\/wp-json\/wp\/v2\/comments?post=2153"}],"version-history":[{"count":41,"href":"https:\/\/www.senemasli.com\/en\/wp-json\/wp\/v2\/pages\/2153\/revisions"}],"predecessor-version":[{"id":4130,"href":"https:\/\/www.senemasli.com\/en\/wp-json\/wp\/v2\/pages\/2153\/revisions\/4130"}],"wp:attachment":[{"href":"https:\/\/www.senemasli.com\/en\/wp-json\/wp\/v2\/media?parent=2153"}],"curies":[{"name":"wp","href":"https:\/\/api.w.org\/{rel}","templated":true}]}}