{"id":2677,"date":"2021-01-28T07:19:09","date_gmt":"2021-01-28T04:19:09","guid":{"rendered":"https:\/\/www.senemasli.com\/datenschutz-bestimmungen\/"},"modified":"2021-01-28T07:19:15","modified_gmt":"2021-01-28T04:19:15","slug":"datenschutz-bestimmungen","status":"publish","type":"page","link":"https:\/\/www.senemasli.com\/de\/datenschutz-bestimmungen\/","title":{"rendered":"Datenschutz-Bestimmungen"},"content":{"rendered":"\n<ul class=\"wp-block-list\"><li>In allen Kommentaren auf der Senemasli.com-Website werden die von den Benutzern an die Website gesendeten E-Mail-Adressen und die IP-Adressen der Benutzer niemals an Institutionen und Personen Dritter weitergegeben. Website-Besucher k\u00f6nnen diese Informationen nicht sehen.<\/li><li>Kommentare werden nach Genehmigung durch den Administrator auf der Website ver\u00f6ffentlicht.<\/li><li>Kommentare mit illegalen Themen, fluchenden, beleidigenden Kommentaren werden nicht auf der Website ver\u00f6ffentlicht.<\/li><li>Wenn Sie \u00fcber das Kontaktformular auf der Site eine Nachricht an die Site-Administratoren senden m\u00f6chten, werden der Name, die E-Mail-Adresse und die vom Absender geschriebene Nachricht per E-Mail an die Site-Administratoren gesendet. Diese Informationen werden in keiner Liste gespeichert oder an Dritte weitergegeben. E-Mail-Nachrichten werden niemals an Personen gesendet, die das Kontaktformular auf der Website f\u00fcr Marketingzwecke verwenden.<\/li><li>\u00dcber das Formular zur Erstellung von Online-Terminen gesendete personenbezogene Daten werden in einer verschl\u00fcsselten Umgebung gespeichert und nicht an Dritte weitergegeben. Es wird nur verwendet, um Termine zwischen dem B\u00fcro und dem Patienten zu erstellen. Und es wird in einer verschl\u00fcsselten und gesch\u00fctzten Umgebung gem\u00e4\u00df den Regeln des Datenschutzgesetzes gespeichert, nur um den Termin zu best\u00e4tigen und die fr\u00fcheren Termine des Patienten zu verfolgen.<\/li><li>Der E-Newsletter-Service, der gesendet wird, um neue Artikel mit Lesern zu teilen, wird nur an Benutzer gesendet, die in der E-Mail-Liste registriert sind.<\/li><li>Sie k\u00f6nnen sich einfach \u00fcber den Link &#8222;Liste verlassen&#8220; in der E-Mail-Nachricht von der E-Newsletter-Liste abmelden.<\/li><li>Leserinformationen k\u00f6nnen nur dann an offizielle Beh\u00f6rden weitergegeben werden, wenn diese Informationen von den offiziellen Beh\u00f6rden angefordert werden und wenn sie verpflichtet sind, gegen\u00fcber den Beh\u00f6rden eine Erkl\u00e4rung gem\u00e4\u00df den Bestimmungen der geltenden zwingenden Rechtsvorschriften abzugeben.<\/li><li>Jeder Benutzer, der die Website besucht, hat diese Bedingungen akzeptiert.<\/li><\/ul>\n\n<h2 class=\"wp-block-heading\"><strong>Nutzungsbedingungen f\u00fcr Cookies<\/strong><\/h2>\n\n<p><strong>Zur Senemasli.com-Website<\/strong> W\u00e4hrend Sie Ihre pers\u00f6nlichen Daten sammeln und verwenden, um die Zeit, die Sie w\u00e4hrend Ihres Besuchs auf allen Haupt- und Unterseiten von (Site) verbringen, auf sicherste und bequemste Weise zu vervollst\u00e4ndigen<strong> Senemasli.com<\/strong> Die Verfahren und Grunds\u00e4tze, die befolgt werden von:<\/p>\n\n<p><strong>Cookie-Richtlinie<\/strong><\/p>\n\n<p>Wie viele Websites verwendet diese Website (der Begriff &#8222;Website&#8220; wird verwendet, um diese Website und die Websites von Gesch\u00e4ftspartnern einzuschlie\u00dfen) Cookies f\u00fcr verschiedene Zwecke. Als Cookies bezeichnete technische Kommunikationsdateien sind kleine Textdateien, die eine Website an den Computer oder den Browser des Mobiltelefons des Benutzers sendet.<\/p>\n\n<p><strong>Zu welchem Zweck und wie werden Cookies verwendet?<\/strong><\/p>\n\n<p>Auf dieser Website und auf den Websites von Gesch\u00e4ftspartnern sollen Benutzer personalisierte Inhalte und Anzeigen erhalten, die ihren Interessen und Bed\u00fcrfnissen entsprechen. Ziel ist es, die Qualit\u00e4t der Website zu verbessern, indem unn\u00f6tige Werbeanzeigen vermieden werden, die die Aufmerksamkeit des Benutzers nicht auf sich ziehen. Cookies helfen uns, Sie zu erkennen, wodurch wir die Website mit Inhalten und Anzeigen, von denen wir glauben, dass sie f\u00fcr Sie von Interesse sind, n\u00fctzlicher und n\u00fctzlicher f\u00fcr Sie machen k\u00f6nnen.<\/p>\n\n<p>1. Cookies; Es kann verwendet werden, um Anzeigen anzuzeigen, die f\u00fcr Sie beim Betreten der Website von Interesse sein k\u00f6nnen, und um festzustellen, ob Sie an dieser Anzeige interessiert sind, nachdem Sie eine Anzeige auf der Website gesehen haben, und ob Sie die Website des betreffenden Produkts oder der betreffenden Dienstleistung besucht haben .<\/p>\n\n<p>2. Die Anzahl der Benutzer, die die Website besuchen, die Art des Benutzers, die H\u00e4ufigkeit der Besuche, das Benutzerverhalten und die Gewohnheiten, aus welchen L\u00e4ndern die Benutzer die Website besuchen usw. Cookies k\u00f6nnen verwendet werden, um Statistiken zu erstellen.<\/p>\n\n<p>3. Um die Benutzereinstellungen auf der Site genauer zu bestimmen 3. Von Einzelpersonen platzierte Cookies (z. B. Cookies, die beim Zugriff auf Werbung dieser Personen auf der Website verwendet werden) k\u00f6nnen ebenfalls verwendet werden. Die durch diese Cookies gesammelten Daten k\u00f6nnen auch verwendet werden, um Werbung oder Inhalte f\u00fcr Benutzer auf anderen besuchten Websites zu platzieren.<\/p>\n\n<p>4. Die Verwendung von Cookies f\u00fcr die oben beschriebenen Zwecke kann auf dieser Website und auf Websites von Gesch\u00e4ftspartnern auf der Website durchgef\u00fchrt werden. Auch in einem solchen Fall ist das Ziel, Inhalte und Werbung bereitzustellen, die auf die auf diese Weise bestimmten Interessen des Nutzers zugeschnitten sind.<\/p>\n\n<p>5. Informationen \u00fcber die vom Benutzer besuchten Websites au\u00dfer diesen Websites k\u00f6nnen auch \u00fcber die auf dieser Website oder anderen Websites von der Website oder ihren Gesch\u00e4ftspartnern verwendeten Cookies verarbeitet werden.<\/p>\n\n<p><strong>Welche Informationen werden \u00fcber Cookies empfangen und verarbeitet?<\/strong><\/p>\n\n<p>Die Site, von der die Site stammt und welche Site nach der Site besucht wird, der geografische Standort der Benutzer, ihre Reaktionen auf die Werbebanner auf der Site, die pers\u00f6nlichen Informationen, die der Benutzer freiwillig der Site und den Gesch\u00e4ftspartnern gibt Websites, die auf der Website vorgenommenen Einstellungen, Aktionen in Bezug auf die Website und die Seiten unserer Gesch\u00e4ftspartner k\u00f6nnen auf Freigabeseiten empfangen und verarbeitet werden. Die Mitgliedschaftsinformationen, die Sie der Site und den Sites von Gesch\u00e4ftspartnern gegeben haben, k\u00f6nnen von der Site oder ihren Gesch\u00e4ftspartnern f\u00fcr die hier angegebenen Zwecke empfangen und verarbeitet werden. Wenn Daten \u00fcber bestimmte Anwendungen (Anwendungen) von Websites sozialer Netzwerke empfangen und verarbeitet werden, k\u00f6nnen Sie wissen, welche Daten im Rahmen Ihrer Genehmigung f\u00fcr die Anwendung verarbeitet werden. Wenn Sie dem entsprechenden Antrag nicht zustimmen, k\u00f6nnen Sie die Verarbeitung Ihrer personenbezogenen Daten in dem von Ihnen angegebenen Umfang verhindern.<\/p>\n\n<p><strong>Verhinderung der Verwendung von Cookies:<\/strong><\/p>\n\n<p>Es ist m\u00f6glich, Cookies \u00fcber Ihren Browser zu blockieren. Wenn Sie sie jedoch blockieren, k\u00f6nnen Sie m\u00f6glicherweise einige Funktionen auf der Website nicht verwenden. Es wird empfohlen, die Einstellungen Ihres Browsers zu \u00fcberpr\u00fcfen, um festzustellen, ob Sie mit Ihrem Browser Cookies verwalten k\u00f6nnen.<\/p>\n\n<p><strong>Mit Hilfe von Cookies gesammelte Daten 3. Mit Menschen teilen:<\/strong><\/p>\n\n<p>Verhaltens- und personenbezogene Daten, die mit Hilfe von Cookies gesammelt und oben ausf\u00fchrlich beschrieben wurden, werden an Gesch\u00e4ftspartner weitergegeben und 3. kann mit Menschen geteilt werden.<\/p>\n\n<p>Auf der Website, 3. Links oder Zugriff k\u00f6nnen auf Websites und Inhalte bereitgestellt werden, die von Einzelpersonen verwaltet werden. 3. Die Website ist nicht befugt, den Inhalt der Person zu kontrollieren oder zu beeintr\u00e4chtigen.<\/p>\n\n<p>3 auf der Website. &#8222;Plugins&#8220; f\u00fcr pers\u00f6nliche Plattformen k\u00f6nnen verwendet werden. Informationen, die beim Besuch der Website durch Benutzer gesammelt werden, 3. Die Person kann von den Plattformen verwendet werden. Wenn Benutzer die Site besuchen, w\u00e4hrend sie mit ihren Konten auf diesen Plattformen verbunden sind, werden die Site und 3. Von Einzelpersonen gesammelte Informationen k\u00f6nnen zugeordnet werden.<\/p>\n\n<p>Benutzerdaten, die f\u00fcr die hier genannten Zwecke gesammelt werden, k\u00f6nnen mit Daten aus verschiedenen kundenzufriedenheitsorientierten Marketingprogrammen kombiniert werden, die der Website oder ihren Gesch\u00e4ftspartnern geh\u00f6ren und denen der Benutzer angeh\u00f6rt. Ziel ist es, die Bed\u00fcrfnisse des Benutzers n\u00e4her kennenzulernen und den Benutzern personalisierte Dienste sowohl im Rahmen dieser Anwendung als auch im Rahmen anderer Marketingprogramme anzubieten, bei denen Sie Mitglied sind. Die kombinierten Daten k\u00f6nnen mit den hier und in der Mitgliedschaftsvereinbarung des jeweiligen Marketingprogramms angegebenen Zwecken und Methoden verarbeitet werden.<\/p>\n\n<p>Nach dieser Richtlinie ist die Site oder 3. Personenbezogene Daten, verarbeitet von Einzelpersonen, Website oder 3. Wenn Einzelpersonen Dienstleistungen zur Verarbeitung dieser Daten erhalten, 3. Es kann mit Einzelpersonen geteilt werden, die auf den Zweck des Empfangs dieser Dienste beschr\u00e4nkt sind. Service erhalten 3. Personen k\u00f6nnen diese Daten im In- oder Ausland aufbewahren und zwischen im In- und Ausland gespeicherten Daten \u00fcbertragen.<\/p>\n\n<p><strong>Einhaltung der gesetzlichen Bestimmungen<\/strong><\/p>\n\n<p>Die Website und ihre Gesch\u00e4ftspartner handeln nicht f\u00fcr illegale Zwecke und f\u00fcr andere Zwecke als die hier angegebenen. Der Antrag wird angesichts rechtlicher Entwicklungen \u00fcberarbeitet und in der gesetzlich festgelegten Form und dem gesetzlich festgelegten Umfang aufbewahrt.<\/p>\n\n<p><strong>Rechte von Personen, deren personenbezogene Daten verarbeitet werden<\/strong><\/p>\n\n<p>Im Rahmen dieser Richtlinie die Personen, deren personenbezogene Daten verarbeitet werden, ob ihre personenbezogenen Daten verarbeitet werden, ob die Daten verarbeitet wurden, der Zweck der Datenverarbeitung und ob sie f\u00fcr ihren Zweck verwendet werden, wer die Dritten an wen Die Daten werden im In- oder Ausland \u00fcbertragen, falls die Daten unvollst\u00e4ndig oder unrichtig sind, um die L\u00f6schung oder Vernichtung personenbezogener Daten im Rahmen der in den einschl\u00e4gigen Rechtsvorschriften festgelegten Bedingungen zu beantragen und an Dritte weiterzugeben, denen die Daten vorliegen \u00fcbertragen wird, sofern Korrektur- \/ L\u00f6sch- \/ Zerst\u00f6rungsvorg\u00e4nge nicht unm\u00f6glich sind oder unverh\u00e4ltnism\u00e4\u00dfige Anstrengungen erfordern; Durch die Analyse der verarbeiteten Daten ausschlie\u00dflich \u00fcber automatisierte Systeme hat die Person das Recht, dem Eintreten eines Ergebnisses gegen sie zu widersprechen und den Ersatz des Schadens zu verlangen, falls ihre Daten aufgrund der Verarbeitung unter Versto\u00df gegen die einschl\u00e4gigen Rechtsvorschriften besch\u00e4digt werden.<\/p>\n\n<p>Wenn der Benutzer diese Website besucht, bedeutet dies, dass er der Verwendung von Cookies und der Verarbeitung seiner pers\u00f6nlichen Daten gem\u00e4\u00df dieser Richtlinie zustimmt.<\/p>\n","protected":false},"excerpt":{"rendered":"<p>In allen Kommentaren auf der Senemasli.com-Website werden die von den Benutzern an die Website gesendeten E-Mail-Adressen und die IP-Adressen der Benutzer niemals an Institutionen und Personen Dritter weitergegeben. Website-Besucher k\u00f6nnen diese Informationen nicht sehen. Kommentare werden nach Genehmigung durch den Administrator auf der Website ver\u00f6ffentlicht. Kommentare mit illegalen Themen, fluchenden, beleidigenden Kommentaren werden nicht auf&#8230;<\/p>\n","protected":false},"author":1,"featured_media":0,"parent":0,"menu_order":0,"comment_status":"closed","ping_status":"open","template":"","meta":{"footnotes":""},"class_list":["post-2677","page","type-page","status-publish","hentry"],"yoast_head":"<!-- This site is optimized with the Yoast SEO plugin v24.2 - https:\/\/yoast.com\/wordpress\/plugins\/seo\/ -->\n<title>Datenschutz-Bestimmungen - Zahn\u00e4rztin Senem Asl\u0131 Ek\u015fio\u011flu<\/title>\n<meta name=\"description\" content=\"Datenschutzrichtlinie f\u00fcr Zahn\u00e4rzte Senem Asl\u0131 Ek\u015fio\u011flu\" \/>\n<meta name=\"robots\" content=\"index, follow, max-snippet:-1, max-image-preview:large, max-video-preview:-1\" \/>\n<link rel=\"canonical\" href=\"https:\/\/www.senemasli.com\/de\/datenschutz-bestimmungen\/\" \/>\n<meta property=\"og:locale\" content=\"de_DE\" \/>\n<meta property=\"og:type\" content=\"article\" \/>\n<meta property=\"og:title\" content=\"Datenschutz-Bestimmungen - Zahn\u00e4rztin Senem Asl\u0131 Ek\u015fio\u011flu\" \/>\n<meta property=\"og:description\" content=\"Datenschutzrichtlinie f\u00fcr Zahn\u00e4rzte Senem Asl\u0131 Ek\u015fio\u011flu\" \/>\n<meta property=\"og:url\" content=\"https:\/\/www.senemasli.com\/de\/datenschutz-bestimmungen\/\" \/>\n<meta property=\"og:site_name\" content=\"Zahn\u00e4rztin Senem Asl\u0131 Ek\u015fio\u011flu\" \/>\n<meta property=\"article:publisher\" content=\"https:\/\/www.facebook.com\/D%c4%b0%c5%9e-HEK%c4%b0M%c4%b0-SENEM-ASLI-EK%c5%9e%c4%b0O%c4%9eLU-204782806266798\" \/>\n<meta property=\"article:modified_time\" content=\"2021-01-28T04:19:15+00:00\" \/>\n<meta name=\"twitter:card\" content=\"summary_large_image\" \/>\n<meta name=\"twitter:label1\" content=\"Gesch\u00e4tzte Lesezeit\" \/>\n\t<meta name=\"twitter:data1\" content=\"7\u00a0Minuten\" \/>\n<script type=\"application\/ld+json\" class=\"yoast-schema-graph\">{\"@context\":\"https:\/\/schema.org\",\"@graph\":[{\"@type\":\"WebPage\",\"@id\":\"https:\/\/www.senemasli.com\/de\/datenschutz-bestimmungen\/\",\"url\":\"https:\/\/www.senemasli.com\/de\/datenschutz-bestimmungen\/\",\"name\":\"Datenschutz-Bestimmungen - Zahn\u00e4rztin Senem Asl\u0131 Ek\u015fio\u011flu\",\"isPartOf\":{\"@id\":\"https:\/\/www.senemasli.com\/de\/#website\"},\"datePublished\":\"2021-01-28T04:19:09+00:00\",\"dateModified\":\"2021-01-28T04:19:15+00:00\",\"description\":\"Datenschutzrichtlinie f\u00fcr Zahn\u00e4rzte Senem Asl\u0131 Ek\u015fio\u011flu\",\"breadcrumb\":{\"@id\":\"https:\/\/www.senemasli.com\/de\/datenschutz-bestimmungen\/#breadcrumb\"},\"inLanguage\":\"de\",\"potentialAction\":[{\"@type\":\"ReadAction\",\"target\":[\"https:\/\/www.senemasli.com\/de\/datenschutz-bestimmungen\/\"]}]},{\"@type\":\"BreadcrumbList\",\"@id\":\"https:\/\/www.senemasli.com\/de\/datenschutz-bestimmungen\/#breadcrumb\",\"itemListElement\":[{\"@type\":\"ListItem\",\"position\":1,\"name\":\"Anasayfa\",\"item\":\"https:\/\/www.senemasli.com\/de\/\"},{\"@type\":\"ListItem\",\"position\":2,\"name\":\"Datenschutz-Bestimmungen\"}]},{\"@type\":\"WebSite\",\"@id\":\"https:\/\/www.senemasli.com\/de\/#website\",\"url\":\"https:\/\/www.senemasli.com\/de\/\",\"name\":\"Zahn\u00e4rztin Senem Asl\u0131 Ek\u015fio\u011flu\",\"description\":\"Bodrum\",\"publisher\":{\"@id\":\"https:\/\/www.senemasli.com\/de\/#organization\"},\"potentialAction\":[{\"@type\":\"SearchAction\",\"target\":{\"@type\":\"EntryPoint\",\"urlTemplate\":\"https:\/\/www.senemasli.com\/de\/?s={search_term_string}\"},\"query-input\":{\"@type\":\"PropertyValueSpecification\",\"valueRequired\":true,\"valueName\":\"search_term_string\"}}],\"inLanguage\":\"de\"},{\"@type\":\"Organization\",\"@id\":\"https:\/\/www.senemasli.com\/de\/#organization\",\"name\":\"Zahn\u00e4rztin Senem Asl\u0131 Ek\u015fio\u011flu - Bodrum, Mu\u011fla\",\"url\":\"https:\/\/www.senemasli.com\/de\/\",\"logo\":{\"@type\":\"ImageObject\",\"inLanguage\":\"de\",\"@id\":\"https:\/\/www.senemasli.com\/de\/#\/schema\/logo\/image\/\",\"url\":\"https:\/\/www.senemasli.com\/wp-content\/uploads\/2021\/01\/logo.png\",\"contentUrl\":\"https:\/\/www.senemasli.com\/wp-content\/uploads\/2021\/01\/logo.png\",\"width\":344,\"height\":120,\"caption\":\"Zahn\u00e4rztin Senem Asl\u0131 Ek\u015fio\u011flu - Bodrum, Mu\u011fla\"},\"image\":{\"@id\":\"https:\/\/www.senemasli.com\/de\/#\/schema\/logo\/image\/\"},\"sameAs\":[\"https:\/\/www.facebook.com\/D\u0130\u015e-HEK\u0130M\u0130-SENEM-ASLI-EK\u015e\u0130O\u011eLU-204782806266798\",\"https:\/\/www.instagram.com\/snmazoid\/\",\"https:\/\/www.linkedin.com\/in\/senem-asl\u0131-ek\u015fio\u011flu-350235204\/\"]}]}<\/script>\n<!-- \/ Yoast SEO plugin. -->","yoast_head_json":{"title":"Datenschutz-Bestimmungen - Zahn\u00e4rztin Senem Asl\u0131 Ek\u015fio\u011flu","description":"Datenschutzrichtlinie f\u00fcr Zahn\u00e4rzte Senem Asl\u0131 Ek\u015fio\u011flu","robots":{"index":"index","follow":"follow","max-snippet":"max-snippet:-1","max-image-preview":"max-image-preview:large","max-video-preview":"max-video-preview:-1"},"canonical":"https:\/\/www.senemasli.com\/de\/datenschutz-bestimmungen\/","og_locale":"de_DE","og_type":"article","og_title":"Datenschutz-Bestimmungen - Zahn\u00e4rztin Senem Asl\u0131 Ek\u015fio\u011flu","og_description":"Datenschutzrichtlinie f\u00fcr Zahn\u00e4rzte Senem Asl\u0131 Ek\u015fio\u011flu","og_url":"https:\/\/www.senemasli.com\/de\/datenschutz-bestimmungen\/","og_site_name":"Zahn\u00e4rztin Senem Asl\u0131 Ek\u015fio\u011flu","article_publisher":"https:\/\/www.facebook.com\/D%c4%b0%c5%9e-HEK%c4%b0M%c4%b0-SENEM-ASLI-EK%c5%9e%c4%b0O%c4%9eLU-204782806266798","article_modified_time":"2021-01-28T04:19:15+00:00","twitter_card":"summary_large_image","twitter_misc":{"Gesch\u00e4tzte Lesezeit":"7\u00a0Minuten"},"schema":{"@context":"https:\/\/schema.org","@graph":[{"@type":"WebPage","@id":"https:\/\/www.senemasli.com\/de\/datenschutz-bestimmungen\/","url":"https:\/\/www.senemasli.com\/de\/datenschutz-bestimmungen\/","name":"Datenschutz-Bestimmungen - Zahn\u00e4rztin Senem Asl\u0131 Ek\u015fio\u011flu","isPartOf":{"@id":"https:\/\/www.senemasli.com\/de\/#website"},"datePublished":"2021-01-28T04:19:09+00:00","dateModified":"2021-01-28T04:19:15+00:00","description":"Datenschutzrichtlinie f\u00fcr Zahn\u00e4rzte Senem Asl\u0131 Ek\u015fio\u011flu","breadcrumb":{"@id":"https:\/\/www.senemasli.com\/de\/datenschutz-bestimmungen\/#breadcrumb"},"inLanguage":"de","potentialAction":[{"@type":"ReadAction","target":["https:\/\/www.senemasli.com\/de\/datenschutz-bestimmungen\/"]}]},{"@type":"BreadcrumbList","@id":"https:\/\/www.senemasli.com\/de\/datenschutz-bestimmungen\/#breadcrumb","itemListElement":[{"@type":"ListItem","position":1,"name":"Anasayfa","item":"https:\/\/www.senemasli.com\/de\/"},{"@type":"ListItem","position":2,"name":"Datenschutz-Bestimmungen"}]},{"@type":"WebSite","@id":"https:\/\/www.senemasli.com\/de\/#website","url":"https:\/\/www.senemasli.com\/de\/","name":"Zahn\u00e4rztin Senem Asl\u0131 Ek\u015fio\u011flu","description":"Bodrum","publisher":{"@id":"https:\/\/www.senemasli.com\/de\/#organization"},"potentialAction":[{"@type":"SearchAction","target":{"@type":"EntryPoint","urlTemplate":"https:\/\/www.senemasli.com\/de\/?s={search_term_string}"},"query-input":{"@type":"PropertyValueSpecification","valueRequired":true,"valueName":"search_term_string"}}],"inLanguage":"de"},{"@type":"Organization","@id":"https:\/\/www.senemasli.com\/de\/#organization","name":"Zahn\u00e4rztin Senem Asl\u0131 Ek\u015fio\u011flu - Bodrum, Mu\u011fla","url":"https:\/\/www.senemasli.com\/de\/","logo":{"@type":"ImageObject","inLanguage":"de","@id":"https:\/\/www.senemasli.com\/de\/#\/schema\/logo\/image\/","url":"https:\/\/www.senemasli.com\/wp-content\/uploads\/2021\/01\/logo.png","contentUrl":"https:\/\/www.senemasli.com\/wp-content\/uploads\/2021\/01\/logo.png","width":344,"height":120,"caption":"Zahn\u00e4rztin Senem Asl\u0131 Ek\u015fio\u011flu - Bodrum, Mu\u011fla"},"image":{"@id":"https:\/\/www.senemasli.com\/de\/#\/schema\/logo\/image\/"},"sameAs":["https:\/\/www.facebook.com\/D\u0130\u015e-HEK\u0130M\u0130-SENEM-ASLI-EK\u015e\u0130O\u011eLU-204782806266798","https:\/\/www.instagram.com\/snmazoid\/","https:\/\/www.linkedin.com\/in\/senem-asl\u0131-ek\u015fio\u011flu-350235204\/"]}]}},"_links":{"self":[{"href":"https:\/\/www.senemasli.com\/de\/wp-json\/wp\/v2\/pages\/2677","targetHints":{"allow":["GET"]}}],"collection":[{"href":"https:\/\/www.senemasli.com\/de\/wp-json\/wp\/v2\/pages"}],"about":[{"href":"https:\/\/www.senemasli.com\/de\/wp-json\/wp\/v2\/types\/page"}],"author":[{"embeddable":true,"href":"https:\/\/www.senemasli.com\/de\/wp-json\/wp\/v2\/users\/1"}],"replies":[{"embeddable":true,"href":"https:\/\/www.senemasli.com\/de\/wp-json\/wp\/v2\/comments?post=2677"}],"version-history":[{"count":5,"href":"https:\/\/www.senemasli.com\/de\/wp-json\/wp\/v2\/pages\/2677\/revisions"}],"predecessor-version":[{"id":2682,"href":"https:\/\/www.senemasli.com\/de\/wp-json\/wp\/v2\/pages\/2677\/revisions\/2682"}],"wp:attachment":[{"href":"https:\/\/www.senemasli.com\/de\/wp-json\/wp\/v2\/media?parent=2677"}],"curies":[{"name":"wp","href":"https:\/\/api.w.org\/{rel}","templated":true}]}}