{"id":2625,"date":"2021-01-28T07:02:22","date_gmt":"2021-01-28T04:02:22","guid":{"rendered":"https:\/\/www.senemasli.com\/galerie\/"},"modified":"2023-03-24T20:17:56","modified_gmt":"2023-03-24T17:17:56","slug":"galerie","status":"publish","type":"page","link":"https:\/\/www.senemasli.com\/de\/galerie\/","title":{"rendered":"Galerie"},"content":{"rendered":"<p>[vc_row][vc_column][vc_tta_tabs style=&#8220;flat&#8220; shape=&#8220;square&#8220; color=&#8220;blue&#8220; active_section=&#8220;1&#8243; no_fill_content_area=&#8220;true&#8220; el_class=&#8220;no_paddings&#8220;][vc_tta_section title=&#8220;W\u00e4hrend der Arbeit&#8220; tab_id=&#8220;1442484591910-31d48e69-f4d3&#8243;][vc_gallery type=&#8220;image_grid&#8220; images=&#8220;3702,3562,3557,3527,3779,3856,3522,3744,3739,3806,3801,3734,3816,3821,1988,3769,3582,1992,1996,3709,3547,2000,2004,2016,2028,2032,2036,2052,2060,2068,2072,3577,2080,2084,2076,3851,3846,3841,3836,3831,3542,3587,3592,3572,3607,3552,3811,3791,3774,3764,3754,3537,3532,3749,3714,3697,3692,3687,3682,3677,3672,3667,3662,3657,3652,3647,3642,3637,3632,3627,3622,3617,3612,3602,3597,3567&#8243; img_size=&#8220;350&#215;260&#8243; el_class=&#8220;gallery&#8220;][\/vc_tta_section][vc_tta_section title=&#8220;Innere&#8220; tab_id=&#8220;1442476562775-844cb34c-f70d&#8220;][vc_gallery type=&#8220;image_grid&#8220; images=&#8220;1952,1936,1968,1956,1932,1940,1948,1960,1964&#8243; img_size=&#8220;350&#215;260&#8243; el_class=&#8220;gallery&#8220;][\/vc_tta_section][vc_tta_section title=&#8220;Draussen&#8220; tab_id=&#8220;1442484602292-6717ad42-9ab8&#8243;][vc_gallery type=&#8220;image_grid&#8220; images=&#8220;1864,1872,1880,1868,1876,3094&#8243; img_size=&#8220;350&#215;260&#8243; el_class=&#8220;gallery&#8220;][\/vc_tta_section][vc_tta_section title=&#8220;Behandlungen&#8220; tab_id=&#8220;1610927301510-873e0678-2468&#8243;][vc_gallery type=&#8220;image_grid&#8220; images=&#8220;2092,2096,2100,2104,2108,2112,3083,3088,3110,3285,3280,3517,3507,3502,3497,3492,3487,3482,3477,3472,3467,3462,3457&#8243;][\/vc_tta_section][\/vc_tta_tabs][vc_empty_space][\/vc_column][\/vc_row]<\/p>\n","protected":false},"excerpt":{"rendered":"<p>[vc_row][vc_column][vc_tta_tabs style=&#8220;flat&#8220; shape=&#8220;square&#8220; color=&#8220;blue&#8220; active_section=&#8220;1&#8243; no_fill_content_area=&#8220;true&#8220; el_class=&#8220;no_paddings&#8220;][vc_tta_section title=&#8220;W\u00e4hrend der Arbeit&#8220; tab_id=&#8220;1442484591910-31d48e69-f4d3&#8243;][vc_gallery type=&#8220;image_grid&#8220; images=&#8220;3702,3562,3557,3527,3779,3856,3522,3744,3739,3806,3801,3734,3816,3821,1988,3769,3582,1992,1996,3709,3547,2000,2004,2016,2028,2032,2036,2052,2060,2068,2072,3577,2080,2084,2076,3851,3846,3841,3836,3831,3542,3587,3592,3572,3607,3552,3811,3791,3774,3764,3754,3537,3532,3749,3714,3697,3692,3687,3682,3677,3672,3667,3662,3657,3652,3647,3642,3637,3632,3627,3622,3617,3612,3602,3597,3567&#8243; img_size=&#8220;350&#215;260&#8243; el_class=&#8220;gallery&#8220;][\/vc_tta_section][vc_tta_section title=&#8220;Innere&#8220; tab_id=&#8220;1442476562775-844cb34c-f70d&#8220;][vc_gallery type=&#8220;image_grid&#8220; images=&#8220;1952,1936,1968,1956,1932,1940,1948,1960,1964&#8243; img_size=&#8220;350&#215;260&#8243; el_class=&#8220;gallery&#8220;][\/vc_tta_section][vc_tta_section title=&#8220;Draussen&#8220; tab_id=&#8220;1442484602292-6717ad42-9ab8&#8243;][vc_gallery type=&#8220;image_grid&#8220; images=&#8220;1864,1872,1880,1868,1876,3094&#8243; img_size=&#8220;350&#215;260&#8243; el_class=&#8220;gallery&#8220;][\/vc_tta_section][vc_tta_section title=&#8220;Behandlungen&#8220; tab_id=&#8220;1610927301510-873e0678-2468&#8243;][vc_gallery type=&#8220;image_grid&#8220; images=&#8220;2092,2096,2100,2104,2108,2112,3083,3088,3110,3285,3280,3517,3507,3502,3497,3492,3487,3482,3477,3472,3467,3462,3457&#8243;][\/vc_tta_section][\/vc_tta_tabs][vc_empty_space][\/vc_column][\/vc_row]<\/p>\n","protected":false},"author":1,"featured_media":0,"parent":0,"menu_order":0,"comment_status":"closed","ping_status":"closed","template":"","meta":{"footnotes":""},"class_list":["post-2625","page","type-page","status-publish","hentry"],"yoast_head":"<!-- This site is optimized with the Yoast SEO plugin v24.2 - https:\/\/yoast.com\/wordpress\/plugins\/seo\/ -->\n<title>Galerie - Zahn\u00e4rztin Senem Asl\u0131 Ek\u015fio\u011flu<\/title>\n<meta name=\"description\" content=\"Zahn\u00e4rztin Senem Asl\u0131 Ek\u015fio\u011flu Galerie. Bodrum Mu\u011fla B\u00fcrofotos, Behandlungsfotos, Innen- und Au\u00dfenfotos.\" \/>\n<meta name=\"robots\" content=\"index, follow, max-snippet:-1, max-image-preview:large, max-video-preview:-1\" \/>\n<link rel=\"canonical\" href=\"https:\/\/www.senemasli.com\/de\/galerie\/\" \/>\n<meta property=\"og:locale\" content=\"de_DE\" \/>\n<meta property=\"og:type\" content=\"article\" \/>\n<meta property=\"og:title\" content=\"Galerie - Zahn\u00e4rztin Senem Asl\u0131 Ek\u015fio\u011flu\" \/>\n<meta property=\"og:description\" content=\"Zahn\u00e4rztin Senem Asl\u0131 Ek\u015fio\u011flu Galerie. Bodrum Mu\u011fla B\u00fcrofotos, Behandlungsfotos, Innen- und Au\u00dfenfotos.\" \/>\n<meta property=\"og:url\" content=\"https:\/\/www.senemasli.com\/de\/galerie\/\" \/>\n<meta property=\"og:site_name\" content=\"Zahn\u00e4rztin Senem Asl\u0131 Ek\u015fio\u011flu\" \/>\n<meta property=\"article:publisher\" content=\"https:\/\/www.facebook.com\/D%c4%b0%c5%9e-HEK%c4%b0M%c4%b0-SENEM-ASLI-EK%c5%9e%c4%b0O%c4%9eLU-204782806266798\" \/>\n<meta property=\"article:modified_time\" content=\"2023-03-24T17:17:56+00:00\" \/>\n<meta name=\"twitter:card\" content=\"summary_large_image\" \/>\n<meta name=\"twitter:label1\" content=\"Gesch\u00e4tzte Lesezeit\" \/>\n\t<meta name=\"twitter:data1\" content=\"1\u00a0Minute\" \/>\n<script type=\"application\/ld+json\" class=\"yoast-schema-graph\">{\"@context\":\"https:\/\/schema.org\",\"@graph\":[{\"@type\":\"WebPage\",\"@id\":\"https:\/\/www.senemasli.com\/de\/galerie\/\",\"url\":\"https:\/\/www.senemasli.com\/de\/galerie\/\",\"name\":\"Galerie - Zahn\u00e4rztin Senem Asl\u0131 Ek\u015fio\u011flu\",\"isPartOf\":{\"@id\":\"https:\/\/www.senemasli.com\/de\/#website\"},\"datePublished\":\"2021-01-28T04:02:22+00:00\",\"dateModified\":\"2023-03-24T17:17:56+00:00\",\"description\":\"Zahn\u00e4rztin Senem Asl\u0131 Ek\u015fio\u011flu Galerie. Bodrum Mu\u011fla B\u00fcrofotos, Behandlungsfotos, Innen- und Au\u00dfenfotos.\",\"breadcrumb\":{\"@id\":\"https:\/\/www.senemasli.com\/de\/galerie\/#breadcrumb\"},\"inLanguage\":\"de\",\"potentialAction\":[{\"@type\":\"ReadAction\",\"target\":[\"https:\/\/www.senemasli.com\/de\/galerie\/\"]}]},{\"@type\":\"BreadcrumbList\",\"@id\":\"https:\/\/www.senemasli.com\/de\/galerie\/#breadcrumb\",\"itemListElement\":[{\"@type\":\"ListItem\",\"position\":1,\"name\":\"Anasayfa\",\"item\":\"https:\/\/www.senemasli.com\/de\/\"},{\"@type\":\"ListItem\",\"position\":2,\"name\":\"Galerie\"}]},{\"@type\":\"WebSite\",\"@id\":\"https:\/\/www.senemasli.com\/de\/#website\",\"url\":\"https:\/\/www.senemasli.com\/de\/\",\"name\":\"Zahn\u00e4rztin Senem Asl\u0131 Ek\u015fio\u011flu\",\"description\":\"Bodrum\",\"publisher\":{\"@id\":\"https:\/\/www.senemasli.com\/de\/#organization\"},\"potentialAction\":[{\"@type\":\"SearchAction\",\"target\":{\"@type\":\"EntryPoint\",\"urlTemplate\":\"https:\/\/www.senemasli.com\/de\/?s={search_term_string}\"},\"query-input\":{\"@type\":\"PropertyValueSpecification\",\"valueRequired\":true,\"valueName\":\"search_term_string\"}}],\"inLanguage\":\"de\"},{\"@type\":\"Organization\",\"@id\":\"https:\/\/www.senemasli.com\/de\/#organization\",\"name\":\"Zahn\u00e4rztin Senem Asl\u0131 Ek\u015fio\u011flu - Bodrum, Mu\u011fla\",\"url\":\"https:\/\/www.senemasli.com\/de\/\",\"logo\":{\"@type\":\"ImageObject\",\"inLanguage\":\"de\",\"@id\":\"https:\/\/www.senemasli.com\/de\/#\/schema\/logo\/image\/\",\"url\":\"https:\/\/www.senemasli.com\/wp-content\/uploads\/2021\/01\/logo.png\",\"contentUrl\":\"https:\/\/www.senemasli.com\/wp-content\/uploads\/2021\/01\/logo.png\",\"width\":344,\"height\":120,\"caption\":\"Zahn\u00e4rztin Senem Asl\u0131 Ek\u015fio\u011flu - Bodrum, Mu\u011fla\"},\"image\":{\"@id\":\"https:\/\/www.senemasli.com\/de\/#\/schema\/logo\/image\/\"},\"sameAs\":[\"https:\/\/www.facebook.com\/D\u0130\u015e-HEK\u0130M\u0130-SENEM-ASLI-EK\u015e\u0130O\u011eLU-204782806266798\",\"https:\/\/www.instagram.com\/snmazoid\/\",\"https:\/\/www.linkedin.com\/in\/senem-asl\u0131-ek\u015fio\u011flu-350235204\/\"]}]}<\/script>\n<!-- \/ Yoast SEO plugin. -->","yoast_head_json":{"title":"Galerie - Zahn\u00e4rztin Senem Asl\u0131 Ek\u015fio\u011flu","description":"Zahn\u00e4rztin Senem Asl\u0131 Ek\u015fio\u011flu Galerie. Bodrum Mu\u011fla B\u00fcrofotos, Behandlungsfotos, Innen- und Au\u00dfenfotos.","robots":{"index":"index","follow":"follow","max-snippet":"max-snippet:-1","max-image-preview":"max-image-preview:large","max-video-preview":"max-video-preview:-1"},"canonical":"https:\/\/www.senemasli.com\/de\/galerie\/","og_locale":"de_DE","og_type":"article","og_title":"Galerie - Zahn\u00e4rztin Senem Asl\u0131 Ek\u015fio\u011flu","og_description":"Zahn\u00e4rztin Senem Asl\u0131 Ek\u015fio\u011flu Galerie. Bodrum Mu\u011fla B\u00fcrofotos, Behandlungsfotos, Innen- und Au\u00dfenfotos.","og_url":"https:\/\/www.senemasli.com\/de\/galerie\/","og_site_name":"Zahn\u00e4rztin Senem Asl\u0131 Ek\u015fio\u011flu","article_publisher":"https:\/\/www.facebook.com\/D%c4%b0%c5%9e-HEK%c4%b0M%c4%b0-SENEM-ASLI-EK%c5%9e%c4%b0O%c4%9eLU-204782806266798","article_modified_time":"2023-03-24T17:17:56+00:00","twitter_card":"summary_large_image","twitter_misc":{"Gesch\u00e4tzte Lesezeit":"1\u00a0Minute"},"schema":{"@context":"https:\/\/schema.org","@graph":[{"@type":"WebPage","@id":"https:\/\/www.senemasli.com\/de\/galerie\/","url":"https:\/\/www.senemasli.com\/de\/galerie\/","name":"Galerie - Zahn\u00e4rztin Senem Asl\u0131 Ek\u015fio\u011flu","isPartOf":{"@id":"https:\/\/www.senemasli.com\/de\/#website"},"datePublished":"2021-01-28T04:02:22+00:00","dateModified":"2023-03-24T17:17:56+00:00","description":"Zahn\u00e4rztin Senem Asl\u0131 Ek\u015fio\u011flu Galerie. Bodrum Mu\u011fla B\u00fcrofotos, Behandlungsfotos, Innen- und Au\u00dfenfotos.","breadcrumb":{"@id":"https:\/\/www.senemasli.com\/de\/galerie\/#breadcrumb"},"inLanguage":"de","potentialAction":[{"@type":"ReadAction","target":["https:\/\/www.senemasli.com\/de\/galerie\/"]}]},{"@type":"BreadcrumbList","@id":"https:\/\/www.senemasli.com\/de\/galerie\/#breadcrumb","itemListElement":[{"@type":"ListItem","position":1,"name":"Anasayfa","item":"https:\/\/www.senemasli.com\/de\/"},{"@type":"ListItem","position":2,"name":"Galerie"}]},{"@type":"WebSite","@id":"https:\/\/www.senemasli.com\/de\/#website","url":"https:\/\/www.senemasli.com\/de\/","name":"Zahn\u00e4rztin Senem Asl\u0131 Ek\u015fio\u011flu","description":"Bodrum","publisher":{"@id":"https:\/\/www.senemasli.com\/de\/#organization"},"potentialAction":[{"@type":"SearchAction","target":{"@type":"EntryPoint","urlTemplate":"https:\/\/www.senemasli.com\/de\/?s={search_term_string}"},"query-input":{"@type":"PropertyValueSpecification","valueRequired":true,"valueName":"search_term_string"}}],"inLanguage":"de"},{"@type":"Organization","@id":"https:\/\/www.senemasli.com\/de\/#organization","name":"Zahn\u00e4rztin Senem Asl\u0131 Ek\u015fio\u011flu - Bodrum, Mu\u011fla","url":"https:\/\/www.senemasli.com\/de\/","logo":{"@type":"ImageObject","inLanguage":"de","@id":"https:\/\/www.senemasli.com\/de\/#\/schema\/logo\/image\/","url":"https:\/\/www.senemasli.com\/wp-content\/uploads\/2021\/01\/logo.png","contentUrl":"https:\/\/www.senemasli.com\/wp-content\/uploads\/2021\/01\/logo.png","width":344,"height":120,"caption":"Zahn\u00e4rztin Senem Asl\u0131 Ek\u015fio\u011flu - Bodrum, Mu\u011fla"},"image":{"@id":"https:\/\/www.senemasli.com\/de\/#\/schema\/logo\/image\/"},"sameAs":["https:\/\/www.facebook.com\/D\u0130\u015e-HEK\u0130M\u0130-SENEM-ASLI-EK\u015e\u0130O\u011eLU-204782806266798","https:\/\/www.instagram.com\/snmazoid\/","https:\/\/www.linkedin.com\/in\/senem-asl\u0131-ek\u015fio\u011flu-350235204\/"]}]}},"_links":{"self":[{"href":"https:\/\/www.senemasli.com\/de\/wp-json\/wp\/v2\/pages\/2625","targetHints":{"allow":["GET"]}}],"collection":[{"href":"https:\/\/www.senemasli.com\/de\/wp-json\/wp\/v2\/pages"}],"about":[{"href":"https:\/\/www.senemasli.com\/de\/wp-json\/wp\/v2\/types\/page"}],"author":[{"embeddable":true,"href":"https:\/\/www.senemasli.com\/de\/wp-json\/wp\/v2\/users\/1"}],"replies":[{"embeddable":true,"href":"https:\/\/www.senemasli.com\/de\/wp-json\/wp\/v2\/comments?post=2625"}],"version-history":[{"count":31,"href":"https:\/\/www.senemasli.com\/de\/wp-json\/wp\/v2\/pages\/2625\/revisions"}],"predecessor-version":[{"id":4113,"href":"https:\/\/www.senemasli.com\/de\/wp-json\/wp\/v2\/pages\/2625\/revisions\/4113"}],"wp:attachment":[{"href":"https:\/\/www.senemasli.com\/de\/wp-json\/wp\/v2\/media?parent=2625"}],"curies":[{"name":"wp","href":"https:\/\/api.w.org\/{rel}","templated":true}]}}