{"id":2453,"date":"2021-01-27T22:31:06","date_gmt":"2021-01-27T19:31:06","guid":{"rendered":"https:\/\/www.senemasli.com\/mich-kennen-zu-lernen\/"},"modified":"2022-05-22T22:45:24","modified_gmt":"2022-05-22T19:45:24","slug":"mich-kennen-zu-lernen","status":"publish","type":"page","link":"https:\/\/www.senemasli.com\/de\/mich-kennen-zu-lernen\/","title":{"rendered":"Mich kennen zu lernen"},"content":{"rendered":"<p>[vc_row css=&#8220;.vc_custom_1441619155187{margin-bottom: 50px !important;}&#8220;][vc_column offset=&#8220;vc_hidden-xs&#8220;][rev_slider_vc alias=&#8220;about_us&#8220;][\/vc_column][\/vc_row][vc_row css=&#8220;.vc_custom_1441005495715{margin-bottom: 80px !important;}&#8220;][vc_column offset=&#8220;vc_col-lg-9 vc_col-md-9&#8243;][vc_column_text]<\/p>\n<h3 class=\"p1\">Wer bin ich?<\/h3>\n<p class=\"p1\">Ich wurde 1984 in Ankara geboren. Meine Grund-, Sekundar- und Highschool-Ausbildung<strong> Ankara Bee College<\/strong> und<strong> Ar\u0131 Science High School<\/strong> Ich habe in abgeschlossen.<br \/>\n<strong>Fakult\u00e4t f\u00fcr Zahnmedizin der Universit\u00e4t Ankara<\/strong> Ich habe 2007 meinen Abschluss gemacht.<br \/>\n<strong>Sakarya Karasu<\/strong> Ich habe meine eigene Praxis in den Jahren 2008-2020 betrieben.<br \/>\n<strong>Mu\u011fla Bodrum im Oktober 2020<\/strong> Ich er\u00f6ffnete meine Praxis in Ich bin verheiratet und habe ein Kind.<\/p>\n<p>[\/vc_column_text][vc_row_inner css=&#8220;.vc_custom_1441003405335{margin-bottom: 0px !important;}&#8220;][vc_column_inner][stm_image_carousel mode=&#8220;horizontal&#8220; images_to_show=&#8220;4&#8243; images_to_show_tablet=&#8220;3&#8243; images_to_show_mobile=&#8220;1&#8243; images=&#8220;1426,1445,1444,1443,1442,1441,1440,1439,1438,1437,1436,1435,1434,1433,1432,1431,1430,1429,1428,1427,3890&#8243; title=&#8220;Spezialisierungszertifikate&#8220; title_color=&#8220;#4c4c4c&#8220; css=&#8220;.vc_custom_1653248705194{margin-bottom: 50px !important;padding-top: 50px !important;padding-right: 40px !important;padding-bottom: 60px !important;padding-left: 40px !important;background-color: #f6f6f6 !important;}&#8220;][\/vc_column_inner][\/vc_row_inner][vc_custom_heading text=&#8220;Meine Spezialit\u00e4ten &#8211; Schulungen und Seminare&#8220; font_container=&#8220;tag:h3|text_align:left|color:%234c4c4c&#8220; use_theme_fonts=&#8220;yes&#8220; css=&#8220;.vc_custom_1610367957624{margin-bottom: 25px !important;}&#8220;][vc_column_text]<\/p>\n<p class=\"p1\">W\u00e4hrend meines Berufslebens nahm ich an Seminaren und Kongressen der Bereiche teil, an denen ich interessiert war, und sammelte fortgeschrittene Erfahrungen in diesen Bereichen. Sie k\u00f6nnen einige der Schulungen, Seminare und Kongresse lesen, an denen ich unten teilgenommen habe.<\/p>\n<p>[\/vc_column_text][vc_column_text]<\/p>\n<ul class=\"checklist\">\n<li class=\"p1\"><span class=\"s1\">2007 &#8211; Fakult\u00e4t f\u00fcr Zahnmedizin der Universit\u00e4t Ankara<\/span><\/li>\n<li>2007 &#8211; Fakult\u00e4t f\u00fcr Zahnmedizin der Universit\u00e4t Ankara<\/li>\n<li>2009 &#8211; Antalya II. Internationale Mutlu-Implantologie<\/li>\n<li>2011 &#8211; DentE\u011fitim &#8211; Dental Botox<\/li>\n<li>2011 &#8211; ITI-Kongress &#8211; Genauigkeit in der Implantologie<\/li>\n<li>2013 &#8211; EBI-Implantat-Training<\/li>\n<li>2013 &#8211; Training der Clinical Orthodontics Association<\/li>\n<li>2014 &#8211; Brasilien Modal Instituto Kieferorthop\u00e4die<\/li>\n<li>2014 &#8211; Istanbul Modal Instituto Kieferorthop\u00e4die<\/li>\n<li>2014 &#8211; TDB 2. Fr\u00fchlingssymposium<\/li>\n<li>2014 &#8211; Media Publishing Group &#8211; Seminar f\u00fcr Kieferorthop\u00e4die<\/li>\n<li>2015 &#8211; Medienverlagsgruppe Botulinumtoxin und Hautf\u00fcller<\/li>\n<li>2016 &#8211; Die Akademie f\u00fcr zahn\u00e4rztliche und medizinische \u00c4sthetik &#8211; Fortgeschrittenes Training f\u00fcr Hautf\u00fcller<\/li>\n<li>2016 &#8211; Istanbul Modal Instituto Bioprogressive Mechanics<\/li>\n<li>2016 &#8211; Istanbul Faculdade Modal Bioprogressive<\/li>\n<li>2017 &#8211; TDB Continuous Dentistry Training Certificate<\/li>\n<li>2017 &#8211; Antalya Faculdade Modal Kieferorthop\u00e4die<\/li>\n<li>2019 &#8211; Creadenta &#8211; Ivoclar Vivadent &#8211; Neue \u00c4ra der Porzellanlaminate<\/li>\n<li>2022 &#8211; BBK Organisation &#8211; Kieferorthop\u00e4dische und \u00e4sthetische Anwendungen mit transparenten Plaques<\/li>\n<\/ul>\n<p>[\/vc_column_text][\/vc_column][vc_column width=&#8220;1\/4&#8243; offset=&#8220;vc_hidden-sm vc_hidden-xs&#8220;][stm_sidebar sidebar=&#8220;2502&#8243;][\/vc_column][\/vc_row][vc_row full_width=&#8220;stretch_row&#8220; css=&#8220;.vc_custom_1442990745769{margin-bottom: 0px !important;}&#8220; el_class=&#8220;base_background_color&#8220;][vc_column][vc_cta h2=&#8220;&#8220; h4=&#8220;Klicken Sie auf die Schaltfl\u00e4che, um sofort Ihren Online-Pr\u00fcfungstermin zu erstellen.&#8220; shape=&#8220;square&#8220; style=&#8220;flat&#8220; color=&#8220;blue&#8220; add_button=&#8220;right&#8220; btn_title=&#8220;Online-Termin&#8220; btn_style=&#8220;flat&#8220; btn_shape=&#8220;round&#8220; btn_color=&#8220;white&#8220; btn_link=&#8220;url:https%3A%2F%2Fwww.senemasli.com%2Fde%2Fonline-termin%2F|title:Online-Termin&#8220;][\/vc_cta][\/vc_column][\/vc_row]<\/p>\n","protected":false},"excerpt":{"rendered":"<p>[vc_row css=&#8220;.vc_custom_1441619155187{margin-bottom: 50px !important;}&#8220;][vc_column offset=&#8220;vc_hidden-xs&#8220;][rev_slider_vc alias=&#8220;about_us&#8220;][\/vc_column][\/vc_row][vc_row css=&#8220;.vc_custom_1441005495715{margin-bottom: 80px !important;}&#8220;][vc_column offset=&#8220;vc_col-lg-9 vc_col-md-9&#8243;][vc_column_text] Wer bin ich? Ich wurde 1984 in Ankara geboren. Meine Grund-, Sekundar- und Highschool-Ausbildung Ankara Bee College und Ar\u0131 Science High School Ich habe in abgeschlossen. Fakult\u00e4t f\u00fcr Zahnmedizin der Universit\u00e4t Ankara Ich habe 2007 meinen Abschluss gemacht. Sakarya Karasu Ich habe meine eigene&#8230;<\/p>\n","protected":false},"author":1,"featured_media":0,"parent":0,"menu_order":0,"comment_status":"closed","ping_status":"closed","template":"","meta":{"footnotes":""},"class_list":["post-2453","page","type-page","status-publish","hentry"],"yoast_head":"<!-- This site is optimized with the Yoast SEO plugin v24.2 - https:\/\/yoast.com\/wordpress\/plugins\/seo\/ -->\n<title>Mich kennen zu lernen - Zahn\u00e4rztin Senem Asl\u0131 Ek\u015fio\u011flu<\/title>\n<meta name=\"description\" content=\"Zahn\u00e4rztin Senem Asl\u0131 Ek\u015fio\u011flu, mit 14 Jahren Erfahrung in Bodrum, Kieferorthop\u00e4die, Implantat, Zirkoniumporzellan, Blattporzellanbehandlung.\" \/>\n<meta name=\"robots\" content=\"index, follow, max-snippet:-1, max-image-preview:large, max-video-preview:-1\" \/>\n<link rel=\"canonical\" href=\"https:\/\/www.senemasli.com\/de\/mich-kennen-zu-lernen\/\" \/>\n<meta property=\"og:locale\" content=\"de_DE\" \/>\n<meta property=\"og:type\" content=\"article\" \/>\n<meta property=\"og:title\" content=\"Kenne mich | Zahnarzt Senem Asl\u0131 Ek\u015fio\u011flu\" \/>\n<meta property=\"og:description\" content=\"Zahnarzt Senem Asl\u0131 Ek\u015fio\u011flu, mit 14 Jahren Erfahrung in Bodrum, Kieferorthop\u00e4die, Implantat, Zirkoniumporzellan, Blattporzellanbehandlung.\" \/>\n<meta property=\"og:url\" content=\"https:\/\/www.senemasli.com\/de\/mich-kennen-zu-lernen\/\" \/>\n<meta property=\"og:site_name\" content=\"Zahn\u00e4rztin Senem Asl\u0131 Ek\u015fio\u011flu\" \/>\n<meta property=\"article:publisher\" content=\"https:\/\/www.facebook.com\/D%c4%b0%c5%9e-HEK%c4%b0M%c4%b0-SENEM-ASLI-EK%c5%9e%c4%b0O%c4%9eLU-204782806266798\" \/>\n<meta property=\"article:modified_time\" content=\"2022-05-22T19:45:24+00:00\" \/>\n<meta property=\"og:image\" content=\"https:\/\/www.senemasli.com\/wp-content\/uploads\/2021\/01\/dis-hekimi-senem-asli-eksioglu-bodrum-cover.jpg\" \/>\n<meta name=\"twitter:card\" content=\"summary_large_image\" \/>\n<meta name=\"twitter:title\" content=\"Kenne mich | Zahn\u00e4rztin Senem Asl\u0131 Ek\u015fio\u011flu\" \/>\n<meta name=\"twitter:description\" content=\"Zahnarzt Senem Asl\u0131 Ek\u015fio\u011flu, mit 14 Jahren Erfahrung in Bodrum, Kieferorthop\u00e4die, Implantat, Zirkoniumporzellan, Blattporzellanbehandlung.\" \/>\n<meta name=\"twitter:image\" content=\"https:\/\/www.senemasli.com\/wp-content\/uploads\/2021\/01\/dis-hekimi-senem-asli-eksioglu-bodrum-cover.jpg\" \/>\n<meta name=\"twitter:label1\" content=\"Gesch\u00e4tzte Lesezeit\" \/>\n\t<meta name=\"twitter:data1\" content=\"2\u00a0Minuten\" \/>\n<script type=\"application\/ld+json\" class=\"yoast-schema-graph\">{\"@context\":\"https:\/\/schema.org\",\"@graph\":[{\"@type\":\"WebPage\",\"@id\":\"https:\/\/www.senemasli.com\/de\/mich-kennen-zu-lernen\/\",\"url\":\"https:\/\/www.senemasli.com\/de\/mich-kennen-zu-lernen\/\",\"name\":\"Mich kennen zu lernen - Zahn\u00e4rztin Senem Asl\u0131 Ek\u015fio\u011flu\",\"isPartOf\":{\"@id\":\"https:\/\/www.senemasli.com\/de\/#website\"},\"datePublished\":\"2021-01-27T19:31:06+00:00\",\"dateModified\":\"2022-05-22T19:45:24+00:00\",\"description\":\"Zahn\u00e4rztin Senem Asl\u0131 Ek\u015fio\u011flu, mit 14 Jahren Erfahrung in Bodrum, Kieferorthop\u00e4die, Implantat, Zirkoniumporzellan, Blattporzellanbehandlung.\",\"breadcrumb\":{\"@id\":\"https:\/\/www.senemasli.com\/de\/mich-kennen-zu-lernen\/#breadcrumb\"},\"inLanguage\":\"de\",\"potentialAction\":[{\"@type\":\"ReadAction\",\"target\":[\"https:\/\/www.senemasli.com\/de\/mich-kennen-zu-lernen\/\"]}]},{\"@type\":\"BreadcrumbList\",\"@id\":\"https:\/\/www.senemasli.com\/de\/mich-kennen-zu-lernen\/#breadcrumb\",\"itemListElement\":[{\"@type\":\"ListItem\",\"position\":1,\"name\":\"Anasayfa\",\"item\":\"https:\/\/www.senemasli.com\/de\/\"},{\"@type\":\"ListItem\",\"position\":2,\"name\":\"Mich kennen zu lernen\"}]},{\"@type\":\"WebSite\",\"@id\":\"https:\/\/www.senemasli.com\/de\/#website\",\"url\":\"https:\/\/www.senemasli.com\/de\/\",\"name\":\"Zahn\u00e4rztin Senem Asl\u0131 Ek\u015fio\u011flu\",\"description\":\"Bodrum\",\"publisher\":{\"@id\":\"https:\/\/www.senemasli.com\/de\/#organization\"},\"potentialAction\":[{\"@type\":\"SearchAction\",\"target\":{\"@type\":\"EntryPoint\",\"urlTemplate\":\"https:\/\/www.senemasli.com\/de\/?s={search_term_string}\"},\"query-input\":{\"@type\":\"PropertyValueSpecification\",\"valueRequired\":true,\"valueName\":\"search_term_string\"}}],\"inLanguage\":\"de\"},{\"@type\":\"Organization\",\"@id\":\"https:\/\/www.senemasli.com\/de\/#organization\",\"name\":\"Zahn\u00e4rztin Senem Asl\u0131 Ek\u015fio\u011flu - Bodrum, Mu\u011fla\",\"url\":\"https:\/\/www.senemasli.com\/de\/\",\"logo\":{\"@type\":\"ImageObject\",\"inLanguage\":\"de\",\"@id\":\"https:\/\/www.senemasli.com\/de\/#\/schema\/logo\/image\/\",\"url\":\"https:\/\/www.senemasli.com\/wp-content\/uploads\/2021\/01\/logo.png\",\"contentUrl\":\"https:\/\/www.senemasli.com\/wp-content\/uploads\/2021\/01\/logo.png\",\"width\":344,\"height\":120,\"caption\":\"Zahn\u00e4rztin Senem Asl\u0131 Ek\u015fio\u011flu - Bodrum, Mu\u011fla\"},\"image\":{\"@id\":\"https:\/\/www.senemasli.com\/de\/#\/schema\/logo\/image\/\"},\"sameAs\":[\"https:\/\/www.facebook.com\/D\u0130\u015e-HEK\u0130M\u0130-SENEM-ASLI-EK\u015e\u0130O\u011eLU-204782806266798\",\"https:\/\/www.instagram.com\/snmazoid\/\",\"https:\/\/www.linkedin.com\/in\/senem-asl\u0131-ek\u015fio\u011flu-350235204\/\"]}]}<\/script>\n<!-- \/ Yoast SEO plugin. -->","yoast_head_json":{"title":"Mich kennen zu lernen - Zahn\u00e4rztin Senem Asl\u0131 Ek\u015fio\u011flu","description":"Zahn\u00e4rztin Senem Asl\u0131 Ek\u015fio\u011flu, mit 14 Jahren Erfahrung in Bodrum, Kieferorthop\u00e4die, Implantat, Zirkoniumporzellan, Blattporzellanbehandlung.","robots":{"index":"index","follow":"follow","max-snippet":"max-snippet:-1","max-image-preview":"max-image-preview:large","max-video-preview":"max-video-preview:-1"},"canonical":"https:\/\/www.senemasli.com\/de\/mich-kennen-zu-lernen\/","og_locale":"de_DE","og_type":"article","og_title":"Kenne mich | Zahnarzt Senem Asl\u0131 Ek\u015fio\u011flu","og_description":"Zahnarzt Senem Asl\u0131 Ek\u015fio\u011flu, mit 14 Jahren Erfahrung in Bodrum, Kieferorthop\u00e4die, Implantat, Zirkoniumporzellan, Blattporzellanbehandlung.","og_url":"https:\/\/www.senemasli.com\/de\/mich-kennen-zu-lernen\/","og_site_name":"Zahn\u00e4rztin Senem Asl\u0131 Ek\u015fio\u011flu","article_publisher":"https:\/\/www.facebook.com\/D%c4%b0%c5%9e-HEK%c4%b0M%c4%b0-SENEM-ASLI-EK%c5%9e%c4%b0O%c4%9eLU-204782806266798","article_modified_time":"2022-05-22T19:45:24+00:00","og_image":[{"url":"https:\/\/www.senemasli.com\/wp-content\/uploads\/2021\/01\/dis-hekimi-senem-asli-eksioglu-bodrum-cover.jpg","type":"","width":"","height":""}],"twitter_card":"summary_large_image","twitter_title":"Kenne mich | Zahn\u00e4rztin Senem Asl\u0131 Ek\u015fio\u011flu","twitter_description":"Zahnarzt Senem Asl\u0131 Ek\u015fio\u011flu, mit 14 Jahren Erfahrung in Bodrum, Kieferorthop\u00e4die, Implantat, Zirkoniumporzellan, Blattporzellanbehandlung.","twitter_image":"https:\/\/www.senemasli.com\/wp-content\/uploads\/2021\/01\/dis-hekimi-senem-asli-eksioglu-bodrum-cover.jpg","twitter_misc":{"Gesch\u00e4tzte Lesezeit":"2\u00a0Minuten"},"schema":{"@context":"https:\/\/schema.org","@graph":[{"@type":"WebPage","@id":"https:\/\/www.senemasli.com\/de\/mich-kennen-zu-lernen\/","url":"https:\/\/www.senemasli.com\/de\/mich-kennen-zu-lernen\/","name":"Mich kennen zu lernen - Zahn\u00e4rztin Senem Asl\u0131 Ek\u015fio\u011flu","isPartOf":{"@id":"https:\/\/www.senemasli.com\/de\/#website"},"datePublished":"2021-01-27T19:31:06+00:00","dateModified":"2022-05-22T19:45:24+00:00","description":"Zahn\u00e4rztin Senem Asl\u0131 Ek\u015fio\u011flu, mit 14 Jahren Erfahrung in Bodrum, Kieferorthop\u00e4die, Implantat, Zirkoniumporzellan, Blattporzellanbehandlung.","breadcrumb":{"@id":"https:\/\/www.senemasli.com\/de\/mich-kennen-zu-lernen\/#breadcrumb"},"inLanguage":"de","potentialAction":[{"@type":"ReadAction","target":["https:\/\/www.senemasli.com\/de\/mich-kennen-zu-lernen\/"]}]},{"@type":"BreadcrumbList","@id":"https:\/\/www.senemasli.com\/de\/mich-kennen-zu-lernen\/#breadcrumb","itemListElement":[{"@type":"ListItem","position":1,"name":"Anasayfa","item":"https:\/\/www.senemasli.com\/de\/"},{"@type":"ListItem","position":2,"name":"Mich kennen zu lernen"}]},{"@type":"WebSite","@id":"https:\/\/www.senemasli.com\/de\/#website","url":"https:\/\/www.senemasli.com\/de\/","name":"Zahn\u00e4rztin Senem Asl\u0131 Ek\u015fio\u011flu","description":"Bodrum","publisher":{"@id":"https:\/\/www.senemasli.com\/de\/#organization"},"potentialAction":[{"@type":"SearchAction","target":{"@type":"EntryPoint","urlTemplate":"https:\/\/www.senemasli.com\/de\/?s={search_term_string}"},"query-input":{"@type":"PropertyValueSpecification","valueRequired":true,"valueName":"search_term_string"}}],"inLanguage":"de"},{"@type":"Organization","@id":"https:\/\/www.senemasli.com\/de\/#organization","name":"Zahn\u00e4rztin Senem Asl\u0131 Ek\u015fio\u011flu - Bodrum, Mu\u011fla","url":"https:\/\/www.senemasli.com\/de\/","logo":{"@type":"ImageObject","inLanguage":"de","@id":"https:\/\/www.senemasli.com\/de\/#\/schema\/logo\/image\/","url":"https:\/\/www.senemasli.com\/wp-content\/uploads\/2021\/01\/logo.png","contentUrl":"https:\/\/www.senemasli.com\/wp-content\/uploads\/2021\/01\/logo.png","width":344,"height":120,"caption":"Zahn\u00e4rztin Senem Asl\u0131 Ek\u015fio\u011flu - Bodrum, Mu\u011fla"},"image":{"@id":"https:\/\/www.senemasli.com\/de\/#\/schema\/logo\/image\/"},"sameAs":["https:\/\/www.facebook.com\/D\u0130\u015e-HEK\u0130M\u0130-SENEM-ASLI-EK\u015e\u0130O\u011eLU-204782806266798","https:\/\/www.instagram.com\/snmazoid\/","https:\/\/www.linkedin.com\/in\/senem-asl\u0131-ek\u015fio\u011flu-350235204\/"]}]}},"_links":{"self":[{"href":"https:\/\/www.senemasli.com\/de\/wp-json\/wp\/v2\/pages\/2453","targetHints":{"allow":["GET"]}}],"collection":[{"href":"https:\/\/www.senemasli.com\/de\/wp-json\/wp\/v2\/pages"}],"about":[{"href":"https:\/\/www.senemasli.com\/de\/wp-json\/wp\/v2\/types\/page"}],"author":[{"embeddable":true,"href":"https:\/\/www.senemasli.com\/de\/wp-json\/wp\/v2\/users\/1"}],"replies":[{"embeddable":true,"href":"https:\/\/www.senemasli.com\/de\/wp-json\/wp\/v2\/comments?post=2453"}],"version-history":[{"count":13,"href":"https:\/\/www.senemasli.com\/de\/wp-json\/wp\/v2\/pages\/2453\/revisions"}],"predecessor-version":[{"id":3908,"href":"https:\/\/www.senemasli.com\/de\/wp-json\/wp\/v2\/pages\/2453\/revisions\/3908"}],"wp:attachment":[{"href":"https:\/\/www.senemasli.com\/de\/wp-json\/wp\/v2\/media?parent=2453"}],"curies":[{"name":"wp","href":"https:\/\/api.w.org\/{rel}","templated":true}]}}