{"id":2133,"date":"2021-01-24T20:13:50","date_gmt":"2021-01-24T17:13:50","guid":{"rendered":"https:\/\/www.senemasli.com\/startseite\/"},"modified":"2024-12-18T01:34:59","modified_gmt":"2024-12-17T22:34:59","slug":"startseite","status":"publish","type":"page","link":"https:\/\/www.senemasli.com\/de\/","title":{"rendered":"Startseite"},"content":{"rendered":"<p>[vc_row css=&#8220;.vc_custom_1439796249329{margin-bottom: 0px !important;}&#8220;][vc_column][rev_slider_vc alias=&#8220;main_slider&#8220;][\/vc_column][\/vc_row][vc_row el_class=&#8220;overflowed_content&#8220; css=&#8220;.vc_custom_1439880673570{margin-bottom: 0px !important;}&#8220;][vc_column width=&#8220;1\/3&#8243; css=&#8220;.vc_custom_1439878727322{margin-top: -100px !important;padding-right: 0px !important;}&#8220;][stm_icon_box icon=&#8220;stm-icon-medical&#8220; style=&#8220;icon_right&#8220; icon_size=&#8220;110&#8243; animation=&#8220;enable&#8220; draw=&#8220;enable&#8220; draw_width=&#8220;80&#8243; icon_width=&#8220;100&#8243; title=&#8220;Zahnimplantate&#8220; css=&#8220;.vc_custom_1611204315128{padding-top: 45px !important;padding-right: 40px !important;padding-bottom: 45px !important;padding-left: 40px !important;}&#8220; link=&#8220;url:https%3A%2F%2Fwww.senemasli.com%2Fhizmetler%2Fdis-implantlari%2F|title:Di%C5%9F%20%C4%B0mplantlar%C4%B1&#8243; el_class=&#8220;base_background_color mobile_adaptive&#8220;]<\/p>\n<p class=\"p1\">Mit Implantaten werden fehlende Zahnprobleme mit einer langen Lebensdauer beseitigt, ohne dass Ihre gesunden Z\u00e4hne geschnitten werden.<\/p>\n<p>[\/stm_icon_box][\/vc_column][vc_column width=&#8220;1\/3&#8243; css=&#8220;.vc_custom_1439878731029{margin-top: -100px !important;padding-right: 0px !important;padding-left: 0px !important;}&#8220;][stm_icon_box icon=&#8220;stm-icon-tooth-2&#8243; style=&#8220;icon_right&#8220; icon_size=&#8220;110&#8243; animation=&#8220;enable&#8220; title=&#8220;Zirkoniumporzellan&#8220; css=&#8220;.vc_custom_1611204203167{padding-top: 45px !important;padding-right: 40px !important;padding-bottom: 45px !important;padding-left: 40px !important;}&#8220; link=&#8220;url:https%3A%2F%2Fwww.senemasli.com%2Fhizmetler%2Fzirkonyum-porselen%2F|title:Zirkonyum%20Porselen&#8220; el_class=&#8220;secondary_background_color mobile_adaptive&#8220;]<\/p>\n<p class=\"p1\">Porzellane aus Zirkoniummetall sind aufgrund ihrer Haltbarkeit und Lebensdauer eine gute Alternative zu Metallbr\u00fccken.<\/p>\n<p>[\/stm_icon_box][\/vc_column][vc_column width=&#8220;1\/3&#8243; css=&#8220;.vc_custom_1439878734259{margin-top: -100px !important;padding-left: 0px !important;}&#8220;][stm_icon_box icon=&#8220;stm-icon-tooth-3&#8243; style=&#8220;icon_right&#8220; icon_size=&#8220;110&#8243; animation=&#8220;enable&#8220; title=&#8220;Laminatfurnier&#8220; css=&#8220;.vc_custom_1611204267736{padding-top: 45px !important;padding-right: 40px !important;padding-bottom: 45px !important;padding-left: 40px !important;background-color: #4c6575 !important;}&#8220; link=&#8220;url:https%3A%2F%2Fwww.senemasli.com%2Fhizmetler%2Fas-dental-professionals-we-believe-in-preventive-dental-care%2F|title:Laminate%20Veener&#8220; el_class=&#8220;mobile_adaptive&#8220;]<\/p>\n<p class=\"p1\">Entdecken Sie Blattporzellane, den \u00e4sthetischsten zahnmedizinischen Ansatz f\u00fcr die \u00c4sthetik des L\u00e4chelns und das Design des L\u00e4chelns.<\/p>\n<p>[\/stm_icon_box][\/vc_column][\/vc_row][vc_row el_class=&#8220;table_block&#8220; css=&#8220;.vc_custom_1439899405856{margin-bottom: 0px !important;}&#8220;][vc_column width=&#8220;2\/3&#8243; css=&#8220;.vc_custom_1443254508274{padding-top: 50px !important;padding-bottom: 50px !important;}&#8220;][vc_custom_heading text=&#8220;Mich kennen zu lernen&#8220; font_container=&#8220;tag:h2|text_align:left|color:%234c4c4c&#8220; use_theme_fonts=&#8220;yes&#8220; css=&#8220;.vc_custom_1610100751733{margin-bottom: 20px !important;}&#8220;][vc_custom_heading text=&#8220;Treffen Sie sich mit dem Zahnarzt Senem Asl\u0131 Ek\u015fio\u011flu&#8220; font_container=&#8220;tag:div|font_size:30px|text_align:left|color:%23c2c2c2|line_height:40px&#8220; google_fonts=&#8220;font_family:Playfair%20Display%3Aregular%2Citalic%2C700%2C700italic%2C900%2C900italic|font_style:400%20italic%3A400%3Aitalic&#8220; css=&#8220;.vc_custom_1610100773143{margin-bottom: 30px !important;}&#8220;][vc_column_text]<\/p>\n<figure id=\"attachment_3806\" aria-describedby=\"caption-attachment-3806\" style=\"width: 300px\" class=\"wp-caption alignleft\"><img loading=\"lazy\" decoding=\"async\" class=\"full_width_mobile wp-image-3803 size-medium\" src=\"https:\/\/www.senemasli.com\/wp-content\/uploads\/2022\/05\/senem-05-300x221.jpg\" alt=\"Zahn\u00e4rztin Senem Asl\u0131 Ek\u015fio\u011flu, Bodrum\" width=\"300\" height=\"221\" srcset=\"https:\/\/www.senemasli.com\/wp-content\/uploads\/2022\/05\/senem-05-300x221.jpg 300w, https:\/\/www.senemasli.com\/wp-content\/uploads\/2022\/05\/senem-05-1024x753.jpg 1024w, https:\/\/www.senemasli.com\/wp-content\/uploads\/2022\/05\/senem-05-768x565.jpg 768w, https:\/\/www.senemasli.com\/wp-content\/uploads\/2022\/05\/senem-05.jpg 1200w\" sizes=\"auto, (max-width: 300px) 100vw, 300px\" \/><figcaption id=\"caption-attachment-3806\" class=\"wp-caption-text\">Zahn\u00e4rztin Senem Asl\u0131 Ek\u015fio\u011flu, Bodrum<\/figcaption><\/figure>\n<p>Ich wurde 1984 in Ankara geboren. Ich habe meine Grund-, Sekundar- und Oberschulausbildung am Ankara Ar\u0131 College und an der Ar\u0131 Science High School abgeschlossen.<br \/>\nIch habe 2007 meinen Abschluss an der Fakult\u00e4t f\u00fcr Zahnmedizin der Universit\u00e4t Ankara gemacht.<br \/>\nIch habe zwischen 2008 und 2020 meine eigene Praxis in Sakarya Karasu betrieben.<br \/>\nIm Oktober 2020 er\u00f6ffnete ich meine Klinik in Mu\u011fla Bodrum. Ich bin verheiratet und habe ein Kind.[\/vc_column_text][vc_btn title=&#8220;Weiterlesen&#8220; color=&#8220;juicy-pink&#8220; i_icon_fontawesome=&#8220;fas fa-glasses&#8220; add_icon=&#8220;true&#8220; link=&#8220;url:https%3A%2F%2Fwww.senemasli.com%2Fde%2Fmich-kennen-zu-lernen%2F|title:Uns%20kennen%20lernen|&#8220;][\/vc_column][vc_column width=&#8220;1\/3&#8243; css=&#8220;.vc_custom_1439899240148{padding-top: 50px !important;padding-right: 60px !important;padding-bottom: 70px !important;padding-left: 60px !important;background-color: #f6f6f6 !important;}&#8220;][stm_image_carousel images_to_show=&#8220;3&#8243; images_to_show_tablet=&#8220;4&#8243; images_to_show_mobile=&#8220;3&#8243; images=&#8220;1426,1427,1428,1429,1430,1431,1432,1433,1434,1435,1436,1437,1438,1439,1440,1441,1442,1443,1444,1445,3887&#8243; title=&#8220;Spezialisierungszertifikate&#8220; title_color=&#8220;#4c4c4c&#8220;][\/vc_column][\/vc_row][vc_row full_width=&#8220;stretch_row&#8220; css=&#8220;.vc_custom_1443254699136{margin-bottom: 0px !important;padding-top: 60px !important;padding-bottom: 40px !important;}&#8220; el_class=&#8220;base_background_color&#8220;][vc_column][vc_custom_heading text=&#8220;Mein Behandlungsansatz&#8220; font_container=&#8220;tag:h2|text_align:left|color:%23ffffff&#8220; use_theme_fonts=&#8220;yes&#8220; css=&#8220;.vc_custom_1610237748530{margin-bottom: 70px !important;}&#8220;][vc_row_inner][vc_column_inner width=&#8220;1\/2&#8243; offset=&#8220;vc_col-lg-3 vc_col-md-3&#8243; css=&#8220;.vc_custom_1443254710022{padding-bottom: 40px !important;}&#8220;][stm_icon_box title_font_size=&#8220;24&#8243; title_font_weight=&#8220;300&#8243; icon=&#8220;stm-icon-computer&#8220; icon_size=&#8220;52&#8243; icon_height=&#8220;90&#8243; title=&#8220;Personalisierte richtige Behandlung&#8220; link=&#8220;||&#8220; title_color=&#8220;#ffffff&#8220;]<\/p>\n<p class=\"p1\"><span style=\"font-weight: 400; color: #ebebeb;\">Mit meiner 16-j\u00e4hrigen Erfahrung ermittle ich die f\u00fcr Sie am besten geeigneten Behandlungsmethoden und stelle Ihnen Alternativen vor.<\/span><\/p>\n<p>[\/stm_icon_box][\/vc_column_inner][vc_column_inner width=&#8220;1\/2&#8243; offset=&#8220;vc_col-lg-3 vc_col-md-3&#8243; css=&#8220;.vc_custom_1443254718746{padding-bottom: 40px !important;}&#8220;][stm_icon_box title_font_size=&#8220;24&#8243; title_font_weight=&#8220;300&#8243; icon=&#8220;stm-icon-tooth-4&#8243; icon_size=&#8220;63&#8243; icon_height=&#8220;90&#8243; title=&#8220;Einsatz innovativer Technologie&#8220;]<\/p>\n<p class=\"p1\"><span style=\"color: #ebebeb;\">Ich verfolge st\u00e4ndig technologische Entwicklungen in Bezug auf meinen Beruf, Innovationen und f\u00fcge sie meinen Behandlungen hinzu.<\/span><\/p>\n<p>[\/stm_icon_box][\/vc_column_inner][vc_column_inner width=&#8220;1\/2&#8243; css=&#8220;.vc_custom_1443254731860{padding-bottom: 40px !important;}&#8220; offset=&#8220;vc_col-lg-3 vc_col-md-3&#8243;][stm_icon_box title_font_size=&#8220;24&#8243; title_font_weight=&#8220;300&#8243; icon=&#8220;stm-icon-tooth-5&#8243; icon_size=&#8220;54&#8243; icon_height=&#8220;90&#8243; title=&#8220;Bedingungslose Patientenzufriedenheit&#8220;]<\/p>\n<p class=\"p1\"><span style=\"color: #ebebeb;\">F\u00fcr mich ist es wichtig, dass Sie mit dem Service, den Sie von mir erhalten haben, zufrieden sind und eine langfristige L\u00f6sung finden.<\/span><\/p>\n<p>[\/stm_icon_box][\/vc_column_inner][vc_column_inner width=&#8220;1\/2&#8243; css=&#8220;.vc_custom_1443254742860{padding-bottom: 40px !important;}&#8220; offset=&#8220;vc_col-lg-3 vc_col-md-3&#8243;][stm_icon_box title_font_size=&#8220;24&#8243; title_font_weight=&#8220;300&#8243; icon=&#8220;stm-icon-sertificate&#8220; icon_size=&#8220;63&#8243; icon_height=&#8220;90&#8243; title=&#8220;Weiterbildung und Zertifizierung&#8220;]<\/p>\n<p class=\"p1\"><span style=\"color: #ebebeb;\">Ich verbessere mich in verschiedenen Bereichen der Zahnmedizin mit neuen Schulungen und Zertifikaten.<\/span><\/p>\n<p>[\/stm_icon_box][\/vc_column_inner][\/vc_row_inner][\/vc_column][\/vc_row][vc_row full_width=&#8220;stretch_row&#8220; css=&#8220;.vc_custom_1443264919324{margin-bottom: 60px !important;padding-top: 20px !important;padding-bottom: 20px !important;background-color: #4c6575 !important;}&#8220;][vc_column width=&#8220;1\/3&#8243; css=&#8220;.vc_custom_1443264932250{padding-top: 30px !important;padding-bottom: 30px !important;}&#8220;][stm_stats_counter counter_value=&#8220;19&#8243; title=&#8220;langj\u00e4hrige Erfahrung&#8220; font_color=&#8220;#ffffff&#8220; counter_width=&#8220;57&#8243;][\/vc_column][vc_column width=&#8220;1\/3&#8243; css=&#8220;.vc_custom_1443264937585{padding-top: 30px !important;padding-bottom: 30px !important;}&#8220;][stm_stats_counter counter_value=&#8220;46&#8243; title=&#8220;Konferenzteilnahme&#8220; font_color=&#8220;#ffffff&#8220; counter_width=&#8220;63&#8243;][\/vc_column][vc_column width=&#8220;1\/3&#8243; css=&#8220;.vc_custom_1443264948857{padding-top: 30px !important;padding-bottom: 30px !important;}&#8220;][stm_stats_counter counter_value=&#8220;21&#8243; title=&#8220;Zertifikat des Fachwissens&#8220; font_color=&#8220;#ffffff&#8220; counter_width=&#8220;58&#8243;][\/vc_column][\/vc_row][vc_row css=&#8220;.vc_custom_1616774798882{margin-bottom: 70px !important;}&#8220;][vc_column][stm_testimonials count=&#8220;8&#8243; testimonials_to_show=&#8220;3&#8243; title=&#8220;Patientenkommentare&#8220;][\/vc_column][\/vc_row][vc_row full_width=&#8220;stretch_row_content_no_spaces&#8220; css=&#8220;.vc_custom_1616773094211{margin-bottom: 0px !important;}&#8220;][vc_column][stm_gmap map_zoom=&#8220;15&#8243; disable_mouse_whell=&#8220;disable&#8220; lat=&#8220;37.0465071&#8243; lng=&#8220;27.3915033&#8243;][\/vc_column][\/vc_row][vc_row css=&#8220;.vc_custom_1440502646613{margin-bottom: 0px !important;}&#8220;][vc_column width=&#8220;2\/3&#8243;][vc_column_text][\/vc_column_text][\/vc_column][vc_column width=&#8220;1\/3&#8243; css=&#8220;.vc_custom_1443266080216{margin-top: -462px !important;}&#8220; el_class=&#8220;base_background_color&#8220;][stm_contacts_widget address=&#8220;Konac\u0131k Mahallesi Kanuni Sultan S\u00fcleyman Cad. No 57\/A-3 (Sat\u0131o\u011flu \u0130\u015f Merkezi) Bodrum\/Mu\u011fla&#8220; email=&#8220;info@senemasli.com&#8220; phone=&#8220;+90 252 317 29 79 +90 530 052 50 48&#8243; hours=&#8220;Pzt &#8211; Cmt 10.00 &#8211; 18.00 Pazar KAPALI&#8220; css=&#8220;.vc_custom_1610047359203{padding-top: 52px !important;padding-right: 35px !important;padding-bottom: 53px !important;padding-left: 35px !important;}&#8220;][\/vc_column][\/vc_row]<\/p>\n","protected":false},"excerpt":{"rendered":"<p>[vc_row css=&#8220;.vc_custom_1439796249329{margin-bottom: 0px !important;}&#8220;][vc_column][rev_slider_vc alias=&#8220;main_slider&#8220;][\/vc_column][\/vc_row][vc_row el_class=&#8220;overflowed_content&#8220; css=&#8220;.vc_custom_1439880673570{margin-bottom: 0px !important;}&#8220;][vc_column width=&#8220;1\/3&#8243; css=&#8220;.vc_custom_1439878727322{margin-top: -100px !important;padding-right: 0px !important;}&#8220;][stm_icon_box icon=&#8220;stm-icon-medical&#8220; style=&#8220;icon_right&#8220; icon_size=&#8220;110&#8243; animation=&#8220;enable&#8220; draw=&#8220;enable&#8220; draw_width=&#8220;80&#8243; icon_width=&#8220;100&#8243; title=&#8220;Zahnimplantate&#8220; css=&#8220;.vc_custom_1611204315128{padding-top: 45px !important;padding-right: 40px !important;padding-bottom: 45px !important;padding-left: 40px !important;}&#8220; link=&#8220;url:https%3A%2F%2Fwww.senemasli.com%2Fhizmetler%2Fdis-implantlari%2F|title:Di%C5%9F%20%C4%B0mplantlar%C4%B1&#8243; el_class=&#8220;base_background_color mobile_adaptive&#8220;] Mit Implantaten werden fehlende Zahnprobleme mit einer langen Lebensdauer beseitigt, ohne dass Ihre gesunden Z\u00e4hne geschnitten werden. [\/stm_icon_box][\/vc_column][vc_column width=&#8220;1\/3&#8243; css=&#8220;.vc_custom_1439878731029{margin-top:&#8230;<\/p>\n","protected":false},"author":1,"featured_media":0,"parent":0,"menu_order":0,"comment_status":"closed","ping_status":"closed","template":"","meta":{"footnotes":""},"class_list":["post-2133","page","type-page","status-publish","hentry"],"yoast_head":"<!-- This site is optimized with the Yoast SEO plugin v24.2 - https:\/\/yoast.com\/wordpress\/plugins\/seo\/ -->\n<title>Zahn\u00e4rztin Senem Asl\u0131 Ek\u015fio\u011flu - Bodrum, Mu\u011fla<\/title>\n<meta name=\"description\" content=\"Bodrum Zahnarzt Senem Asl\u0131 Ek\u015fio\u011flu. Kieferorthop\u00e4die, Implantat, Blattporzellan, Kieferorthop\u00e4die f\u00fcr Kinder, F\u00fcllung, Wurzelkanalbehandlung in Bodrum ...\" \/>\n<meta name=\"robots\" content=\"index, follow, max-snippet:-1, max-image-preview:large, max-video-preview:-1\" \/>\n<link rel=\"canonical\" href=\"https:\/\/www.senemasli.com\/de\/\" \/>\n<meta property=\"og:locale\" content=\"de_DE\" \/>\n<meta property=\"og:type\" content=\"article\" \/>\n<meta property=\"og:title\" content=\"Zahnarzt Senem Asl\u0131 Ek\u015fio\u011flu | Bodrum, Mugla\" \/>\n<meta property=\"og:description\" content=\"Bodrum Zahnarzt Senem Asl\u0131 Ek\u015fio\u011flu. Kieferorthop\u00e4die, Implantat, Blattporzellan, Kieferorthop\u00e4die f\u00fcr Kinder, F\u00fcllung, Wurzelkanalbehandlung in Bodrum ...\" \/>\n<meta property=\"og:url\" content=\"https:\/\/www.senemasli.com\/de\/\" \/>\n<meta property=\"og:site_name\" content=\"Zahn\u00e4rztin Senem Asl\u0131 Ek\u015fio\u011flu\" \/>\n<meta property=\"article:publisher\" content=\"https:\/\/www.facebook.com\/D%c4%b0%c5%9e-HEK%c4%b0M%c4%b0-SENEM-ASLI-EK%c5%9e%c4%b0O%c4%9eLU-204782806266798\" \/>\n<meta property=\"article:modified_time\" content=\"2024-12-17T22:34:59+00:00\" \/>\n<meta property=\"og:image\" content=\"https:\/\/www.senemasli.com\/wp-content\/uploads\/2021\/01\/dis-hekimi-senem-asli-eksioglu-bodrum-cover.jpg\" \/>\n<meta name=\"twitter:card\" content=\"summary_large_image\" \/>\n<meta name=\"twitter:title\" content=\"Zahnarzt Senem Asl\u0131 Ek\u015fio\u011flu | Bodrum, Mugla\" \/>\n<meta name=\"twitter:description\" content=\"Bodrum Zahnarzt Senem Asl\u0131 Ek\u015fio\u011flu. Kieferorthop\u00e4die, Implantat, Blattporzellan, Kieferorthop\u00e4die f\u00fcr Kinder, F\u00fcllung, Wurzelkanalbehandlung in Bodrum ...\" \/>\n<meta name=\"twitter:image\" content=\"https:\/\/www.senemasli.com\/wp-content\/uploads\/2021\/01\/dis-hekimi-senem-asli-eksioglu-bodrum-cover.jpg\" \/>\n<meta name=\"twitter:label1\" content=\"Gesch\u00e4tzte Lesezeit\" \/>\n\t<meta name=\"twitter:data1\" content=\"4\u00a0Minuten\" \/>\n<script type=\"application\/ld+json\" class=\"yoast-schema-graph\">{\"@context\":\"https:\/\/schema.org\",\"@graph\":[{\"@type\":\"WebPage\",\"@id\":\"https:\/\/www.senemasli.com\/de\/\",\"url\":\"https:\/\/www.senemasli.com\/de\/\",\"name\":\"Zahn\u00e4rztin Senem Asl\u0131 Ek\u015fio\u011flu - Bodrum, Mu\u011fla\",\"isPartOf\":{\"@id\":\"https:\/\/www.senemasli.com\/de\/#website\"},\"primaryImageOfPage\":{\"@id\":\"https:\/\/www.senemasli.com\/de\/#primaryimage\"},\"image\":{\"@id\":\"https:\/\/www.senemasli.com\/de\/#primaryimage\"},\"thumbnailUrl\":\"https:\/\/www.senemasli.com\/wp-content\/uploads\/2022\/05\/senem-05-300x221.jpg\",\"datePublished\":\"2021-01-24T17:13:50+00:00\",\"dateModified\":\"2024-12-17T22:34:59+00:00\",\"description\":\"Bodrum Zahnarzt Senem Asl\u0131 Ek\u015fio\u011flu. Kieferorthop\u00e4die, Implantat, Blattporzellan, Kieferorthop\u00e4die f\u00fcr Kinder, F\u00fcllung, Wurzelkanalbehandlung in Bodrum ...\",\"breadcrumb\":{\"@id\":\"https:\/\/www.senemasli.com\/de\/#breadcrumb\"},\"inLanguage\":\"de\",\"potentialAction\":[{\"@type\":\"ReadAction\",\"target\":[\"https:\/\/www.senemasli.com\/de\/\"]}]},{\"@type\":\"ImageObject\",\"inLanguage\":\"de\",\"@id\":\"https:\/\/www.senemasli.com\/de\/#primaryimage\",\"url\":\"https:\/\/www.senemasli.com\/wp-content\/uploads\/2022\/05\/senem-05-300x221.jpg\",\"contentUrl\":\"https:\/\/www.senemasli.com\/wp-content\/uploads\/2022\/05\/senem-05-300x221.jpg\"},{\"@type\":\"BreadcrumbList\",\"@id\":\"https:\/\/www.senemasli.com\/de\/#breadcrumb\",\"itemListElement\":[{\"@type\":\"ListItem\",\"position\":1,\"name\":\"Anasayfa\",\"item\":\"https:\/\/www.senemasli.com\/de\/\"},{\"@type\":\"ListItem\",\"position\":2,\"name\":\"Startseite\"}]},{\"@type\":\"WebSite\",\"@id\":\"https:\/\/www.senemasli.com\/de\/#website\",\"url\":\"https:\/\/www.senemasli.com\/de\/\",\"name\":\"Zahn\u00e4rztin Senem Asl\u0131 Ek\u015fio\u011flu\",\"description\":\"Bodrum\",\"publisher\":{\"@id\":\"https:\/\/www.senemasli.com\/de\/#organization\"},\"potentialAction\":[{\"@type\":\"SearchAction\",\"target\":{\"@type\":\"EntryPoint\",\"urlTemplate\":\"https:\/\/www.senemasli.com\/de\/?s={search_term_string}\"},\"query-input\":{\"@type\":\"PropertyValueSpecification\",\"valueRequired\":true,\"valueName\":\"search_term_string\"}}],\"inLanguage\":\"de\"},{\"@type\":\"Organization\",\"@id\":\"https:\/\/www.senemasli.com\/de\/#organization\",\"name\":\"Zahn\u00e4rztin Senem Asl\u0131 Ek\u015fio\u011flu - Bodrum, Mu\u011fla\",\"url\":\"https:\/\/www.senemasli.com\/de\/\",\"logo\":{\"@type\":\"ImageObject\",\"inLanguage\":\"de\",\"@id\":\"https:\/\/www.senemasli.com\/de\/#\/schema\/logo\/image\/\",\"url\":\"https:\/\/www.senemasli.com\/wp-content\/uploads\/2021\/01\/logo.png\",\"contentUrl\":\"https:\/\/www.senemasli.com\/wp-content\/uploads\/2021\/01\/logo.png\",\"width\":344,\"height\":120,\"caption\":\"Zahn\u00e4rztin Senem Asl\u0131 Ek\u015fio\u011flu - Bodrum, Mu\u011fla\"},\"image\":{\"@id\":\"https:\/\/www.senemasli.com\/de\/#\/schema\/logo\/image\/\"},\"sameAs\":[\"https:\/\/www.facebook.com\/D\u0130\u015e-HEK\u0130M\u0130-SENEM-ASLI-EK\u015e\u0130O\u011eLU-204782806266798\",\"https:\/\/www.instagram.com\/snmazoid\/\",\"https:\/\/www.linkedin.com\/in\/senem-asl\u0131-ek\u015fio\u011flu-350235204\/\"]}]}<\/script>\n<!-- \/ Yoast SEO plugin. -->","yoast_head_json":{"title":"Zahn\u00e4rztin Senem Asl\u0131 Ek\u015fio\u011flu - Bodrum, Mu\u011fla","description":"Bodrum Zahnarzt Senem Asl\u0131 Ek\u015fio\u011flu. Kieferorthop\u00e4die, Implantat, Blattporzellan, Kieferorthop\u00e4die f\u00fcr Kinder, F\u00fcllung, Wurzelkanalbehandlung in Bodrum ...","robots":{"index":"index","follow":"follow","max-snippet":"max-snippet:-1","max-image-preview":"max-image-preview:large","max-video-preview":"max-video-preview:-1"},"canonical":"https:\/\/www.senemasli.com\/de\/","og_locale":"de_DE","og_type":"article","og_title":"Zahnarzt Senem Asl\u0131 Ek\u015fio\u011flu | Bodrum, Mugla","og_description":"Bodrum Zahnarzt Senem Asl\u0131 Ek\u015fio\u011flu. Kieferorthop\u00e4die, Implantat, Blattporzellan, Kieferorthop\u00e4die f\u00fcr Kinder, F\u00fcllung, Wurzelkanalbehandlung in Bodrum ...","og_url":"https:\/\/www.senemasli.com\/de\/","og_site_name":"Zahn\u00e4rztin Senem Asl\u0131 Ek\u015fio\u011flu","article_publisher":"https:\/\/www.facebook.com\/D%c4%b0%c5%9e-HEK%c4%b0M%c4%b0-SENEM-ASLI-EK%c5%9e%c4%b0O%c4%9eLU-204782806266798","article_modified_time":"2024-12-17T22:34:59+00:00","og_image":[{"url":"https:\/\/www.senemasli.com\/wp-content\/uploads\/2021\/01\/dis-hekimi-senem-asli-eksioglu-bodrum-cover.jpg","type":"","width":"","height":""}],"twitter_card":"summary_large_image","twitter_title":"Zahnarzt Senem Asl\u0131 Ek\u015fio\u011flu | Bodrum, Mugla","twitter_description":"Bodrum Zahnarzt Senem Asl\u0131 Ek\u015fio\u011flu. Kieferorthop\u00e4die, Implantat, Blattporzellan, Kieferorthop\u00e4die f\u00fcr Kinder, F\u00fcllung, Wurzelkanalbehandlung in Bodrum ...","twitter_image":"https:\/\/www.senemasli.com\/wp-content\/uploads\/2021\/01\/dis-hekimi-senem-asli-eksioglu-bodrum-cover.jpg","twitter_misc":{"Gesch\u00e4tzte Lesezeit":"4\u00a0Minuten"},"schema":{"@context":"https:\/\/schema.org","@graph":[{"@type":"WebPage","@id":"https:\/\/www.senemasli.com\/de\/","url":"https:\/\/www.senemasli.com\/de\/","name":"Zahn\u00e4rztin Senem Asl\u0131 Ek\u015fio\u011flu - Bodrum, Mu\u011fla","isPartOf":{"@id":"https:\/\/www.senemasli.com\/de\/#website"},"primaryImageOfPage":{"@id":"https:\/\/www.senemasli.com\/de\/#primaryimage"},"image":{"@id":"https:\/\/www.senemasli.com\/de\/#primaryimage"},"thumbnailUrl":"https:\/\/www.senemasli.com\/wp-content\/uploads\/2022\/05\/senem-05-300x221.jpg","datePublished":"2021-01-24T17:13:50+00:00","dateModified":"2024-12-17T22:34:59+00:00","description":"Bodrum Zahnarzt Senem Asl\u0131 Ek\u015fio\u011flu. Kieferorthop\u00e4die, Implantat, Blattporzellan, Kieferorthop\u00e4die f\u00fcr Kinder, F\u00fcllung, Wurzelkanalbehandlung in Bodrum ...","breadcrumb":{"@id":"https:\/\/www.senemasli.com\/de\/#breadcrumb"},"inLanguage":"de","potentialAction":[{"@type":"ReadAction","target":["https:\/\/www.senemasli.com\/de\/"]}]},{"@type":"ImageObject","inLanguage":"de","@id":"https:\/\/www.senemasli.com\/de\/#primaryimage","url":"https:\/\/www.senemasli.com\/wp-content\/uploads\/2022\/05\/senem-05-300x221.jpg","contentUrl":"https:\/\/www.senemasli.com\/wp-content\/uploads\/2022\/05\/senem-05-300x221.jpg"},{"@type":"BreadcrumbList","@id":"https:\/\/www.senemasli.com\/de\/#breadcrumb","itemListElement":[{"@type":"ListItem","position":1,"name":"Anasayfa","item":"https:\/\/www.senemasli.com\/de\/"},{"@type":"ListItem","position":2,"name":"Startseite"}]},{"@type":"WebSite","@id":"https:\/\/www.senemasli.com\/de\/#website","url":"https:\/\/www.senemasli.com\/de\/","name":"Zahn\u00e4rztin Senem Asl\u0131 Ek\u015fio\u011flu","description":"Bodrum","publisher":{"@id":"https:\/\/www.senemasli.com\/de\/#organization"},"potentialAction":[{"@type":"SearchAction","target":{"@type":"EntryPoint","urlTemplate":"https:\/\/www.senemasli.com\/de\/?s={search_term_string}"},"query-input":{"@type":"PropertyValueSpecification","valueRequired":true,"valueName":"search_term_string"}}],"inLanguage":"de"},{"@type":"Organization","@id":"https:\/\/www.senemasli.com\/de\/#organization","name":"Zahn\u00e4rztin Senem Asl\u0131 Ek\u015fio\u011flu - Bodrum, Mu\u011fla","url":"https:\/\/www.senemasli.com\/de\/","logo":{"@type":"ImageObject","inLanguage":"de","@id":"https:\/\/www.senemasli.com\/de\/#\/schema\/logo\/image\/","url":"https:\/\/www.senemasli.com\/wp-content\/uploads\/2021\/01\/logo.png","contentUrl":"https:\/\/www.senemasli.com\/wp-content\/uploads\/2021\/01\/logo.png","width":344,"height":120,"caption":"Zahn\u00e4rztin Senem Asl\u0131 Ek\u015fio\u011flu - Bodrum, Mu\u011fla"},"image":{"@id":"https:\/\/www.senemasli.com\/de\/#\/schema\/logo\/image\/"},"sameAs":["https:\/\/www.facebook.com\/D\u0130\u015e-HEK\u0130M\u0130-SENEM-ASLI-EK\u015e\u0130O\u011eLU-204782806266798","https:\/\/www.instagram.com\/snmazoid\/","https:\/\/www.linkedin.com\/in\/senem-asl\u0131-ek\u015fio\u011flu-350235204\/"]}]}},"_links":{"self":[{"href":"https:\/\/www.senemasli.com\/de\/wp-json\/wp\/v2\/pages\/2133","targetHints":{"allow":["GET"]}}],"collection":[{"href":"https:\/\/www.senemasli.com\/de\/wp-json\/wp\/v2\/pages"}],"about":[{"href":"https:\/\/www.senemasli.com\/de\/wp-json\/wp\/v2\/types\/page"}],"author":[{"embeddable":true,"href":"https:\/\/www.senemasli.com\/de\/wp-json\/wp\/v2\/users\/1"}],"replies":[{"embeddable":true,"href":"https:\/\/www.senemasli.com\/de\/wp-json\/wp\/v2\/comments?post=2133"}],"version-history":[{"count":31,"href":"https:\/\/www.senemasli.com\/de\/wp-json\/wp\/v2\/pages\/2133\/revisions"}],"predecessor-version":[{"id":4131,"href":"https:\/\/www.senemasli.com\/de\/wp-json\/wp\/v2\/pages\/2133\/revisions\/4131"}],"wp:attachment":[{"href":"https:\/\/www.senemasli.com\/de\/wp-json\/wp\/v2\/media?parent=2133"}],"curies":[{"name":"wp","href":"https:\/\/api.w.org\/{rel}","templated":true}]}}